{"id":124159,"date":"2025-03-31T08:24:03","date_gmt":"2025-03-31T08:24:03","guid":{"rendered":"https:\/\/store.evolve-fitness.eu\/?post_type=product&#038;p=124159"},"modified":"2026-03-18T12:00:41","modified_gmt":"2026-03-18T12:00:41","slug":"evolve-econ-series-plate-loaded-squat-squat-charge-de-plaques","status":"publish","type":"product","link":"https:\/\/store.evolve-fitness.eu\/fr\/produit\/evolve-econ-series-plate-loaded-squat-squat-charge-de-plaques\/","title":{"rendered":"Evolve Econ Series Plate Loaded Squat (EC-041)"},"content":{"rendered":"\n<section class=\"wp-block-group alignfull black-content has-white-color has-darkgray-background-color has-text-color has-background is-layout-constrained wp-block-group-is-layout-constrained\" style=\"padding-top:var(--wp--preset--spacing--section-bottom);padding-bottom:var(--wp--preset--spacing--section-bottom)\">\n<div class=\"wp-block-columns alignwide mobile-reverse is-layout-flex wp-container-core-columns-is-layout-ca64bf2d wp-block-columns-is-layout-flex\" style=\"margin-bottom:var(--wp--preset--spacing--side-padding)\">\n<div class=\"wp-block-column is-vertically-aligned-center is-layout-flow wp-block-column-is-layout-flow\">\n<h3 class=\"wp-block-heading\" style=\"margin-bottom:var(--wp--preset--spacing--h-3-bottom)\"><strong><strong><strong><strong><strong><strong><strong><strong><strong><strong>Entra\u00eenement efficace du bas du corps avec des mouvements naturels<\/strong><\/strong><\/strong><\/strong><\/strong><\/strong><\/strong><\/strong><\/strong><\/strong><\/h3>\n\n\n\n<p>L&rsquo;appareil de squat EV-PL-EC-041 de la s\u00e9rie Evolve Econ est con\u00e7u pour offrir un entra\u00eenement cibl\u00e9 et contr\u00f4l\u00e9 du bas du corps. Con\u00e7ue pour simuler la biom\u00e9canique d&rsquo;un squat naturel, cette machine permet aux utilisateurs de renforcer les quadriceps, les ischio-jambiers, les fessiers et les mollets tout en maintenant une posture correcte et en r\u00e9duisant les contraintes articulaires. Il s&rsquo;agit d&rsquo;un compl\u00e9ment id\u00e9al pour les environnements d&rsquo;entra\u00eenement ax\u00e9s sur la force qui privil\u00e9gient des performances s\u00fbres et efficaces.  <\/p>\n<\/div>\n\n\n\n<div class=\"wp-block-column is-vertically-aligned-center is-layout-flow wp-block-column-is-layout-flow\">\n<figure class=\"wp-block-image size-large\"><img loading=\"lazy\" decoding=\"async\" width=\"1024\" height=\"1024\" src=\"https:\/\/store.evolve-fitness.eu\/wp-content\/uploads\/2025\/03\/Dizainas-be-pavadinimo-26-4-1024x1024.png\" alt=\"\" class=\"wp-image-124248\" srcset=\"https:\/\/store.evolve-fitness.eu\/wp-content\/uploads\/2025\/03\/Dizainas-be-pavadinimo-26-4-1024x1024.png 1024w, https:\/\/store.evolve-fitness.eu\/wp-content\/uploads\/2025\/03\/Dizainas-be-pavadinimo-26-4-300x300.png 300w, https:\/\/store.evolve-fitness.eu\/wp-content\/uploads\/2025\/03\/Dizainas-be-pavadinimo-26-4-150x150.png 150w, https:\/\/store.evolve-fitness.eu\/wp-content\/uploads\/2025\/03\/Dizainas-be-pavadinimo-26-4-768x768.png 768w, https:\/\/store.evolve-fitness.eu\/wp-content\/uploads\/2025\/03\/Dizainas-be-pavadinimo-26-4-1536x1536.png 1536w, https:\/\/store.evolve-fitness.eu\/wp-content\/uploads\/2025\/03\/Dizainas-be-pavadinimo-26-4-2048x2048.png 2048w, https:\/\/store.evolve-fitness.eu\/wp-content\/uploads\/2025\/03\/Dizainas-be-pavadinimo-26-4-600x600.png 600w, https:\/\/store.evolve-fitness.eu\/wp-content\/uploads\/2025\/03\/Dizainas-be-pavadinimo-26-4-100x100.png 100w\" sizes=\"auto, (max-width: 1024px) 100vw, 1024px\" \/><\/figure>\n<\/div>\n<\/div>\n\n\n\n<div class=\"wp-block-columns alignwide is-layout-flex wp-container-core-columns-is-layout-c45ee707 wp-block-columns-is-layout-flex\" style=\"margin-bottom:var(--wp--preset--spacing--side-padding);padding-top:var(--wp--preset--spacing--side-padding)\">\n<div class=\"wp-block-column is-vertically-aligned-center is-layout-flow wp-block-column-is-layout-flow\">\n<figure class=\"wp-block-image size-large\"><img loading=\"lazy\" decoding=\"async\" width=\"1024\" height=\"1024\" src=\"https:\/\/store.evolve-fitness.eu\/wp-content\/uploads\/2025\/03\/Dizainas-be-pavadinimo-26-4-1024x1024.png\" alt=\"\" class=\"wp-image-124248\" srcset=\"https:\/\/store.evolve-fitness.eu\/wp-content\/uploads\/2025\/03\/Dizainas-be-pavadinimo-26-4-1024x1024.png 1024w, https:\/\/store.evolve-fitness.eu\/wp-content\/uploads\/2025\/03\/Dizainas-be-pavadinimo-26-4-300x300.png 300w, https:\/\/store.evolve-fitness.eu\/wp-content\/uploads\/2025\/03\/Dizainas-be-pavadinimo-26-4-150x150.png 150w, https:\/\/store.evolve-fitness.eu\/wp-content\/uploads\/2025\/03\/Dizainas-be-pavadinimo-26-4-768x768.png 768w, https:\/\/store.evolve-fitness.eu\/wp-content\/uploads\/2025\/03\/Dizainas-be-pavadinimo-26-4-1536x1536.png 1536w, https:\/\/store.evolve-fitness.eu\/wp-content\/uploads\/2025\/03\/Dizainas-be-pavadinimo-26-4-2048x2048.png 2048w, https:\/\/store.evolve-fitness.eu\/wp-content\/uploads\/2025\/03\/Dizainas-be-pavadinimo-26-4-600x600.png 600w, https:\/\/store.evolve-fitness.eu\/wp-content\/uploads\/2025\/03\/Dizainas-be-pavadinimo-26-4-100x100.png 100w\" sizes=\"auto, (max-width: 1024px) 100vw, 1024px\" \/><\/figure>\n<\/div>\n\n\n\n<div class=\"wp-block-column is-vertically-aligned-center is-layout-constrained wp-block-column-is-layout-constrained\">\n<h3 class=\"wp-block-heading\" style=\"margin-bottom:var(--wp--preset--spacing--h-3-bottom)\"><strong><strong><strong><strong><strong><strong><strong><strong><strong><strong>Construction stable et r\u00e9sistance \u00e0 la charge de la plaque en douceur<\/strong><\/strong><\/strong><\/strong><\/strong><\/strong><\/strong><\/strong><\/strong><\/strong><\/h3>\n\n\n\n<p>Construit avec un cadre en acier robuste et recouvert d&rsquo;un rev\u00eatement en poudre durable, l&rsquo;EV-PL-EC-041 offre durabilit\u00e9 et stabilit\u00e9 pendant les s\u00e9ances d&rsquo;entra\u00eenement intenses. Le m\u00e9canisme \u00e0 plaques offre une r\u00e9sistance r\u00e9glable, tandis que le dossier et les \u00e9pauli\u00e8res ergonomiques garantissent le confort et l&rsquo;alignement. La grande plate-forme antid\u00e9rapante pour les pieds permet d&rsquo;adopter diff\u00e9rentes positions, ce qui permet de cibler efficacement des groupes musculaires sp\u00e9cifiques.  <\/p>\n<\/div>\n<\/div>\n\n\n\n<p class=\"has-text-align-center has-medium-2-font-size\" style=\"padding-top:var(--wp--preset--spacing--tb-padding);padding-bottom:var(--wp--preset--spacing--tb-padding)\"><\/p>\n<\/section>\n","protected":false},"excerpt":{"rendered":"<p>L&rsquo;appareil de squat EV-PL-EC-041 de la s\u00e9rie Evolve Econ est con\u00e7u pour offrir un entra\u00eenement cibl\u00e9 et contr\u00f4l\u00e9 du bas du corps. Con\u00e7ue pour simuler la biom\u00e9canique d&rsquo;un squat naturel, cette machine permet aux utilisateurs de renforcer les quadriceps, les ischio-jambiers, les fessiers et les mollets tout en maintenant une posture correcte et en r\u00e9duisant les contraintes articulaires. Il s&rsquo;agit d&rsquo;un compl\u00e9ment id\u00e9al pour les environnements d&rsquo;entra\u00eenement ax\u00e9s sur la force qui privil\u00e9gient des performances s\u00fbres et efficaces.<\/p>\n","protected":false},"featured_media":124181,"template":"","meta":{"_acf_changed":false,"inline_featured_image":false},"product_cat":[1192,780],"product_tag":[],"class_list":{"0":"post-124159","1":"product","2":"type-product","3":"status-publish","4":"has-post-thumbnail","6":"product_cat-econ-series-plate-loaded-fr","7":"product_cat-machines-a-plateau","9":"first","10":"instock","11":"shipping-taxable","12":"purchasable","13":"product-type-simple"},"acf":[],"_links":{"self":[{"href":"https:\/\/store.evolve-fitness.eu\/fr\/wp-json\/wp\/v2\/product\/124159","targetHints":{"allow":["GET"]}}],"collection":[{"href":"https:\/\/store.evolve-fitness.eu\/fr\/wp-json\/wp\/v2\/product"}],"about":[{"href":"https:\/\/store.evolve-fitness.eu\/fr\/wp-json\/wp\/v2\/types\/product"}],"wp:featuredmedia":[{"embeddable":true,"href":"https:\/\/store.evolve-fitness.eu\/fr\/wp-json\/wp\/v2\/media\/124181"}],"wp:attachment":[{"href":"https:\/\/store.evolve-fitness.eu\/fr\/wp-json\/wp\/v2\/media?parent=124159"}],"wp:term":[{"taxonomy":"product_cat","embeddable":true,"href":"https:\/\/store.evolve-fitness.eu\/fr\/wp-json\/wp\/v2\/product_cat?post=124159"},{"taxonomy":"product_tag","embeddable":true,"href":"https:\/\/store.evolve-fitness.eu\/fr\/wp-json\/wp\/v2\/product_tag?post=124159"}],"curies":[{"name":"wp","href":"https:\/\/api.w.org\/{rel}","templated":true}]}}