{"id":123254,"date":"2025-03-27T12:37:18","date_gmt":"2025-03-27T12:37:18","guid":{"rendered":"https:\/\/store.evolve-fitness.eu\/?post_type=product&#038;p=123254"},"modified":"2026-04-24T12:01:11","modified_gmt":"2026-04-24T12:01:11","slug":"support-de-poignees-evolve-gym-1","status":"publish","type":"product","link":"https:\/\/store.evolve-fitness.eu\/fr\/produit\/support-de-poignees-evolve-gym-1\/","title":{"rendered":"Support de poign\u00e9es Evolve Gym"},"content":{"rendered":"\n<section class=\"wp-block-group alignfull black-content has-white-color has-darkgray-background-color has-text-color has-background is-layout-constrained wp-block-group-is-layout-constrained\" style=\"padding-top:var(--wp--preset--spacing--section-bottom);padding-bottom:var(--wp--preset--spacing--section-bottom)\">\n<div class=\"wp-block-columns alignwide mobile-reverse is-layout-flex wp-container-core-columns-is-layout-ca64bf2d wp-block-columns-is-layout-flex\" style=\"margin-bottom:var(--wp--preset--spacing--side-padding)\">\n<div class=\"wp-block-column is-vertically-aligned-center is-layout-flow wp-block-column-is-layout-flow\">\n<h3 class=\"wp-block-heading\" style=\"margin-bottom:var(--wp--preset--spacing--h-3-bottom)\">Gardez-le propre, gardez-le moyen<\/h3>\n\n\n\n<p>Organisez votre espace de gym comme un pro avec le <strong>support de poign\u00e9es Evolve Gym<\/strong> &#8211; la solution de stockage parfaite pour garder votre zone d&rsquo;entra\u00eenement ordonn\u00e9e, s\u00fbre et efficace. Con\u00e7u sp\u00e9cialement pour les poign\u00e9es, les cordes et les accessoires, ce support compact permet d&rsquo;\u00e9viter l&rsquo;encombrement tout en s&rsquo;assurant que votre mat\u00e9riel est toujours \u00e0 port\u00e9e de main. <\/p>\n<\/div>\n\n\n\n<div class=\"wp-block-column is-vertically-aligned-center is-layout-flow wp-block-column-is-layout-flow\">\n<figure class=\"wp-block-image size-large is-style-rounded\"><img loading=\"lazy\" decoding=\"async\" width=\"1024\" height=\"683\" src=\"https:\/\/store.evolve-fitness.eu\/wp-content\/uploads\/2025\/03\/EV-RS-GH-020-Evolve-Gym-Handles-Rack-6-1024x683.jpg\" alt=\"\" class=\"wp-image-123268\" srcset=\"https:\/\/store.evolve-fitness.eu\/wp-content\/uploads\/2025\/03\/EV-RS-GH-020-Evolve-Gym-Handles-Rack-6-1024x683.jpg 1024w, https:\/\/store.evolve-fitness.eu\/wp-content\/uploads\/2025\/03\/EV-RS-GH-020-Evolve-Gym-Handles-Rack-6-300x200.jpg 300w, https:\/\/store.evolve-fitness.eu\/wp-content\/uploads\/2025\/03\/EV-RS-GH-020-Evolve-Gym-Handles-Rack-6-768x512.jpg 768w, https:\/\/store.evolve-fitness.eu\/wp-content\/uploads\/2025\/03\/EV-RS-GH-020-Evolve-Gym-Handles-Rack-6-1536x1024.jpg 1536w, https:\/\/store.evolve-fitness.eu\/wp-content\/uploads\/2025\/03\/EV-RS-GH-020-Evolve-Gym-Handles-Rack-6-2048x1365.jpg 2048w, https:\/\/store.evolve-fitness.eu\/wp-content\/uploads\/2025\/03\/EV-RS-GH-020-Evolve-Gym-Handles-Rack-6-600x400.jpg 600w\" sizes=\"auto, (max-width: 1024px) 100vw, 1024px\" \/><\/figure>\n<\/div>\n<\/div>\n\n\n\n<div class=\"wp-block-columns is-layout-flex wp-container-core-columns-is-layout-9d6595d7 wp-block-columns-is-layout-flex\">\n<div class=\"wp-block-column is-layout-flow wp-block-column-is-layout-flow\">\n<div class=\"wp-block-columns is-layout-flex wp-container-core-columns-is-layout-9d6595d7 wp-block-columns-is-layout-flex\">\n<div class=\"wp-block-column is-layout-flow wp-block-column-is-layout-flow\">\n<figure class=\"wp-block-image size-large is-style-rounded\"><img loading=\"lazy\" decoding=\"async\" width=\"1024\" height=\"683\" src=\"https:\/\/store.evolve-fitness.eu\/wp-content\/uploads\/2025\/03\/EV-RS-GH-020-Evolve-Gym-Handles-Rack-10-1024x683.jpg\" alt=\"\" class=\"wp-image-123293\" srcset=\"https:\/\/store.evolve-fitness.eu\/wp-content\/uploads\/2025\/03\/EV-RS-GH-020-Evolve-Gym-Handles-Rack-10-1024x683.jpg 1024w, https:\/\/store.evolve-fitness.eu\/wp-content\/uploads\/2025\/03\/EV-RS-GH-020-Evolve-Gym-Handles-Rack-10-300x200.jpg 300w, https:\/\/store.evolve-fitness.eu\/wp-content\/uploads\/2025\/03\/EV-RS-GH-020-Evolve-Gym-Handles-Rack-10-768x512.jpg 768w, https:\/\/store.evolve-fitness.eu\/wp-content\/uploads\/2025\/03\/EV-RS-GH-020-Evolve-Gym-Handles-Rack-10-1536x1024.jpg 1536w, https:\/\/store.evolve-fitness.eu\/wp-content\/uploads\/2025\/03\/EV-RS-GH-020-Evolve-Gym-Handles-Rack-10-2048x1365.jpg 2048w, https:\/\/store.evolve-fitness.eu\/wp-content\/uploads\/2025\/03\/EV-RS-GH-020-Evolve-Gym-Handles-Rack-10-600x400.jpg 600w\" sizes=\"auto, (max-width: 1024px) 100vw, 1024px\" \/><\/figure>\n<\/div>\n\n\n\n<div class=\"wp-block-column is-layout-flow wp-block-column-is-layout-flow\">\n<h3 class=\"wp-block-heading\" style=\"margin-bottom:var(--wp--preset--spacing--h-3-bottom)\">Une conception intelligente, une construction solide<\/h3>\n\n\n\n<p>Fabriqu\u00e9 en acier de haute qualit\u00e9 et recouvert d&rsquo;un \u00e9l\u00e9gant rev\u00eatement en poudre, ce support est fait pour durer. La conception multi-crochets offre un grand espace de rangement pour tous vos c\u00e2bles, des cordes triceps aux poign\u00e9es en D, tout en conservant un faible encombrement. Id\u00e9al pour les salles de sport commerciales, les studios de musculation ou les installations \u00e0 domicile qui exigent une organisation de niveau professionnel.  <\/p>\n<\/div>\n<\/div>\n<\/div>\n<\/div>\n<\/section>\n","protected":false},"excerpt":{"rendered":"<p>Organisez votre espace de gym comme un pro avec le support de poign\u00e9es Evolve Gym &#8211; la solution de stockage parfaite pour garder votre zone d&rsquo;entra\u00eenement ordonn\u00e9e, s\u00fbre et efficace. Con\u00e7u sp\u00e9cialement pour les poign\u00e9es, les cordes et les accessoires, ce support compact permet d&rsquo;\u00e9viter l&rsquo;encombrement tout en s&rsquo;assurant que votre mat\u00e9riel est toujours \u00e0 port\u00e9e de main.<\/p>\n","protected":false},"featured_media":123401,"template":"","meta":{"_acf_changed":false,"inline_featured_image":false},"product_cat":[744],"product_tag":[],"class_list":{"0":"post-123254","1":"product","2":"type-product","3":"status-publish","4":"has-post-thumbnail","6":"product_cat-accessoires-fr-2","8":"first","9":"instock","10":"taxable","11":"shipping-taxable","12":"purchasable","13":"product-type-simple"},"acf":[],"_links":{"self":[{"href":"https:\/\/store.evolve-fitness.eu\/fr\/wp-json\/wp\/v2\/product\/123254","targetHints":{"allow":["GET"]}}],"collection":[{"href":"https:\/\/store.evolve-fitness.eu\/fr\/wp-json\/wp\/v2\/product"}],"about":[{"href":"https:\/\/store.evolve-fitness.eu\/fr\/wp-json\/wp\/v2\/types\/product"}],"wp:featuredmedia":[{"embeddable":true,"href":"https:\/\/store.evolve-fitness.eu\/fr\/wp-json\/wp\/v2\/media\/123401"}],"wp:attachment":[{"href":"https:\/\/store.evolve-fitness.eu\/fr\/wp-json\/wp\/v2\/media?parent=123254"}],"wp:term":[{"taxonomy":"product_cat","embeddable":true,"href":"https:\/\/store.evolve-fitness.eu\/fr\/wp-json\/wp\/v2\/product_cat?post=123254"},{"taxonomy":"product_tag","embeddable":true,"href":"https:\/\/store.evolve-fitness.eu\/fr\/wp-json\/wp\/v2\/product_tag?post=123254"}],"curies":[{"name":"wp","href":"https:\/\/api.w.org\/{rel}","templated":true}]}}