{"id":121881,"date":"2025-03-26T09:53:29","date_gmt":"2025-03-26T09:53:29","guid":{"rendered":"https:\/\/store.evolve-fitness.eu\/?post_type=product&#038;p=121881"},"modified":"2025-11-07T10:11:02","modified_gmt":"2025-11-07T10:11:02","slug":"evolve-floor-tile-100-x-100-cm-10-30-mm-1","status":"publish","type":"product","link":"https:\/\/store.evolve-fitness.eu\/fr\/produit\/evolve-floor-tile-100-x-100-cm-10-30-mm-1\/","title":{"rendered":"Evolve Floor Tile 100 x 100 cm, 10 &#8211; 30 mm"},"content":{"rendered":"\n<p><\/p>\n\n<section class=\"wp-block-group alignfull has-lightgray-background-color has-background is-layout-constrained wp-block-group-is-layout-constrained\">\n<div class=\"wp-block-columns alignwide is-layout-flex wp-container-core-columns-is-layout-2edb0647 wp-block-columns-is-layout-flex\" style=\"margin-top:0;margin-bottom:0\">\n<div class=\"wp-block-column is-layout-flow wp-block-column-is-layout-flow\" style=\"flex-basis:33.33%\"><\/div>\n\n\n\n<div class=\"wp-block-column is-layout-flow wp-block-column-is-layout-flow\" style=\"flex-basis:66.66%\"><\/div>\n<\/div>\n<\/section>\n","protected":false},"excerpt":{"rendered":"<p>Le rev\u00eatement de sol en caoutchouc Evolve est une solution durable et polyvalente pour les salles de sport et de fitness. Gr\u00e2ce \u00e0 ses diff\u00e9rentes \u00e9paisseurs, ce rev\u00eatement offre une protection et un confort excellents, ce qui le rend id\u00e9al pour un usage intensif. Le design PUZZLE \u00e0 embo\u00eetement garantit une installation facile, tandis que les dalles carr\u00e9es simples offrent une option directe pour les grandes surfaces. Le mat\u00e9riau en caoutchouc haute densit\u00e9 garantit des performances durables, une r\u00e9sistance aux chocs et une r\u00e9duction du bruit, ce qui le rend parfait pour les salles de sport domestiques et commerciales.Evolve Indoor Floor Tiles 100 x 100 x 10 &#8211; 30 mm. Epaisseur : 10 mm \/ 15 mm \/ 20 mm \/ 25 mm \/ 30 mm.     Densit\u00e9 1000 kg\/m3.<\/p>\n","protected":false},"featured_media":84811,"template":"","meta":{"_acf_changed":false,"inline_featured_image":false},"product_cat":[855,856],"product_tag":[],"class_list":{"0":"post-121881","1":"product","2":"type-product","3":"status-publish","4":"has-post-thumbnail","6":"product_cat-plates-formes-et-revetements-de-sol","7":"product_cat-revetements-de-sol","9":"first","10":"outofstock","11":"shipping-taxable","12":"purchasable","13":"product-type-variable"},"acf":[],"_links":{"self":[{"href":"https:\/\/store.evolve-fitness.eu\/fr\/wp-json\/wp\/v2\/product\/121881","targetHints":{"allow":["GET"]}}],"collection":[{"href":"https:\/\/store.evolve-fitness.eu\/fr\/wp-json\/wp\/v2\/product"}],"about":[{"href":"https:\/\/store.evolve-fitness.eu\/fr\/wp-json\/wp\/v2\/types\/product"}],"wp:featuredmedia":[{"embeddable":true,"href":"https:\/\/store.evolve-fitness.eu\/fr\/wp-json\/wp\/v2\/media\/84811"}],"wp:attachment":[{"href":"https:\/\/store.evolve-fitness.eu\/fr\/wp-json\/wp\/v2\/media?parent=121881"}],"wp:term":[{"taxonomy":"product_cat","embeddable":true,"href":"https:\/\/store.evolve-fitness.eu\/fr\/wp-json\/wp\/v2\/product_cat?post=121881"},{"taxonomy":"product_tag","embeddable":true,"href":"https:\/\/store.evolve-fitness.eu\/fr\/wp-json\/wp\/v2\/product_tag?post=121881"}],"curies":[{"name":"wp","href":"https:\/\/api.w.org\/{rel}","templated":true}]}}