{"id":118903,"date":"2025-03-19T13:46:36","date_gmt":"2025-03-19T13:46:36","guid":{"rendered":"https:\/\/store.evolve-fitness.eu\/?post_type=product&#038;p=118903"},"modified":"2026-04-02T12:00:44","modified_gmt":"2026-04-02T12:00:44","slug":"evolve-mini-band-set-3-en-1","status":"publish","type":"product","link":"https:\/\/store.evolve-fitness.eu\/fr\/produit\/evolve-mini-band-set-3-en-1\/","title":{"rendered":"Evolve Mini Band Set 3 en 1"},"content":{"rendered":"\n<p><\/p>\n\n<p><\/p>\n","protected":false},"excerpt":{"rendered":"<p>Am\u00e9liorez vos s\u00e9ances d&rsquo;entra\u00eenement avec les bandes de r\u00e9sistance Evolve EV-BD-FB-300, con\u00e7ues pour la musculation, la r\u00e9\u00e9ducation et les exercices d&rsquo;assouplissement. Fabriqu\u00e9es en latex durable de haute qualit\u00e9, ces bandes offrent une r\u00e9sistance constante pour diff\u00e9rents niveaux de fitness, vous aidant \u00e0 d\u00e9velopper vos muscles, \u00e0 am\u00e9liorer votre mobilit\u00e9 et \u00e0 augmenter votre endurance. <\/p>\n<p>\n","protected":false},"featured_media":123629,"template":"","meta":{"_acf_changed":false,"inline_featured_image":false},"product_cat":[2416,592,476],"product_tag":[],"class_list":{"0":"post-118903","1":"product","2":"type-product","3":"status-publish","4":"has-post-thumbnail","6":"product_cat-hyrox-gear","7":"product_cat-equipement-fonctionnel","8":"product_cat-studio-fr","10":"first","11":"instock","12":"shipping-taxable","13":"purchasable","14":"product-type-simple"},"acf":[],"_links":{"self":[{"href":"https:\/\/store.evolve-fitness.eu\/fr\/wp-json\/wp\/v2\/product\/118903","targetHints":{"allow":["GET"]}}],"collection":[{"href":"https:\/\/store.evolve-fitness.eu\/fr\/wp-json\/wp\/v2\/product"}],"about":[{"href":"https:\/\/store.evolve-fitness.eu\/fr\/wp-json\/wp\/v2\/types\/product"}],"wp:featuredmedia":[{"embeddable":true,"href":"https:\/\/store.evolve-fitness.eu\/fr\/wp-json\/wp\/v2\/media\/123629"}],"wp:attachment":[{"href":"https:\/\/store.evolve-fitness.eu\/fr\/wp-json\/wp\/v2\/media?parent=118903"}],"wp:term":[{"taxonomy":"product_cat","embeddable":true,"href":"https:\/\/store.evolve-fitness.eu\/fr\/wp-json\/wp\/v2\/product_cat?post=118903"},{"taxonomy":"product_tag","embeddable":true,"href":"https:\/\/store.evolve-fitness.eu\/fr\/wp-json\/wp\/v2\/product_tag?post=118903"}],"curies":[{"name":"wp","href":"https:\/\/api.w.org\/{rel}","templated":true}]}}