{"id":118853,"date":"2025-03-19T13:27:06","date_gmt":"2025-03-19T13:27:06","guid":{"rendered":"https:\/\/store.evolve-fitness.eu\/?post_type=product&#038;p=118853"},"modified":"2026-04-04T12:00:38","modified_gmt":"2026-04-04T12:00:38","slug":"coussin-dequilibre-evolve-1","status":"publish","type":"product","link":"https:\/\/store.evolve-fitness.eu\/fr\/produit\/coussin-dequilibre-evolve-1\/","title":{"rendered":"Coussin d&rsquo;\u00e9quilibre Evolve"},"content":{"rendered":"\n<p><\/p>\n\n\n\n<p><\/p>\n","protected":false},"excerpt":{"rendered":"<p>Le coussin d&rsquo;\u00e9quilibre \u00ab\u00a0Evolve\u00a0\u00bb (EV-BP-BC-025) est un outil innovant con\u00e7u pour am\u00e9liorer l&rsquo;\u00e9quilibre corporel, la coordination et le renforcement musculaire. Fabriqu\u00e9 \u00e0 partir de mat\u00e9riaux de haute qualit\u00e9, ce coussin soutient une vari\u00e9t\u00e9 d&rsquo;exercices physiques, assurant stabilit\u00e9 et confort. Il est id\u00e9al pour les d\u00e9butants et les utilisateurs avanc\u00e9s qui souhaitent am\u00e9liorer leur posture et entra\u00eener leurs muscles profonds. Il est parfait pour une utilisation \u00e0 la maison ou en salle de sport.     <\/p>\n<p>\n","protected":false},"featured_media":118875,"template":"","meta":{"_acf_changed":false,"inline_featured_image":false},"product_cat":[476],"product_tag":[],"class_list":{"0":"post-118853","1":"product","2":"type-product","3":"status-publish","4":"has-post-thumbnail","6":"product_cat-studio-fr","8":"first","9":"instock","10":"shipping-taxable","11":"purchasable","12":"product-type-simple"},"acf":[],"_links":{"self":[{"href":"https:\/\/store.evolve-fitness.eu\/fr\/wp-json\/wp\/v2\/product\/118853","targetHints":{"allow":["GET"]}}],"collection":[{"href":"https:\/\/store.evolve-fitness.eu\/fr\/wp-json\/wp\/v2\/product"}],"about":[{"href":"https:\/\/store.evolve-fitness.eu\/fr\/wp-json\/wp\/v2\/types\/product"}],"wp:featuredmedia":[{"embeddable":true,"href":"https:\/\/store.evolve-fitness.eu\/fr\/wp-json\/wp\/v2\/media\/118875"}],"wp:attachment":[{"href":"https:\/\/store.evolve-fitness.eu\/fr\/wp-json\/wp\/v2\/media?parent=118853"}],"wp:term":[{"taxonomy":"product_cat","embeddable":true,"href":"https:\/\/store.evolve-fitness.eu\/fr\/wp-json\/wp\/v2\/product_cat?post=118853"},{"taxonomy":"product_tag","embeddable":true,"href":"https:\/\/store.evolve-fitness.eu\/fr\/wp-json\/wp\/v2\/product_tag?post=118853"}],"curies":[{"name":"wp","href":"https:\/\/api.w.org\/{rel}","templated":true}]}}