{"id":118777,"date":"2025-03-19T13:05:09","date_gmt":"2025-03-19T13:05:09","guid":{"rendered":"https:\/\/store.evolve-fitness.eu\/?post_type=product&#038;p=118777"},"modified":"2026-03-13T12:01:47","modified_gmt":"2026-03-13T12:01:47","slug":"support-evolve-pour-pompes-de-musculation-ev-rs-pr-200","status":"publish","type":"product","link":"https:\/\/store.evolve-fitness.eu\/fr\/produit\/support-evolve-pour-pompes-de-musculation-ev-rs-pr-200\/","title":{"rendered":"Support Evolve pour pompes de musculation, EV-RS-PR-200"},"content":{"rendered":"","protected":false},"excerpt":{"rendered":"<p>Gardez votre espace d&rsquo;entra\u00eenement propre et efficace avec le support Evolve Body Pump. Con\u00e7u pour contenir plusieurs ensembles de pompes corporelles, ce support assure un acc\u00e8s et une organisation faciles, ce qui en fait un ajout essentiel \u00e0 toute salle de sport ou studio de fitness. Sa construction durable et son design peu encombrant permettent une int\u00e9gration parfaite dans n&rsquo;importe quel environnement d&rsquo;entra\u00eenement, aidant les utilisateurs \u00e0 maintenir un espace d&rsquo;entra\u00eenement ordonn\u00e9 et professionnel.<\/p>\n","protected":false},"featured_media":118799,"template":"","meta":{"_acf_changed":false,"inline_featured_image":false},"product_cat":[975,976],"product_tag":[],"class_list":{"0":"post-118777","1":"product","2":"type-product","3":"status-publish","4":"has-post-thumbnail","6":"product_cat-poids-libres","7":"product_cat-rayonnages-et-solutions-de-stockage","9":"first","10":"instock","11":"shipping-taxable","12":"purchasable","13":"product-type-simple"},"acf":[],"_links":{"self":[{"href":"https:\/\/store.evolve-fitness.eu\/fr\/wp-json\/wp\/v2\/product\/118777","targetHints":{"allow":["GET"]}}],"collection":[{"href":"https:\/\/store.evolve-fitness.eu\/fr\/wp-json\/wp\/v2\/product"}],"about":[{"href":"https:\/\/store.evolve-fitness.eu\/fr\/wp-json\/wp\/v2\/types\/product"}],"wp:featuredmedia":[{"embeddable":true,"href":"https:\/\/store.evolve-fitness.eu\/fr\/wp-json\/wp\/v2\/media\/118799"}],"wp:attachment":[{"href":"https:\/\/store.evolve-fitness.eu\/fr\/wp-json\/wp\/v2\/media?parent=118777"}],"wp:term":[{"taxonomy":"product_cat","embeddable":true,"href":"https:\/\/store.evolve-fitness.eu\/fr\/wp-json\/wp\/v2\/product_cat?post=118777"},{"taxonomy":"product_tag","embeddable":true,"href":"https:\/\/store.evolve-fitness.eu\/fr\/wp-json\/wp\/v2\/product_tag?post=118777"}],"curies":[{"name":"wp","href":"https:\/\/api.w.org\/{rel}","templated":true}]}}