{"id":118064,"date":"2025-03-12T09:32:47","date_gmt":"2025-03-12T09:32:47","guid":{"rendered":"https:\/\/store.evolve-fitness.eu\/?post_type=product&#038;p=118064"},"modified":"2026-01-14T12:00:44","modified_gmt":"2026-01-14T12:00:44","slug":"elevation-laterale-avec-charge-de-plaques-evolve-prime-series","status":"publish","type":"product","link":"https:\/\/store.evolve-fitness.eu\/fr\/produit\/elevation-laterale-avec-charge-de-plaques-evolve-prime-series\/","title":{"rendered":"El\u00e9vation lat\u00e9rale avec charge de plaques Evolve Prime Series"},"content":{"rendered":"\n<section class=\"wp-block-group alignfull black-content has-white-color has-darkgray-background-color has-text-color has-background is-layout-constrained wp-block-group-is-layout-constrained\" style=\"padding-top:var(--wp--preset--spacing--section-bottom);padding-bottom:var(--wp--preset--spacing--section-bottom)\">\n<h3 class=\"wp-block-heading has-text-align-center\"><strong><strong>EVOLVE PLATE LOADED PRIME SERIES<\/strong><\/strong><\/h3>\n\n\n\n<p>Avec la s\u00e9rie Evolve Plate Loaded Prime, l&rsquo;excellence est la norme. Am\u00e9liorez votre entra\u00eenement musculaire avec des machines con\u00e7ues pour le confort, la durabilit\u00e9 et la performance. D\u00e9couvrez d\u00e8s aujourd&rsquo;hui l&rsquo;ensemble de la gamme et red\u00e9finissez votre parcours de remise en forme.  <\/p>\n\n\n\n<section class=\"wp-block-group alignfull black-content has-white-color has-darkgray-background-color has-text-color has-background is-layout-constrained wp-block-group-is-layout-constrained\" style=\"padding-top:var(--wp--preset--spacing--section-bottom);padding-bottom:var(--wp--preset--spacing--section-bottom)\">\n<div class=\"wp-block-columns alignwide mobile-reverse is-layout-flex wp-container-core-columns-is-layout-ca64bf2d wp-block-columns-is-layout-flex\" style=\"margin-bottom:var(--wp--preset--spacing--side-padding)\">\n<div class=\"wp-block-column is-vertically-aligned-center is-layout-flow wp-block-column-is-layout-flow\">\n<h3 class=\"wp-block-heading\" style=\"margin-bottom:var(--wp--preset--spacing--h-3-bottom)\"><strong><strong><strong><strong><strong><strong><strong>El\u00e9vation lat\u00e9rale avec charge de plaques Evolve Prime Series<\/strong><\/strong><\/strong><\/strong><\/strong><\/strong><\/strong><\/h3>\n\n\n\n<p><strong><em><strong><strong>Ciblez et renforcez vos \u00e9paules avec pr\u00e9cision<\/strong><\/strong><\/em><\/strong><\/p>\n\n\n\n<p style=\"margin-bottom:var(--wp--preset--spacing--tb-section-padding)\">L&rsquo;<strong>Evolve Prime Series Plate Loaded Lateral Raise<\/strong> est con\u00e7u pour isoler et d\u00e9velopper les muscles delto\u00efdes lat\u00e9raux, am\u00e9liorant la largeur et la force des \u00e9paules avec une r\u00e9sistance contr\u00f4l\u00e9e. Dot\u00e9 d&rsquo;un si\u00e8ge ergonomique, de supports de bras r\u00e9glables et d&rsquo;un syst\u00e8me de r\u00e9sistance \u00e0 plaques, cet appareil garantit une biom\u00e9canique appropri\u00e9e pour une activation musculaire efficace. Sa construction robuste et ses mouvements fluides en font un compl\u00e9ment essentiel \u00e0 toute salle de sport pour les utilisateurs qui cherchent \u00e0 am\u00e9liorer la d\u00e9finition des \u00e9paules et la force globale du haut du corps.  <\/p>\n\n\n\n<h3 class=\"wp-block-heading\" style=\"margin-bottom:var(--wp--preset--spacing--h-3-bottom)\"><strong><strong><strong><strong><strong><strong><strong>Des \u00e9paules plus larges et plus fortes<\/strong><\/strong><\/strong><\/strong><\/strong><\/strong><\/strong><\/h3>\n\n\n\n<p><strong><em><strong><strong>Mouvement doux et contr\u00f4l\u00e9 pour un engagement maximal du delto\u00efde<\/strong><\/strong><\/em><\/strong><\/p>\n\n\n\n<p>L&rsquo;<strong>Evolve Prime Series Plate Loaded Lateral Raise<\/strong> offre une trajectoire de mouvement guid\u00e9e qui \u00e9limine l&rsquo;\u00e9lan, permettant une forme stricte et une tension constante sur les delto\u00efdes. Le syst\u00e8me \u00e0 plaques permet une surcharge progressive, ce qui le rend adapt\u00e9 \u00e0 tous les niveaux de condition physique. Gr\u00e2ce \u00e0 sa conception ergonomique, les utilisateurs peuvent s&rsquo;entra\u00eener confortablement tout en assurant une activation musculaire optimale. Que vous recherchiez un d\u00e9veloppement esth\u00e9tique des \u00e9paules ou une am\u00e9lioration de vos performances sportives, cet appareil vous offre un entra\u00eenement tr\u00e8s efficace et performant pour les \u00e9l\u00e9vations lat\u00e9rales.   <\/p>\n<\/div>\n\n\n\n<div class=\"wp-block-column is-vertically-aligned-center is-layout-flow wp-block-column-is-layout-flow\">\n<figure class=\"wp-block-image size-large\"><img loading=\"lazy\" decoding=\"async\" width=\"1024\" height=\"1024\" src=\"https:\/\/store.evolve-fitness.eu\/wp-content\/uploads\/2025\/03\/EV-PL-PR-115-Evolve-Prime-Series-Plate-Loaded-Lateral-Raise-Recovered-2-1024x1024.png\" alt=\"\" class=\"wp-image-121641\" srcset=\"https:\/\/store.evolve-fitness.eu\/wp-content\/uploads\/2025\/03\/EV-PL-PR-115-Evolve-Prime-Series-Plate-Loaded-Lateral-Raise-Recovered-2-1024x1024.png 1024w, https:\/\/store.evolve-fitness.eu\/wp-content\/uploads\/2025\/03\/EV-PL-PR-115-Evolve-Prime-Series-Plate-Loaded-Lateral-Raise-Recovered-2-300x300.png 300w, https:\/\/store.evolve-fitness.eu\/wp-content\/uploads\/2025\/03\/EV-PL-PR-115-Evolve-Prime-Series-Plate-Loaded-Lateral-Raise-Recovered-2-150x150.png 150w, https:\/\/store.evolve-fitness.eu\/wp-content\/uploads\/2025\/03\/EV-PL-PR-115-Evolve-Prime-Series-Plate-Loaded-Lateral-Raise-Recovered-2-768x768.png 768w, https:\/\/store.evolve-fitness.eu\/wp-content\/uploads\/2025\/03\/EV-PL-PR-115-Evolve-Prime-Series-Plate-Loaded-Lateral-Raise-Recovered-2-1536x1536.png 1536w, https:\/\/store.evolve-fitness.eu\/wp-content\/uploads\/2025\/03\/EV-PL-PR-115-Evolve-Prime-Series-Plate-Loaded-Lateral-Raise-Recovered-2-2048x2048.png 2048w, https:\/\/store.evolve-fitness.eu\/wp-content\/uploads\/2025\/03\/EV-PL-PR-115-Evolve-Prime-Series-Plate-Loaded-Lateral-Raise-Recovered-2-600x600.png 600w, https:\/\/store.evolve-fitness.eu\/wp-content\/uploads\/2025\/03\/EV-PL-PR-115-Evolve-Prime-Series-Plate-Loaded-Lateral-Raise-Recovered-2-100x100.png 100w\" sizes=\"auto, (max-width: 1024px) 100vw, 1024px\" \/><\/figure>\n<\/div>\n<\/div>\n<\/section>\n<\/section>\n","protected":false},"excerpt":{"rendered":"<p>L&rsquo;Evolve Prime Series Plate Loaded Lateral Raise est con\u00e7u pour isoler et d\u00e9velopper les muscles delto\u00efdes lat\u00e9raux, am\u00e9liorant la largeur et la force des \u00e9paules avec une r\u00e9sistance contr\u00f4l\u00e9e. Dot\u00e9 d&rsquo;un si\u00e8ge ergonomique, de supports de bras r\u00e9glables et d&rsquo;un syst\u00e8me de r\u00e9sistance \u00e0 plaques, cet appareil garantit une biom\u00e9canique appropri\u00e9e pour une activation musculaire efficace. Sa construction robuste et ses mouvements fluides en font un compl\u00e9ment essentiel \u00e0 toute salle de sport pour les utilisateurs qui cherchent \u00e0 am\u00e9liorer la d\u00e9finition des \u00e9paules et la force globale du haut du corps.  <\/p>\n","protected":false},"featured_media":121674,"template":"","meta":{"_acf_changed":false,"inline_featured_image":false},"product_cat":[780,1202],"product_tag":[],"class_list":{"0":"post-118064","1":"product","2":"type-product","3":"status-publish","4":"has-post-thumbnail","6":"product_cat-machines-a-plateau","7":"product_cat-prime-series-plate-loaded-fr","9":"first","10":"instock","11":"taxable","12":"shipping-taxable","13":"purchasable","14":"product-type-simple"},"acf":[],"_links":{"self":[{"href":"https:\/\/store.evolve-fitness.eu\/fr\/wp-json\/wp\/v2\/product\/118064","targetHints":{"allow":["GET"]}}],"collection":[{"href":"https:\/\/store.evolve-fitness.eu\/fr\/wp-json\/wp\/v2\/product"}],"about":[{"href":"https:\/\/store.evolve-fitness.eu\/fr\/wp-json\/wp\/v2\/types\/product"}],"wp:featuredmedia":[{"embeddable":true,"href":"https:\/\/store.evolve-fitness.eu\/fr\/wp-json\/wp\/v2\/media\/121674"}],"wp:attachment":[{"href":"https:\/\/store.evolve-fitness.eu\/fr\/wp-json\/wp\/v2\/media?parent=118064"}],"wp:term":[{"taxonomy":"product_cat","embeddable":true,"href":"https:\/\/store.evolve-fitness.eu\/fr\/wp-json\/wp\/v2\/product_cat?post=118064"},{"taxonomy":"product_tag","embeddable":true,"href":"https:\/\/store.evolve-fitness.eu\/fr\/wp-json\/wp\/v2\/product_tag?post=118064"}],"curies":[{"name":"wp","href":"https:\/\/api.w.org\/{rel}","templated":true}]}}