{"id":117939,"date":"2025-03-12T09:26:26","date_gmt":"2025-03-12T09:26:26","guid":{"rendered":"https:\/\/store.evolve-fitness.eu\/?post_type=product&#038;p=117939"},"modified":"2025-04-04T06:08:10","modified_gmt":"2025-04-04T06:08:10","slug":"evolve-prime-series-hack-squat-avec-charge-de-plaques","status":"publish","type":"product","link":"https:\/\/store.evolve-fitness.eu\/fr\/produit\/evolve-prime-series-hack-squat-avec-charge-de-plaques\/","title":{"rendered":"Evolve Prime Series Hack Squat avec charge de plaques"},"content":{"rendered":"\n<section class=\"wp-block-group alignfull black-content has-white-color has-darkgray-background-color has-text-color has-background is-layout-constrained wp-block-group-is-layout-constrained\" style=\"padding-top:var(--wp--preset--spacing--section-bottom);padding-bottom:var(--wp--preset--spacing--section-bottom)\">\n<h3 class=\"wp-block-heading has-text-align-center\"><strong><strong>EVOLVE PLATE LOADED PRIME SERIES<\/strong><\/strong><\/h3>\n\n\n\n<p>Avec la s\u00e9rie Evolve Plate Loaded Prime, l&rsquo;excellence est la norme. Am\u00e9liorez votre entra\u00eenement musculaire avec des machines con\u00e7ues pour le confort, la durabilit\u00e9 et la performance. D\u00e9couvrez d\u00e8s aujourd&rsquo;hui l&rsquo;ensemble de la gamme et red\u00e9finissez votre parcours de remise en forme.  <\/p>\n\n\n\n<section class=\"wp-block-group alignfull black-content has-white-color has-darkgray-background-color has-text-color has-background is-layout-constrained wp-block-group-is-layout-constrained\" style=\"padding-top:var(--wp--preset--spacing--section-bottom);padding-bottom:var(--wp--preset--spacing--section-bottom)\">\n<div class=\"wp-block-columns alignwide mobile-reverse is-layout-flex wp-container-core-columns-is-layout-ca64bf2d wp-block-columns-is-layout-flex\" style=\"margin-bottom:var(--wp--preset--spacing--side-padding)\">\n<div class=\"wp-block-column is-vertically-aligned-center is-layout-flow wp-block-column-is-layout-flow\">\n<h3 class=\"wp-block-heading\" style=\"margin-bottom:var(--wp--preset--spacing--h-3-bottom)\"><strong><strong><strong><strong><strong><strong>Evolve Prime Series Hack Squat avec charge de plaques<\/strong><\/strong><\/strong><\/strong><\/strong><\/strong><\/h3>\n\n\n\n<p><strong><em><strong>Maximisez la puissance de vos jambes gr\u00e2ce \u00e0 un entra\u00eenement contr\u00f4l\u00e9 et efficace au squat<\/strong><\/em><\/strong><\/p>\n\n\n\n<p style=\"margin-bottom:var(--wp--preset--spacing--tb-section-padding)\">Le <strong>Evolve Prime Series Plate Loaded Hack Squat<\/strong> est con\u00e7u pour fournir un entra\u00eenement biom\u00e9canique optimis\u00e9 du bas du corps, ciblant les quadriceps, les fessiers et les ischio-jambiers avec un mouvement fluide et contr\u00f4l\u00e9. Dot\u00e9 d&rsquo;un repose-pieds inclin\u00e9, d&rsquo;un support dorsal ergonomique et d&rsquo;un syst\u00e8me de r\u00e9sistance \u00e0 plaques, cet appareil assure une bonne m\u00e9canique de squat tout en r\u00e9duisant le stress sur le bas du dos et les articulations. Construit pour \u00eatre durable et stable, il permet aux utilisateurs de repousser leurs limites en toute s\u00e9curit\u00e9, ce qui en fait un outil essentiel pour d\u00e9velopper la force et la masse musculaire du bas du corps.  <\/p>\n\n\n\n<h3 class=\"wp-block-heading\" style=\"margin-bottom:var(--wp--preset--spacing--h-3-bottom)\"><strong><strong><strong><strong><strong><strong>Am\u00e9liorez le d\u00e9veloppement de vos jambes gr\u00e2ce \u00e0 une r\u00e9sistance de pr\u00e9cision<\/strong><\/strong><\/strong><\/strong><\/strong><\/strong><\/h3>\n\n\n\n<p><strong><em><strong>Conception ergonomique pour une formation s\u00fbre et efficace<\/strong><\/em><\/strong><\/p>\n\n\n\n<p>L&rsquo;<strong>Evolve Prime Series Plate Loaded Hack Squat<\/strong> permet une gamme compl\u00e8te de mouvements avec une trajectoire de mouvement guid\u00e9e qui assure une r\u00e9sistance constante et une forme correcte. Son syst\u00e8me de chargement par plaque permet une surcharge progressive, ce qui convient aussi bien aux d\u00e9butants qu&rsquo;aux halt\u00e9rophiles avanc\u00e9s. La plate-forme inclin\u00e9e pour les pieds favorise la stabilit\u00e9 des genoux et des chevilles, tandis que le support dorsal rembourr\u00e9 am\u00e9liore le confort et le contr\u00f4le pendant les lev\u00e9es lourdes. Que vous vous concentriez sur l&rsquo;hypertrophie musculaire, les performances athl\u00e9tiques ou la force g\u00e9n\u00e9rale des jambes, cet appareil offre un entra\u00eenement de squat tr\u00e8s efficace et efficient.   <\/p>\n<\/div>\n\n\n\n<div class=\"wp-block-column is-vertically-aligned-center is-layout-flow wp-block-column-is-layout-flow\">\n<figure class=\"wp-block-image size-large\"><img loading=\"lazy\" decoding=\"async\" width=\"1024\" height=\"1024\" src=\"https:\/\/store.evolve-fitness.eu\/wp-content\/uploads\/2025\/03\/EV-PL-PR-114-Evolve-Prime-Series-Plate-Loaded-Hack-Squat-Recovered-2-1024x1024.png\" alt=\"\" class=\"wp-image-118028\" srcset=\"https:\/\/store.evolve-fitness.eu\/wp-content\/uploads\/2025\/03\/EV-PL-PR-114-Evolve-Prime-Series-Plate-Loaded-Hack-Squat-Recovered-2-1024x1024.png 1024w, https:\/\/store.evolve-fitness.eu\/wp-content\/uploads\/2025\/03\/EV-PL-PR-114-Evolve-Prime-Series-Plate-Loaded-Hack-Squat-Recovered-2-300x300.png 300w, https:\/\/store.evolve-fitness.eu\/wp-content\/uploads\/2025\/03\/EV-PL-PR-114-Evolve-Prime-Series-Plate-Loaded-Hack-Squat-Recovered-2-150x150.png 150w, https:\/\/store.evolve-fitness.eu\/wp-content\/uploads\/2025\/03\/EV-PL-PR-114-Evolve-Prime-Series-Plate-Loaded-Hack-Squat-Recovered-2-768x768.png 768w, https:\/\/store.evolve-fitness.eu\/wp-content\/uploads\/2025\/03\/EV-PL-PR-114-Evolve-Prime-Series-Plate-Loaded-Hack-Squat-Recovered-2-1536x1536.png 1536w, https:\/\/store.evolve-fitness.eu\/wp-content\/uploads\/2025\/03\/EV-PL-PR-114-Evolve-Prime-Series-Plate-Loaded-Hack-Squat-Recovered-2-2048x2048.png 2048w, https:\/\/store.evolve-fitness.eu\/wp-content\/uploads\/2025\/03\/EV-PL-PR-114-Evolve-Prime-Series-Plate-Loaded-Hack-Squat-Recovered-2-600x600.png 600w, https:\/\/store.evolve-fitness.eu\/wp-content\/uploads\/2025\/03\/EV-PL-PR-114-Evolve-Prime-Series-Plate-Loaded-Hack-Squat-Recovered-2-100x100.png 100w\" sizes=\"auto, (max-width: 1024px) 100vw, 1024px\" \/><\/figure>\n<\/div>\n<\/div>\n<\/section>\n<\/section>\n","protected":false},"excerpt":{"rendered":"<p>Le Evolve Prime Series Plate Loaded Hack Squat est con\u00e7u pour fournir un entra\u00eenement biom\u00e9canique optimis\u00e9 du bas du corps, ciblant les quadriceps, les fessiers et les ischio-jambiers avec un mouvement fluide et contr\u00f4l\u00e9. Dot\u00e9 d&rsquo;un repose-pieds inclin\u00e9, d&rsquo;un support dorsal ergonomique et d&rsquo;un syst\u00e8me de r\u00e9sistance \u00e0 plaques, cet appareil assure une bonne m\u00e9canique de squat tout en r\u00e9duisant le stress sur le bas du dos et les articulations. Construit pour \u00eatre durable et stable, il permet aux utilisateurs de repousser leurs limites en toute s\u00e9curit\u00e9, ce qui en fait un outil essentiel pour d\u00e9velopper la force et la masse musculaire du bas du corps.  <\/p>\n","protected":false},"featured_media":118011,"template":"","meta":{"_acf_changed":false,"inline_featured_image":false},"product_cat":[780,1202],"product_tag":[],"class_list":{"0":"post-117939","1":"product","2":"type-product","3":"status-publish","4":"has-post-thumbnail","6":"product_cat-machines-a-plateau","7":"product_cat-prime-series-plate-loaded-fr","9":"first","10":"instock","11":"taxable","12":"shipping-taxable","13":"purchasable","14":"product-type-simple"},"acf":[],"_links":{"self":[{"href":"https:\/\/store.evolve-fitness.eu\/fr\/wp-json\/wp\/v2\/product\/117939","targetHints":{"allow":["GET"]}}],"collection":[{"href":"https:\/\/store.evolve-fitness.eu\/fr\/wp-json\/wp\/v2\/product"}],"about":[{"href":"https:\/\/store.evolve-fitness.eu\/fr\/wp-json\/wp\/v2\/types\/product"}],"wp:featuredmedia":[{"embeddable":true,"href":"https:\/\/store.evolve-fitness.eu\/fr\/wp-json\/wp\/v2\/media\/118011"}],"wp:attachment":[{"href":"https:\/\/store.evolve-fitness.eu\/fr\/wp-json\/wp\/v2\/media?parent=117939"}],"wp:term":[{"taxonomy":"product_cat","embeddable":true,"href":"https:\/\/store.evolve-fitness.eu\/fr\/wp-json\/wp\/v2\/product_cat?post=117939"},{"taxonomy":"product_tag","embeddable":true,"href":"https:\/\/store.evolve-fitness.eu\/fr\/wp-json\/wp\/v2\/product_tag?post=117939"}],"curies":[{"name":"wp","href":"https:\/\/api.w.org\/{rel}","templated":true}]}}