{"id":117813,"date":"2025-03-12T09:13:10","date_gmt":"2025-03-12T09:13:10","guid":{"rendered":"https:\/\/store.evolve-fitness.eu\/?post_type=product&#038;p=117813"},"modified":"2025-04-04T06:09:08","modified_gmt":"2025-04-04T06:09:08","slug":"evolve-prime-series-plate-loaded-leg-press-nouveau-modele","status":"publish","type":"product","link":"https:\/\/store.evolve-fitness.eu\/fr\/produit\/evolve-prime-series-plate-loaded-leg-press-nouveau-modele\/","title":{"rendered":"Evolve Prime Series Plate Loaded Leg Press Nouveau mod\u00e8le"},"content":{"rendered":"\n<section class=\"wp-block-group alignfull black-content has-white-color has-darkgray-background-color has-text-color has-background is-layout-constrained wp-block-group-is-layout-constrained\" style=\"padding-top:var(--wp--preset--spacing--section-bottom);padding-bottom:var(--wp--preset--spacing--section-bottom)\">\n<h3 class=\"wp-block-heading has-text-align-center\"><strong><strong>EVOLVE PLATE LOADED PRIME SERIES<\/strong><\/strong><\/h3>\n\n\n\n<p>Avec la s\u00e9rie Evolve Plate Loaded Prime, l&rsquo;excellence est la norme. Am\u00e9liorez votre entra\u00eenement musculaire avec des machines con\u00e7ues pour le confort, la durabilit\u00e9 et la performance. D\u00e9couvrez d\u00e8s aujourd&rsquo;hui l&rsquo;ensemble de la gamme et red\u00e9finissez votre parcours de remise en forme.  <\/p>\n\n\n\n<section class=\"wp-block-group alignfull black-content has-white-color has-darkgray-background-color has-text-color has-background is-layout-constrained wp-block-group-is-layout-constrained\" style=\"padding-top:var(--wp--preset--spacing--section-bottom);padding-bottom:var(--wp--preset--spacing--section-bottom)\">\n<div class=\"wp-block-columns alignwide mobile-reverse is-layout-flex wp-container-core-columns-is-layout-ca64bf2d wp-block-columns-is-layout-flex\" style=\"margin-bottom:var(--wp--preset--spacing--side-padding)\">\n<div class=\"wp-block-column is-vertically-aligned-center is-layout-flow wp-block-column-is-layout-flow\">\n<h3 class=\"wp-block-heading\" style=\"margin-bottom:var(--wp--preset--spacing--h-3-bottom)\"><strong><strong><strong><strong><strong>Options d&rsquo;exercice \u00e9tendues<\/strong><\/strong><\/strong><\/strong><\/strong><\/h3>\n\n\n\n<p><strong><em>S\u00e9ance d&rsquo;entra\u00eenement compl\u00e8te pour le bas du corps<\/em><\/strong><\/p>\n\n\n\n<p style=\"margin-bottom:var(--wp--preset--spacing--tb-section-padding)\">La presse \u00e0 jambes \u00e0 plateau Evolve Prime Series est con\u00e7ue pour cibler les principaux groupes musculaires, notamment les quadriceps, les ischio-jambiers, les fessiers et les mollets. La conception du cadre ouvert permet des transitions en douceur entre les diff\u00e9rentes s\u00e9ances d&rsquo;entra\u00eenement, am\u00e9liorant ainsi l&rsquo;exp\u00e9rience globale de l&rsquo;entra\u00eenement. <\/p>\n\n\n\n<h3 class=\"wp-block-heading\" style=\"margin-bottom:var(--wp--preset--spacing--h-3-bottom)\"><strong><strong><strong><strong><strong>Caract\u00e9ristiques Premium<\/strong><\/strong><\/strong><\/strong><\/strong><\/h3>\n\n\n\n<p><strong><em>Con\u00e7u pour l&rsquo;endurance et l&rsquo;efficacit\u00e9<\/em><\/strong><\/p>\n\n\n\n<p>Cet appareil de musculation des jambes est dot\u00e9 de mat\u00e9riaux de haute qualit\u00e9, tels qu&rsquo;un tissu r\u00e9sistant et une quincaillerie en acier inoxydable, qui garantissent une utilisation durable. La technologie de pulv\u00e9risation \u00e9lectrostatique de poudre thermodurcissable offre une finition durable, pr\u00e9servant l&rsquo;aspect de l&rsquo;\u00e9quipement au fil du temps. En outre, les supports de rangement int\u00e9gr\u00e9s pour les plaques de poids vous permettent de garder votre zone d&rsquo;entra\u00eenement organis\u00e9e et efficace.  <\/p>\n<\/div>\n\n\n\n<div class=\"wp-block-column is-vertically-aligned-center is-layout-flow wp-block-column-is-layout-flow\">\n<figure class=\"wp-block-image size-large\"><img loading=\"lazy\" decoding=\"async\" width=\"1024\" height=\"1024\" src=\"https:\/\/store.evolve-fitness.eu\/wp-content\/uploads\/2025\/03\/EV-PL-PR-091-Evolve-Prime-Series-Plate-Loaded-Leg-Press-Recovered-3-1024x1024.png\" alt=\"\" class=\"wp-image-121564\" srcset=\"https:\/\/store.evolve-fitness.eu\/wp-content\/uploads\/2025\/03\/EV-PL-PR-091-Evolve-Prime-Series-Plate-Loaded-Leg-Press-Recovered-3-1024x1024.png 1024w, https:\/\/store.evolve-fitness.eu\/wp-content\/uploads\/2025\/03\/EV-PL-PR-091-Evolve-Prime-Series-Plate-Loaded-Leg-Press-Recovered-3-300x300.png 300w, https:\/\/store.evolve-fitness.eu\/wp-content\/uploads\/2025\/03\/EV-PL-PR-091-Evolve-Prime-Series-Plate-Loaded-Leg-Press-Recovered-3-150x150.png 150w, https:\/\/store.evolve-fitness.eu\/wp-content\/uploads\/2025\/03\/EV-PL-PR-091-Evolve-Prime-Series-Plate-Loaded-Leg-Press-Recovered-3-768x768.png 768w, https:\/\/store.evolve-fitness.eu\/wp-content\/uploads\/2025\/03\/EV-PL-PR-091-Evolve-Prime-Series-Plate-Loaded-Leg-Press-Recovered-3-1536x1536.png 1536w, https:\/\/store.evolve-fitness.eu\/wp-content\/uploads\/2025\/03\/EV-PL-PR-091-Evolve-Prime-Series-Plate-Loaded-Leg-Press-Recovered-3-2048x2048.png 2048w, https:\/\/store.evolve-fitness.eu\/wp-content\/uploads\/2025\/03\/EV-PL-PR-091-Evolve-Prime-Series-Plate-Loaded-Leg-Press-Recovered-3-600x600.png 600w, https:\/\/store.evolve-fitness.eu\/wp-content\/uploads\/2025\/03\/EV-PL-PR-091-Evolve-Prime-Series-Plate-Loaded-Leg-Press-Recovered-3-100x100.png 100w\" sizes=\"auto, (max-width: 1024px) 100vw, 1024px\" \/><\/figure>\n<\/div>\n<\/div>\n<\/section>\n<\/section>\n","protected":false},"excerpt":{"rendered":"<p>La presse \u00e0 jambes \u00e0 plateau Evolve Prime Series (EV-PL-PR-091) est con\u00e7ue pour am\u00e9liorer votre programme d&rsquo;entra\u00eenement musculaire. Cette machine de qualit\u00e9 commerciale offre durabilit\u00e9, confort et performance. Sa conception ergonomique, associ\u00e9e \u00e0 des composants r\u00e9glables, permet de r\u00e9pondre aux besoins des utilisateurs de tous niveaux, ce qui en fait un compl\u00e9ment pr\u00e9cieux pour toute salle de sport professionnelle.  <\/p>\n","protected":false},"featured_media":121597,"template":"","meta":{"_acf_changed":false,"inline_featured_image":false},"product_cat":[780,1202],"product_tag":[],"class_list":{"0":"post-117813","1":"product","2":"type-product","3":"status-publish","4":"has-post-thumbnail","6":"product_cat-machines-a-plateau","7":"product_cat-prime-series-plate-loaded-fr","9":"first","10":"instock","11":"shipping-taxable","12":"purchasable","13":"product-type-simple"},"acf":[],"_links":{"self":[{"href":"https:\/\/store.evolve-fitness.eu\/fr\/wp-json\/wp\/v2\/product\/117813","targetHints":{"allow":["GET"]}}],"collection":[{"href":"https:\/\/store.evolve-fitness.eu\/fr\/wp-json\/wp\/v2\/product"}],"about":[{"href":"https:\/\/store.evolve-fitness.eu\/fr\/wp-json\/wp\/v2\/types\/product"}],"wp:featuredmedia":[{"embeddable":true,"href":"https:\/\/store.evolve-fitness.eu\/fr\/wp-json\/wp\/v2\/media\/121597"}],"wp:attachment":[{"href":"https:\/\/store.evolve-fitness.eu\/fr\/wp-json\/wp\/v2\/media?parent=117813"}],"wp:term":[{"taxonomy":"product_cat","embeddable":true,"href":"https:\/\/store.evolve-fitness.eu\/fr\/wp-json\/wp\/v2\/product_cat?post=117813"},{"taxonomy":"product_tag","embeddable":true,"href":"https:\/\/store.evolve-fitness.eu\/fr\/wp-json\/wp\/v2\/product_tag?post=117813"}],"curies":[{"name":"wp","href":"https:\/\/api.w.org\/{rel}","templated":true}]}}