{"id":117713,"date":"2025-03-12T09:06:09","date_gmt":"2025-03-12T09:06:09","guid":{"rendered":"https:\/\/store.evolve-fitness.eu\/?post_type=product&#038;p=117713"},"modified":"2025-04-04T06:09:56","modified_gmt":"2025-04-04T06:09:56","slug":"machine-a-abdominaux-a-plateau-evolve-prime-series","status":"publish","type":"product","link":"https:\/\/store.evolve-fitness.eu\/fr\/produit\/machine-a-abdominaux-a-plateau-evolve-prime-series\/","title":{"rendered":"Machine \u00e0 abdominaux \u00e0 plateau Evolve Prime Series"},"content":{"rendered":"\n<section class=\"wp-block-group alignfull black-content has-white-color has-darkgray-background-color has-text-color has-background is-layout-constrained wp-block-group-is-layout-constrained\" style=\"padding-top:var(--wp--preset--spacing--section-bottom);padding-bottom:var(--wp--preset--spacing--section-bottom)\">\n<h3 class=\"wp-block-heading has-text-align-center\"><strong><strong>EVOLVE PLATE LOADED PRIME SERIES<\/strong><\/strong><\/h3>\n\n\n\n<p>Avec la s\u00e9rie Evolve Plate Loaded Prime, l&rsquo;excellence est la norme. Am\u00e9liorez votre entra\u00eenement musculaire avec des machines con\u00e7ues pour le confort, la durabilit\u00e9 et la performance. D\u00e9couvrez d\u00e8s aujourd&rsquo;hui l&rsquo;ensemble de la gamme et red\u00e9finissez votre parcours de remise en forme.  <\/p>\n\n\n\n<section class=\"wp-block-group alignfull black-content has-white-color has-darkgray-background-color has-text-color has-background is-layout-constrained wp-block-group-is-layout-constrained\" style=\"padding-top:var(--wp--preset--spacing--section-bottom);padding-bottom:var(--wp--preset--spacing--section-bottom)\">\n<div class=\"wp-block-columns alignwide mobile-reverse is-layout-flex wp-container-core-columns-is-layout-ca64bf2d wp-block-columns-is-layout-flex\" style=\"margin-bottom:var(--wp--preset--spacing--side-padding)\">\n<div class=\"wp-block-column is-vertically-aligned-center is-layout-flow wp-block-column-is-layout-flow\">\n<h3 class=\"wp-block-heading\" style=\"margin-bottom:var(--wp--preset--spacing--h-3-bottom)\"><strong><strong><strong><strong>Machine \u00e0 abdominaux \u00e0 plateau Evolve Prime Series<\/strong><\/strong><\/strong><\/strong><\/h3>\n\n\n\n<p><strong><em><strong><strong>Am\u00e9liorez la force du tronc avec un entra\u00eenement cibl\u00e9 \u00e0 la r\u00e9sistance<\/strong><\/strong><\/em><\/strong><\/p>\n\n\n\n<p style=\"margin-bottom:var(--wp--preset--spacing--tb-section-padding)\">L&rsquo;<strong>appareil Evolve Prime Series Plate Loaded Ab Machine<\/strong> est con\u00e7u pour isoler et renforcer les muscles abdominaux gr\u00e2ce \u00e0 des mouvements contr\u00f4l\u00e9s bas\u00e9s sur la r\u00e9sistance. Dot\u00e9 d&rsquo;un si\u00e8ge ergonomique, d&rsquo;un support rembourr\u00e9 et d&rsquo;un syst\u00e8me de r\u00e9sistance \u00e0 plaques, cet appareil permet aux utilisateurs de solliciter efficacement leurs muscles abdominaux tout en minimisant les tensions dans le bas du dos. Son cadre robuste et ses r\u00e9glages assurent confort et stabilit\u00e9, ce qui en fait l&rsquo;appareil id\u00e9al pour tous les niveaux de fitness cherchant \u00e0 am\u00e9liorer la force et l&rsquo;endurance des muscles abdominaux.  <\/p>\n\n\n\n<h3 class=\"wp-block-heading\" style=\"margin-bottom:var(--wp--preset--spacing--h-3-bottom)\"><strong><strong><strong><strong><strong>Maximisez votre engagement de base<\/strong><\/strong><\/strong><\/strong><\/strong><\/h3>\n\n\n\n<p><strong><em><strong>Mouvement doux et contr\u00f4l\u00e9 pour un entra\u00eenement efficace des abdominaux<\/strong><\/em><\/strong><\/p>\n\n\n\n<p>L&rsquo;<strong>appareil pour abdominaux Evolve Prime Series \u00e0 plateau<\/strong> offre une trajectoire de mouvement guid\u00e9e qui garantit une r\u00e9sistance constante sur toute l&rsquo;amplitude du mouvement. Gr\u00e2ce \u00e0 son syst\u00e8me \u00e0 plaques, les utilisateurs peuvent augmenter progressivement la r\u00e9sistance pour un d\u00e9veloppement musculaire continu. La conception ergonomique favorise une bonne posture, r\u00e9duisant les efforts inutiles tout en maximisant l&rsquo;activation du tronc. Que votre objectif soit d&rsquo;am\u00e9liorer votre stabilit\u00e9 g\u00e9n\u00e9rale, de renforcer votre tronc ou d&rsquo;am\u00e9liorer vos performances sportives, cet appareil vous permet d&rsquo;effectuer un entra\u00eenement abdominal efficace et performant.   <\/p>\n<\/div>\n\n\n\n<div class=\"wp-block-column is-vertically-aligned-center is-layout-flow wp-block-column-is-layout-flow\">\n<figure class=\"wp-block-image size-large\"><img loading=\"lazy\" decoding=\"async\" width=\"1024\" height=\"1024\" src=\"https:\/\/store.evolve-fitness.eu\/wp-content\/uploads\/2025\/03\/EV-PL-PR-072-Evolve-Prime-Series-Plate-Loaded-AB-Machine-1024x1024.png\" alt=\"\" class=\"wp-image-117727\" srcset=\"https:\/\/store.evolve-fitness.eu\/wp-content\/uploads\/2025\/03\/EV-PL-PR-072-Evolve-Prime-Series-Plate-Loaded-AB-Machine-1024x1024.png 1024w, https:\/\/store.evolve-fitness.eu\/wp-content\/uploads\/2025\/03\/EV-PL-PR-072-Evolve-Prime-Series-Plate-Loaded-AB-Machine-300x300.png 300w, https:\/\/store.evolve-fitness.eu\/wp-content\/uploads\/2025\/03\/EV-PL-PR-072-Evolve-Prime-Series-Plate-Loaded-AB-Machine-150x150.png 150w, https:\/\/store.evolve-fitness.eu\/wp-content\/uploads\/2025\/03\/EV-PL-PR-072-Evolve-Prime-Series-Plate-Loaded-AB-Machine-768x768.png 768w, https:\/\/store.evolve-fitness.eu\/wp-content\/uploads\/2025\/03\/EV-PL-PR-072-Evolve-Prime-Series-Plate-Loaded-AB-Machine-1536x1536.png 1536w, https:\/\/store.evolve-fitness.eu\/wp-content\/uploads\/2025\/03\/EV-PL-PR-072-Evolve-Prime-Series-Plate-Loaded-AB-Machine-2048x2048.png 2048w, https:\/\/store.evolve-fitness.eu\/wp-content\/uploads\/2025\/03\/EV-PL-PR-072-Evolve-Prime-Series-Plate-Loaded-AB-Machine-600x600.png 600w, https:\/\/store.evolve-fitness.eu\/wp-content\/uploads\/2025\/03\/EV-PL-PR-072-Evolve-Prime-Series-Plate-Loaded-AB-Machine-100x100.png 100w\" sizes=\"auto, (max-width: 1024px) 100vw, 1024px\" \/><\/figure>\n<\/div>\n<\/div>\n<\/section>\n<\/section>\n","protected":false},"excerpt":{"rendered":"<p>L&rsquo;appareil Evolve Prime Series Plate Loaded Ab Machine est con\u00e7u pour isoler et renforcer les muscles abdominaux gr\u00e2ce \u00e0 des mouvements contr\u00f4l\u00e9s bas\u00e9s sur la r\u00e9sistance. Dot\u00e9 d&rsquo;un si\u00e8ge ergonomique, d&rsquo;un support rembourr\u00e9 et d&rsquo;un syst\u00e8me de r\u00e9sistance \u00e0 plaques, cet appareil permet aux utilisateurs de solliciter efficacement leurs muscles abdominaux tout en minimisant les tensions dans le bas du dos. Son cadre robuste et ses r\u00e9glages assurent confort et stabilit\u00e9, ce qui en fait l&rsquo;appareil id\u00e9al pour tous les niveaux de fitness cherchant \u00e0 am\u00e9liorer la force et l&rsquo;endurance des muscles abdominaux.  <\/p>\n","protected":false},"featured_media":117735,"template":"","meta":{"_acf_changed":false,"inline_featured_image":false},"product_cat":[780,1202],"product_tag":[],"class_list":{"0":"post-117713","1":"product","2":"type-product","3":"status-publish","4":"has-post-thumbnail","6":"product_cat-machines-a-plateau","7":"product_cat-prime-series-plate-loaded-fr","9":"first","10":"instock","11":"taxable","12":"shipping-taxable","13":"purchasable","14":"product-type-simple"},"acf":[],"_links":{"self":[{"href":"https:\/\/store.evolve-fitness.eu\/fr\/wp-json\/wp\/v2\/product\/117713","targetHints":{"allow":["GET"]}}],"collection":[{"href":"https:\/\/store.evolve-fitness.eu\/fr\/wp-json\/wp\/v2\/product"}],"about":[{"href":"https:\/\/store.evolve-fitness.eu\/fr\/wp-json\/wp\/v2\/types\/product"}],"wp:featuredmedia":[{"embeddable":true,"href":"https:\/\/store.evolve-fitness.eu\/fr\/wp-json\/wp\/v2\/media\/117735"}],"wp:attachment":[{"href":"https:\/\/store.evolve-fitness.eu\/fr\/wp-json\/wp\/v2\/media?parent=117713"}],"wp:term":[{"taxonomy":"product_cat","embeddable":true,"href":"https:\/\/store.evolve-fitness.eu\/fr\/wp-json\/wp\/v2\/product_cat?post=117713"},{"taxonomy":"product_tag","embeddable":true,"href":"https:\/\/store.evolve-fitness.eu\/fr\/wp-json\/wp\/v2\/product_tag?post=117713"}],"curies":[{"name":"wp","href":"https:\/\/api.w.org\/{rel}","templated":true}]}}