{"id":117232,"date":"2025-03-12T08:25:54","date_gmt":"2025-03-12T08:25:54","guid":{"rendered":"https:\/\/store.evolve-fitness.eu\/?post_type=product&#038;p=117232"},"modified":"2025-09-25T11:59:32","modified_gmt":"2025-09-25T11:59:32","slug":"evolve-prime-series-plate-loaded-double-function-chest-press-lat-pull-down-4","status":"publish","type":"product","link":"https:\/\/store.evolve-fitness.eu\/fr\/produit\/evolve-prime-series-plate-loaded-double-function-chest-press-lat-pull-down-4\/","title":{"rendered":"Evolve Prime Series Plate Loaded Double Function Chest Press &amp; Lat Pull Down"},"content":{"rendered":"\n<section class=\"wp-block-group alignfull black-content has-white-color has-darkgray-background-color has-text-color has-background is-layout-constrained wp-block-group-is-layout-constrained\" style=\"padding-top:var(--wp--preset--spacing--section-bottom);padding-bottom:var(--wp--preset--spacing--section-bottom)\">\n<h3 class=\"wp-block-heading has-text-align-center\"><strong><strong>EVOLVE PLATE LOADED PRIME SERIES<\/strong><\/strong><\/h3>\n\n\n\n<p>Avec la s\u00e9rie Evolve Plate Loaded Prime, l&rsquo;excellence est la norme. Am\u00e9liorez votre entra\u00eenement musculaire avec des machines con\u00e7ues pour le confort, la durabilit\u00e9 et la performance. D\u00e9couvrez d\u00e8s aujourd&rsquo;hui l&rsquo;ensemble de la gamme et red\u00e9finissez votre parcours de remise en forme.  <\/p>\n\n\n\n<section class=\"wp-block-group alignfull black-content has-white-color has-darkgray-background-color has-text-color has-background is-layout-constrained wp-block-group-is-layout-constrained\" style=\"padding-top:var(--wp--preset--spacing--section-bottom);padding-bottom:var(--wp--preset--spacing--section-bottom)\">\n<div class=\"wp-block-columns alignwide mobile-reverse is-layout-flex wp-container-core-columns-is-layout-ca64bf2d wp-block-columns-is-layout-flex\" style=\"margin-bottom:var(--wp--preset--spacing--side-padding)\">\n<div class=\"wp-block-column is-vertically-aligned-center is-layout-flow wp-block-column-is-layout-flow\">\n<h3 class=\"wp-block-heading\" style=\"margin-bottom:var(--wp--preset--spacing--h-3-bottom)\"><strong><strong><strong><strong>Evolve Prime Series Plate Loaded Double Function Chest Press &amp; Lat Pulldown<\/strong><\/strong><\/strong><\/strong><\/h3>\n\n\n\n<p><strong><strong>Entra\u00eenement polyvalent de la force pour la puissance du haut du corps<\/strong><\/strong><\/p>\n\n\n\n<p style=\"margin-bottom:var(--wp--preset--spacing--tb-section-padding)\">L&rsquo;<strong>Evolve Prime Series Plate Loaded Double Function Chest Press &amp; Lat Pulldown<\/strong> est un appareil multifonctionnel con\u00e7u pour maximiser la force de pouss\u00e9e et de traction dans un design compact et efficace. Ce syst\u00e8me \u00e0 double fonction permet aux utilisateurs de cibler la poitrine, les \u00e9paules et les triceps avec la presse pectorale tout en engageant les lats, les biceps et le haut du dos avec le tirage lat\u00e9ral. Dot\u00e9 d&rsquo;un si\u00e8ge ergonomique, de r\u00e9glages ajustables et d&rsquo;un syst\u00e8me de r\u00e9sistance \u00e0 plaques lisses, cet appareil garantit une amplitude de mouvement naturelle et un engagement musculaire optimal pour un entra\u00eenement complet du haut du corps.  <\/p>\n\n\n\n<h3 class=\"wp-block-heading\" style=\"margin-bottom:var(--wp--preset--spacing--h-3-bottom)\"><strong><strong><strong><strong><strong>Deux exercices puissants dans un seul appareil<\/strong><\/strong><\/strong><\/strong><\/strong><\/h3>\n\n\n\n<p><strong>Conception efficace pour une force \u00e9quilibr\u00e9e du haut du corps<\/strong><\/p>\n\n\n\n<p>L&rsquo;<strong>Evolve Prime Series Plate Loaded Double Function Chest Press &amp; Lat Pulldown<\/strong> offre la commodit\u00e9 de deux exercices essentiels dans un seul appareil peu encombrant. La fonction \u00ab\u00a0Chest Press\u00a0\u00bb permet un mouvement de pouss\u00e9e contr\u00f4l\u00e9 pour d\u00e9velopper la puissance du haut du corps, tandis que la fonction \u00ab\u00a0Lat Pulldown\u00a0\u00bb permet un renforcement efficace du dos avec une r\u00e9sistance douce et personnalisable. Le mouvement ind\u00e9pendant des bras assure un d\u00e9veloppement musculaire \u00e9quilibr\u00e9, tandis que le cadre robuste am\u00e9liore la stabilit\u00e9 et la durabilit\u00e9. Id\u00e9al pour les d\u00e9butants comme pour les athl\u00e8tes confirm\u00e9s, cet appareil offre une exp\u00e9rience compl\u00e8te de musculation du haut du corps.   <\/p>\n<\/div>\n\n\n\n<div class=\"wp-block-column is-vertically-aligned-center is-layout-flow wp-block-column-is-layout-flow\">\n<figure class=\"wp-block-image size-large is-resized is-style-rounded\"><img loading=\"lazy\" decoding=\"async\" width=\"1024\" height=\"1024\" src=\"https:\/\/store.evolve-fitness.eu\/wp-content\/uploads\/2025\/03\/EV-PL-PR-050-Evolve-Prime-Series-Plate-Loaded-Double-Function-Chest-Press-Lat-Pull-Down-3-1024x1024.png\" alt=\"\" class=\"wp-image-121336\" style=\"width:643px;height:706px\" srcset=\"https:\/\/store.evolve-fitness.eu\/wp-content\/uploads\/2025\/03\/EV-PL-PR-050-Evolve-Prime-Series-Plate-Loaded-Double-Function-Chest-Press-Lat-Pull-Down-3-1024x1024.png 1024w, https:\/\/store.evolve-fitness.eu\/wp-content\/uploads\/2025\/03\/EV-PL-PR-050-Evolve-Prime-Series-Plate-Loaded-Double-Function-Chest-Press-Lat-Pull-Down-3-300x300.png 300w, https:\/\/store.evolve-fitness.eu\/wp-content\/uploads\/2025\/03\/EV-PL-PR-050-Evolve-Prime-Series-Plate-Loaded-Double-Function-Chest-Press-Lat-Pull-Down-3-150x150.png 150w, https:\/\/store.evolve-fitness.eu\/wp-content\/uploads\/2025\/03\/EV-PL-PR-050-Evolve-Prime-Series-Plate-Loaded-Double-Function-Chest-Press-Lat-Pull-Down-3-768x768.png 768w, https:\/\/store.evolve-fitness.eu\/wp-content\/uploads\/2025\/03\/EV-PL-PR-050-Evolve-Prime-Series-Plate-Loaded-Double-Function-Chest-Press-Lat-Pull-Down-3-1536x1536.png 1536w, https:\/\/store.evolve-fitness.eu\/wp-content\/uploads\/2025\/03\/EV-PL-PR-050-Evolve-Prime-Series-Plate-Loaded-Double-Function-Chest-Press-Lat-Pull-Down-3-2048x2048.png 2048w, https:\/\/store.evolve-fitness.eu\/wp-content\/uploads\/2025\/03\/EV-PL-PR-050-Evolve-Prime-Series-Plate-Loaded-Double-Function-Chest-Press-Lat-Pull-Down-3-600x600.png 600w, https:\/\/store.evolve-fitness.eu\/wp-content\/uploads\/2025\/03\/EV-PL-PR-050-Evolve-Prime-Series-Plate-Loaded-Double-Function-Chest-Press-Lat-Pull-Down-3-100x100.png 100w\" sizes=\"auto, (max-width: 1024px) 100vw, 1024px\" \/><\/figure>\n<\/div>\n<\/div>\n<\/section>\n<\/section>\n","protected":false},"excerpt":{"rendered":"<p>L&rsquo;Evolve Prime Series Plate Loaded Double Function Chest Press &amp; Lat Pulldown (EV-PL-PR-050) est un appareil multifonctionnel con\u00e7u pour maximiser la force de pouss\u00e9e et de traction dans un design compact et efficace. Ce syst\u00e8me \u00e0 double fonction permet aux utilisateurs de cibler la poitrine, les \u00e9paules et les triceps avec la presse de poitrine tout en engageant les lats, les biceps et le haut du dos avec le tirage lat\u00e9ral. Dot\u00e9 d&rsquo;un si\u00e8ge ergonomique, de r\u00e9glages ajustables et d&rsquo;un syst\u00e8me de r\u00e9sistance \u00e0 plaques lisses, cet appareil garantit une amplitude de mouvement naturelle et un engagement musculaire optimal pour un entra\u00eenement complet du haut du corps.  <\/p>\n","protected":false},"featured_media":121522,"template":"","meta":{"_acf_changed":false,"inline_featured_image":false},"product_cat":[780,1202],"product_tag":[],"class_list":{"0":"post-117232","1":"product","2":"type-product","3":"status-publish","4":"has-post-thumbnail","6":"product_cat-machines-a-plateau","7":"product_cat-prime-series-plate-loaded-fr","9":"first","10":"outofstock","11":"shipping-taxable","12":"purchasable","13":"product-type-simple"},"acf":[],"_links":{"self":[{"href":"https:\/\/store.evolve-fitness.eu\/fr\/wp-json\/wp\/v2\/product\/117232","targetHints":{"allow":["GET"]}}],"collection":[{"href":"https:\/\/store.evolve-fitness.eu\/fr\/wp-json\/wp\/v2\/product"}],"about":[{"href":"https:\/\/store.evolve-fitness.eu\/fr\/wp-json\/wp\/v2\/types\/product"}],"wp:featuredmedia":[{"embeddable":true,"href":"https:\/\/store.evolve-fitness.eu\/fr\/wp-json\/wp\/v2\/media\/121522"}],"wp:attachment":[{"href":"https:\/\/store.evolve-fitness.eu\/fr\/wp-json\/wp\/v2\/media?parent=117232"}],"wp:term":[{"taxonomy":"product_cat","embeddable":true,"href":"https:\/\/store.evolve-fitness.eu\/fr\/wp-json\/wp\/v2\/product_cat?post=117232"},{"taxonomy":"product_tag","embeddable":true,"href":"https:\/\/store.evolve-fitness.eu\/fr\/wp-json\/wp\/v2\/product_tag?post=117232"}],"curies":[{"name":"wp","href":"https:\/\/api.w.org\/{rel}","templated":true}]}}