{"id":117031,"date":"2025-03-12T07:33:11","date_gmt":"2025-03-12T07:33:11","guid":{"rendered":"https:\/\/store.evolve-fitness.eu\/?post_type=product&#038;p=117031"},"modified":"2026-01-09T12:00:18","modified_gmt":"2026-01-09T12:00:18","slug":"evolve-prime-series-vertical-leg-press-nouveau-modele","status":"publish","type":"product","link":"https:\/\/store.evolve-fitness.eu\/fr\/produit\/evolve-prime-series-vertical-leg-press-nouveau-modele\/","title":{"rendered":"Evolve Prime Series Vertical Leg Press Nouveau mod\u00e8le"},"content":{"rendered":"\n<section class=\"wp-block-group alignfull black-content has-white-color has-darkgray-background-color has-text-color has-background is-layout-constrained wp-block-group-is-layout-constrained\" style=\"padding-top:var(--wp--preset--spacing--section-bottom);padding-bottom:var(--wp--preset--spacing--section-bottom)\">\n<h3 class=\"wp-block-heading has-text-align-center\"><strong><strong>EVOLVE PLATE LOADED PRIME SERIES<\/strong><\/strong><\/h3>\n\n\n\n<p>Avec la s\u00e9rie Evolve Plate Loaded Prime, l&rsquo;excellence est la norme. Am\u00e9liorez votre entra\u00eenement musculaire avec des machines con\u00e7ues pour le confort, la durabilit\u00e9 et la performance. D\u00e9couvrez d\u00e8s aujourd&rsquo;hui l&rsquo;ensemble de la gamme et red\u00e9finissez votre parcours de remise en forme.  <\/p>\n\n\n\n<section class=\"wp-block-group alignfull black-content has-white-color has-darkgray-background-color has-text-color has-background is-layout-constrained wp-block-group-is-layout-constrained\" style=\"padding-top:var(--wp--preset--spacing--section-bottom);padding-bottom:var(--wp--preset--spacing--section-bottom)\">\n<div class=\"wp-block-columns alignwide mobile-reverse is-layout-flex wp-container-core-columns-is-layout-ca64bf2d wp-block-columns-is-layout-flex\" style=\"margin-bottom:var(--wp--preset--spacing--side-padding)\">\n<div class=\"wp-block-column is-vertically-aligned-center is-layout-flow wp-block-column-is-layout-flow\">\n<h3 class=\"wp-block-heading\" style=\"margin-bottom:var(--wp--preset--spacing--h-3-bottom)\"><strong><strong><strong>Maximisez l&rsquo;entra\u00eenement de vos jambes avec la presse \u00e0 jambes verticale<\/strong><\/strong><\/strong><\/h3>\n\n\n\n<p style=\"margin-bottom:var(--wp--preset--spacing--tb-section-padding)\">La <strong>presse \u00e0 jambes verticale<\/strong> est con\u00e7ue pour offrir une exp\u00e9rience in\u00e9gal\u00e9e d&rsquo;entra\u00eenement des jambes, en se concentrant directement et de mani\u00e8re isol\u00e9e sur les muscles du bas du corps. Gr\u00e2ce \u00e0 son fonctionnement souple et \u00e0 sa conception ergonomique, cette machine vous permet d&rsquo;effectuer en toute s\u00e9curit\u00e9 des pressions profondes et contr\u00f4l\u00e9es, en ciblant vos quadriceps, vos ischio-jambiers et vos fessiers pour un maximum de force et de d\u00e9veloppement. <\/p>\n\n\n\n<h3 class=\"wp-block-heading\" style=\"margin-bottom:var(--wp--preset--spacing--h-3-bottom)\"><strong><strong><strong><strong><strong>Con\u00e7u pour la stabilit\u00e9 et la pr\u00e9cision<\/strong><\/strong><\/strong><\/strong><\/strong><\/h3>\n\n\n\n<p>Construite dans un souci de durabilit\u00e9, la presse \u00e0 jambes verticale est dot\u00e9e d&rsquo;un cadre robuste qui assure la stabilit\u00e9 de votre entra\u00eenement. Son encombrement r\u00e9duit en fait l&rsquo;appareil id\u00e9al pour les salles de sport \u00e0 domicile ou les centres de remise en forme professionnels, offrant des performances \u00e9lev\u00e9es sans compromettre l&rsquo;espace. Gr\u00e2ce \u00e0 l&rsquo;alignement pr\u00e9cis du repose-pieds et du dossier, votre corps reste dans la position optimale pour un entra\u00eenement s\u00fbr et efficace \u00e0 chaque fois.  <\/p>\n<\/div>\n\n\n\n<div class=\"wp-block-column is-vertically-aligned-center is-layout-flow wp-block-column-is-layout-flow\">\n<figure class=\"wp-block-image size-large is-resized is-style-rounded\"><img loading=\"lazy\" decoding=\"async\" width=\"1024\" height=\"1024\" src=\"https:\/\/store.evolve-fitness.eu\/wp-content\/uploads\/2025\/03\/EV-PL-PR-039-Evolve-Prime-Series-Plate-Loaded-Vertical-Leg-Press-2-1024x1024.png\" alt=\"\" class=\"wp-image-121260\" style=\"width:643px;height:706px\" srcset=\"https:\/\/store.evolve-fitness.eu\/wp-content\/uploads\/2025\/03\/EV-PL-PR-039-Evolve-Prime-Series-Plate-Loaded-Vertical-Leg-Press-2-1024x1024.png 1024w, https:\/\/store.evolve-fitness.eu\/wp-content\/uploads\/2025\/03\/EV-PL-PR-039-Evolve-Prime-Series-Plate-Loaded-Vertical-Leg-Press-2-300x300.png 300w, https:\/\/store.evolve-fitness.eu\/wp-content\/uploads\/2025\/03\/EV-PL-PR-039-Evolve-Prime-Series-Plate-Loaded-Vertical-Leg-Press-2-150x150.png 150w, https:\/\/store.evolve-fitness.eu\/wp-content\/uploads\/2025\/03\/EV-PL-PR-039-Evolve-Prime-Series-Plate-Loaded-Vertical-Leg-Press-2-768x768.png 768w, https:\/\/store.evolve-fitness.eu\/wp-content\/uploads\/2025\/03\/EV-PL-PR-039-Evolve-Prime-Series-Plate-Loaded-Vertical-Leg-Press-2-1536x1536.png 1536w, https:\/\/store.evolve-fitness.eu\/wp-content\/uploads\/2025\/03\/EV-PL-PR-039-Evolve-Prime-Series-Plate-Loaded-Vertical-Leg-Press-2-2048x2048.png 2048w, https:\/\/store.evolve-fitness.eu\/wp-content\/uploads\/2025\/03\/EV-PL-PR-039-Evolve-Prime-Series-Plate-Loaded-Vertical-Leg-Press-2-600x600.png 600w, https:\/\/store.evolve-fitness.eu\/wp-content\/uploads\/2025\/03\/EV-PL-PR-039-Evolve-Prime-Series-Plate-Loaded-Vertical-Leg-Press-2-100x100.png 100w\" sizes=\"auto, (max-width: 1024px) 100vw, 1024px\" \/><\/figure>\n<\/div>\n<\/div>\n<\/section>\n<\/section>\n","protected":false},"excerpt":{"rendered":"<p>La presse \u00e0 jambes verticale Evolve Prime Series (EV-PL-PR-039) est une machine compacte mais puissante con\u00e7ue pour fournir un entra\u00eenement efficace du bas du corps en ciblant les quadriceps, les ischio-jambiers et les fessiers. Construite avec un cadre robuste et peu encombrant, elle garantit la stabilit\u00e9 et la durabilit\u00e9 de l&rsquo;appareil, que ce soit pour une utilisation \u00e0 domicile ou dans une salle de sport professionnelle. Gr\u00e2ce \u00e0 sa construction robuste et \u00e0 l&rsquo;attention port\u00e9e \u00e0 la s\u00e9curit\u00e9, cet appareil est id\u00e9al pour ceux qui cherchent \u00e0 d\u00e9velopper leur force, leur d\u00e9finition musculaire et leur puissance globale au niveau du bas du corps.  <\/p>\n","protected":false},"featured_media":121293,"template":"","meta":{"_acf_changed":false,"inline_featured_image":false},"product_cat":[780,1202],"product_tag":[],"class_list":{"0":"post-117031","1":"product","2":"type-product","3":"status-publish","4":"has-post-thumbnail","6":"product_cat-machines-a-plateau","7":"product_cat-prime-series-plate-loaded-fr","9":"first","10":"outofstock","11":"taxable","12":"shipping-taxable","13":"purchasable","14":"product-type-simple"},"acf":[],"_links":{"self":[{"href":"https:\/\/store.evolve-fitness.eu\/fr\/wp-json\/wp\/v2\/product\/117031","targetHints":{"allow":["GET"]}}],"collection":[{"href":"https:\/\/store.evolve-fitness.eu\/fr\/wp-json\/wp\/v2\/product"}],"about":[{"href":"https:\/\/store.evolve-fitness.eu\/fr\/wp-json\/wp\/v2\/types\/product"}],"wp:featuredmedia":[{"embeddable":true,"href":"https:\/\/store.evolve-fitness.eu\/fr\/wp-json\/wp\/v2\/media\/121293"}],"wp:attachment":[{"href":"https:\/\/store.evolve-fitness.eu\/fr\/wp-json\/wp\/v2\/media?parent=117031"}],"wp:term":[{"taxonomy":"product_cat","embeddable":true,"href":"https:\/\/store.evolve-fitness.eu\/fr\/wp-json\/wp\/v2\/product_cat?post=117031"},{"taxonomy":"product_tag","embeddable":true,"href":"https:\/\/store.evolve-fitness.eu\/fr\/wp-json\/wp\/v2\/product_tag?post=117031"}],"curies":[{"name":"wp","href":"https:\/\/api.w.org\/{rel}","templated":true}]}}