{"id":116930,"date":"2025-03-12T06:11:43","date_gmt":"2025-03-12T06:11:43","guid":{"rendered":"https:\/\/store.evolve-fitness.eu\/?post_type=product&#038;p=116930"},"modified":"2025-12-13T13:27:09","modified_gmt":"2025-12-13T13:27:09","slug":"evolve-prime-series-presse-thoracique-horizontale-a-plateau-nouveau-modele","status":"publish","type":"product","link":"https:\/\/store.evolve-fitness.eu\/fr\/produit\/evolve-prime-series-presse-thoracique-horizontale-a-plateau-nouveau-modele\/","title":{"rendered":"Evolve Prime Series Presse thoracique horizontale \u00e0 plateau Nouveau mod\u00e8le"},"content":{"rendered":"\n<section class=\"wp-block-group alignfull black-content has-white-color has-darkgray-background-color has-text-color has-background is-layout-constrained wp-block-group-is-layout-constrained\" style=\"padding-top:var(--wp--preset--spacing--section-bottom);padding-bottom:var(--wp--preset--spacing--section-bottom)\">\n<h3 class=\"wp-block-heading has-text-align-center\"><strong><strong>EVOLVE PLATE LOADED PRIME SERIES<\/strong><\/strong><\/h3>\n\n\n\n<p>Avec la s\u00e9rie Evolve Plate Loaded Prime, l&rsquo;excellence est la norme. Am\u00e9liorez votre entra\u00eenement musculaire avec des machines con\u00e7ues pour le confort, la durabilit\u00e9 et la performance. D\u00e9couvrez d\u00e8s aujourd&rsquo;hui l&rsquo;ensemble de la gamme et red\u00e9finissez votre parcours de remise en forme.  <\/p>\n\n\n\n<section class=\"wp-block-group alignfull black-content has-white-color has-darkgray-background-color has-text-color has-background is-layout-constrained wp-block-group-is-layout-constrained\" style=\"padding-top:var(--wp--preset--spacing--section-bottom);padding-bottom:var(--wp--preset--spacing--section-bottom)\">\n<div class=\"wp-block-columns alignwide mobile-reverse is-layout-flex wp-container-core-columns-is-layout-ca64bf2d wp-block-columns-is-layout-flex\" style=\"margin-bottom:var(--wp--preset--spacing--side-padding)\">\n<div class=\"wp-block-column is-vertically-aligned-center is-layout-flow wp-block-column-is-layout-flow\">\n<h3 class=\"wp-block-heading\" style=\"margin-bottom:var(--wp--preset--spacing--h-3-bottom)\"><strong><strong><strong>Entra\u00eenements efficaces pour le haut du corps<\/strong><\/strong><\/strong><\/h3>\n\n\n\n<p><strong><em><strong>Engagement musculaire cibl\u00e9<\/strong><\/em><\/strong><\/p>\n\n\n\n<p style=\"margin-bottom:var(--wp--preset--spacing--tb-section-padding)\">La presse thoracique horizontale \u00e0 plateau Evolve Prime Series est con\u00e7ue pour cibler efficacement la poitrine, les \u00e9paules et les triceps. Gr\u00e2ce \u00e0 son syst\u00e8me de r\u00e9glage convivial, les utilisateurs peuvent facilement s&rsquo;installer et passer d&rsquo;un exercice \u00e0 l&rsquo;autre, ce qui garantit une exp\u00e9rience d&rsquo;entra\u00eenement polyvalente. <\/p>\n\n\n\n<h3 class=\"wp-block-heading\" style=\"margin-bottom:var(--wp--preset--spacing--h-3-bottom)\"><strong><strong><strong><strong><strong>Caract\u00e9ristiques Premium<\/strong><\/strong><\/strong><\/strong><\/strong><\/h3>\n\n\n\n<p><strong><em>Durabilit\u00e9 et efficacit\u00e9 de l&rsquo;espace<\/em><\/strong><\/p>\n\n\n\n<p>Fabriqu\u00e9e avec un tissu robuste de haute qualit\u00e9 et du mat\u00e9riel en acier inoxydable, cette machine garantit une utilisation durable. La technologie de pulv\u00e9risation \u00e9lectrostatique de poudre thermodurcissable offre une finition durable qui pr\u00e9serve l&rsquo;aspect de l&rsquo;\u00e9quipement. <\/p>\n<\/div>\n\n\n\n<div class=\"wp-block-column is-vertically-aligned-center is-layout-flow wp-block-column-is-layout-flow\">\n<figure class=\"wp-block-image size-large\"><img loading=\"lazy\" decoding=\"async\" width=\"1024\" height=\"1024\" src=\"https:\/\/store.evolve-fitness.eu\/wp-content\/uploads\/2025\/03\/EV-PL-PR-028-Evolve-Prime-Series-Plate-Loaded-Iso-Lateral-Horizontal-Bench-Press-Recovered-2-1024x1024.png\" alt=\"\" class=\"wp-image-121185\" srcset=\"https:\/\/store.evolve-fitness.eu\/wp-content\/uploads\/2025\/03\/EV-PL-PR-028-Evolve-Prime-Series-Plate-Loaded-Iso-Lateral-Horizontal-Bench-Press-Recovered-2-1024x1024.png 1024w, https:\/\/store.evolve-fitness.eu\/wp-content\/uploads\/2025\/03\/EV-PL-PR-028-Evolve-Prime-Series-Plate-Loaded-Iso-Lateral-Horizontal-Bench-Press-Recovered-2-300x300.png 300w, https:\/\/store.evolve-fitness.eu\/wp-content\/uploads\/2025\/03\/EV-PL-PR-028-Evolve-Prime-Series-Plate-Loaded-Iso-Lateral-Horizontal-Bench-Press-Recovered-2-150x150.png 150w, https:\/\/store.evolve-fitness.eu\/wp-content\/uploads\/2025\/03\/EV-PL-PR-028-Evolve-Prime-Series-Plate-Loaded-Iso-Lateral-Horizontal-Bench-Press-Recovered-2-768x768.png 768w, https:\/\/store.evolve-fitness.eu\/wp-content\/uploads\/2025\/03\/EV-PL-PR-028-Evolve-Prime-Series-Plate-Loaded-Iso-Lateral-Horizontal-Bench-Press-Recovered-2-1536x1536.png 1536w, https:\/\/store.evolve-fitness.eu\/wp-content\/uploads\/2025\/03\/EV-PL-PR-028-Evolve-Prime-Series-Plate-Loaded-Iso-Lateral-Horizontal-Bench-Press-Recovered-2-2048x2048.png 2048w, https:\/\/store.evolve-fitness.eu\/wp-content\/uploads\/2025\/03\/EV-PL-PR-028-Evolve-Prime-Series-Plate-Loaded-Iso-Lateral-Horizontal-Bench-Press-Recovered-2-600x600.png 600w, https:\/\/store.evolve-fitness.eu\/wp-content\/uploads\/2025\/03\/EV-PL-PR-028-Evolve-Prime-Series-Plate-Loaded-Iso-Lateral-Horizontal-Bench-Press-Recovered-2-100x100.png 100w\" sizes=\"auto, (max-width: 1024px) 100vw, 1024px\" \/><\/figure>\n<\/div>\n<\/div>\n<\/section>\n<\/section>\n","protected":false},"excerpt":{"rendered":"<p>La presse thoracique horizontale \u00e0 plateau Evolve Prime Series (EV-PL-PR-028) est un appareil de fitness haut de gamme con\u00e7u pour optimiser vos s\u00e9ances d&rsquo;entra\u00eenement du haut du corps. Construit avec des mat\u00e9riaux de qualit\u00e9 commerciale, cet appareil vous assure confort, durabilit\u00e9 et performance. Sa conception ergonomique et ses fonctions r\u00e9glables en font un appareil id\u00e9al pour les utilisateurs de tous niveaux, parfait pour les salles de sport professionnelles.  <\/p>\n","protected":false},"featured_media":121218,"template":"","meta":{"_acf_changed":false,"inline_featured_image":false},"product_cat":[780,1202],"product_tag":[],"class_list":{"0":"post-116930","1":"product","2":"type-product","3":"status-publish","4":"has-post-thumbnail","6":"product_cat-machines-a-plateau","7":"product_cat-prime-series-plate-loaded-fr","9":"first","10":"instock","11":"taxable","12":"shipping-taxable","13":"purchasable","14":"product-type-simple"},"acf":[],"_links":{"self":[{"href":"https:\/\/store.evolve-fitness.eu\/fr\/wp-json\/wp\/v2\/product\/116930","targetHints":{"allow":["GET"]}}],"collection":[{"href":"https:\/\/store.evolve-fitness.eu\/fr\/wp-json\/wp\/v2\/product"}],"about":[{"href":"https:\/\/store.evolve-fitness.eu\/fr\/wp-json\/wp\/v2\/types\/product"}],"wp:featuredmedia":[{"embeddable":true,"href":"https:\/\/store.evolve-fitness.eu\/fr\/wp-json\/wp\/v2\/media\/121218"}],"wp:attachment":[{"href":"https:\/\/store.evolve-fitness.eu\/fr\/wp-json\/wp\/v2\/media?parent=116930"}],"wp:term":[{"taxonomy":"product_cat","embeddable":true,"href":"https:\/\/store.evolve-fitness.eu\/fr\/wp-json\/wp\/v2\/product_cat?post=116930"},{"taxonomy":"product_tag","embeddable":true,"href":"https:\/\/store.evolve-fitness.eu\/fr\/wp-json\/wp\/v2\/product_tag?post=116930"}],"curies":[{"name":"wp","href":"https:\/\/api.w.org\/{rel}","templated":true}]}}