{"id":116754,"date":"2025-03-10T13:42:02","date_gmt":"2025-03-10T13:42:02","guid":{"rendered":"https:\/\/store.evolve-fitness.eu\/?post_type=product&#038;p=116754"},"modified":"2026-04-08T12:00:30","modified_gmt":"2026-04-08T12:00:30","slug":"evolve-prime-series-chest-press-avec-charge-dune-plaque-en-inclinaison","status":"publish","type":"product","link":"https:\/\/store.evolve-fitness.eu\/fr\/produit\/evolve-prime-series-chest-press-avec-charge-dune-plaque-en-inclinaison\/","title":{"rendered":"Evolve Prime Series Chest Press avec charge de plaque (PR-026)"},"content":{"rendered":"\n<section class=\"wp-block-group alignfull black-content has-white-color has-darkgray-background-color has-text-color has-background is-layout-constrained wp-block-group-is-layout-constrained\" style=\"padding-top:var(--wp--preset--spacing--section-bottom);padding-bottom:var(--wp--preset--spacing--section-bottom)\">\n<h3 class=\"wp-block-heading has-text-align-center\"><strong><strong>EVOLVE PLATE LOADED PRIME SERIES<\/strong><\/strong><\/h3>\n\n\n\n<p>Avec la s\u00e9rie Evolve Plate Loaded Prime, l&rsquo;excellence est la norme. Am\u00e9liorez votre entra\u00eenement musculaire avec des machines con\u00e7ues pour le confort, la durabilit\u00e9 et la performance. D\u00e9couvrez d\u00e8s aujourd&rsquo;hui l&rsquo;ensemble de la gamme et red\u00e9finissez votre parcours de remise en forme.  <\/p>\n\n\n\n<section class=\"wp-block-group alignfull black-content has-white-color has-darkgray-background-color has-text-color has-background is-layout-constrained wp-block-group-is-layout-constrained\" style=\"padding-top:var(--wp--preset--spacing--section-bottom);padding-bottom:var(--wp--preset--spacing--section-bottom)\">\n<div class=\"wp-block-columns alignwide mobile-reverse is-layout-flex wp-container-core-columns-is-layout-ca64bf2d wp-block-columns-is-layout-flex\" style=\"margin-bottom:var(--wp--preset--spacing--side-padding)\">\n<div class=\"wp-block-column is-vertically-aligned-center is-layout-flow wp-block-column-is-layout-flow\">\n<h3 class=\"wp-block-heading\" style=\"margin-bottom:var(--wp--preset--spacing--h-3-bottom)\"><strong><strong><strong><strong>Evolve Prime Series Chest Press avec charge d&rsquo;une plaque en inclinaison<\/strong><\/strong><\/strong><\/strong><\/h3>\n\n\n\n<p><strong><em><strong><strong><strong><strong>Maximisez la force du bas de la poitrine gr\u00e2ce \u00e0 une biom\u00e9canique sup\u00e9rieure<\/strong><\/strong><\/strong><\/strong><\/em><\/strong><\/p>\n\n\n\n<p style=\"margin-bottom:var(--wp--preset--spacing--tb-section-padding)\">L&rsquo;<strong>appareil Evolve Prime Series Plate Loaded Decline Chest Press<\/strong> est con\u00e7u pour cibler efficacement les muscles inf\u00e9rieurs de la poitrine tout en assurant un mouvement de pression naturel et contr\u00f4l\u00e9. Avec son si\u00e8ge ergonomique, son dossier inclin\u00e9 et son syst\u00e8me de r\u00e9sistance \u00e0 plaques, cette machine optimise l&rsquo;engagement musculaire tout en minimisant les contraintes articulaires. Le mouvement ind\u00e9pendant des bras favorise un d\u00e9veloppement \u00e9quilibr\u00e9, tandis que le cadre robuste assure la durabilit\u00e9 et la stabilit\u00e9, ce qui en fait un outil essentiel pour l&rsquo;entra\u00eenement progressif de la force.  <\/p>\n\n\n\n<h3 class=\"wp-block-heading\" style=\"margin-bottom:var(--wp--preset--spacing--h-3-bottom)\"><strong><strong><strong><strong><strong><strong>Am\u00e9liorez la d\u00e9finition de votre poitrine inf\u00e9rieure<\/strong><\/strong><\/strong><\/strong><\/strong><\/strong><\/h3>\n\n\n\n<p><strong><em><strong>Mouvement doux et contr\u00f4l\u00e9 pour une activation musculaire maximale<\/strong><\/em><\/strong><\/p>\n\n\n\n<p>L&rsquo;<strong>Evolve Prime Series Decline Chest Press \u00e0 plateau<\/strong> permet aux utilisateurs de d\u00e9velopper une puissance de pression explosive gr\u00e2ce \u00e0 un parcours guid\u00e9 et optimis\u00e9 sur le plan biom\u00e9canique. Le syst\u00e8me \u00e0 plaques permet de personnaliser les niveaux de r\u00e9sistance, pour les d\u00e9butants comme pour les plus avanc\u00e9s. Son angle de d\u00e9clin strat\u00e9giquement con\u00e7u am\u00e9liore l&rsquo;activation des pectoraux inf\u00e9rieurs tout en r\u00e9duisant le stress inutile sur les \u00e9paules. Que votre objectif soit la force, la croissance musculaire ou l&rsquo;endurance, cette machine offre un entra\u00eenement tr\u00e8s efficace de la partie inf\u00e9rieure de la poitrine avec une r\u00e9sistance douce et efficace.   <\/p>\n<\/div>\n\n\n\n<div class=\"wp-block-column is-vertically-aligned-center is-layout-flow wp-block-column-is-layout-flow\">\n<figure class=\"wp-block-image size-large is-resized is-style-rounded\"><img loading=\"lazy\" decoding=\"async\" width=\"1024\" height=\"1024\" src=\"https:\/\/store.evolve-fitness.eu\/wp-content\/uploads\/2025\/03\/EV-PL-PR-026-Evolve-Prime-Series-Plate-Loaded-Decline-Chest-Press-Recovered-2-1024x1024.png\" alt=\"\" class=\"wp-image-121035\" style=\"width:643px;height:706px\" srcset=\"https:\/\/store.evolve-fitness.eu\/wp-content\/uploads\/2025\/03\/EV-PL-PR-026-Evolve-Prime-Series-Plate-Loaded-Decline-Chest-Press-Recovered-2-1024x1024.png 1024w, https:\/\/store.evolve-fitness.eu\/wp-content\/uploads\/2025\/03\/EV-PL-PR-026-Evolve-Prime-Series-Plate-Loaded-Decline-Chest-Press-Recovered-2-300x300.png 300w, https:\/\/store.evolve-fitness.eu\/wp-content\/uploads\/2025\/03\/EV-PL-PR-026-Evolve-Prime-Series-Plate-Loaded-Decline-Chest-Press-Recovered-2-150x150.png 150w, https:\/\/store.evolve-fitness.eu\/wp-content\/uploads\/2025\/03\/EV-PL-PR-026-Evolve-Prime-Series-Plate-Loaded-Decline-Chest-Press-Recovered-2-768x768.png 768w, https:\/\/store.evolve-fitness.eu\/wp-content\/uploads\/2025\/03\/EV-PL-PR-026-Evolve-Prime-Series-Plate-Loaded-Decline-Chest-Press-Recovered-2-1536x1536.png 1536w, https:\/\/store.evolve-fitness.eu\/wp-content\/uploads\/2025\/03\/EV-PL-PR-026-Evolve-Prime-Series-Plate-Loaded-Decline-Chest-Press-Recovered-2-2048x2048.png 2048w, https:\/\/store.evolve-fitness.eu\/wp-content\/uploads\/2025\/03\/EV-PL-PR-026-Evolve-Prime-Series-Plate-Loaded-Decline-Chest-Press-Recovered-2-600x600.png 600w, https:\/\/store.evolve-fitness.eu\/wp-content\/uploads\/2025\/03\/EV-PL-PR-026-Evolve-Prime-Series-Plate-Loaded-Decline-Chest-Press-Recovered-2-100x100.png 100w\" sizes=\"auto, (max-width: 1024px) 100vw, 1024px\" \/><\/figure>\n<\/div>\n<\/div>\n<\/section>\n<\/section>\n","protected":false},"excerpt":{"rendered":"<p>L&rsquo;appareil Evolve Prime Series Plate Loaded Decline Chest Press est con\u00e7u pour cibler les muscles inf\u00e9rieurs de la poitrine gr\u00e2ce \u00e0 un mouvement de pression fluide et contr\u00f4l\u00e9. Dot\u00e9 d&rsquo;un cadre durable, d&rsquo;un si\u00e8ge ergonomique et d&rsquo;un syst\u00e8me de r\u00e9sistance \u00e0 plaques, cet appareil permet de personnaliser l&rsquo;intensit\u00e9 pour l&rsquo;adapter \u00e0 tous les niveaux de condition physique. Id\u00e9al pour d\u00e9velopper la force du haut du corps, il assure une activation efficace des muscles tout en offrant stabilit\u00e9 et confort pendant votre entra\u00eenement. Parfait pour am\u00e9liorer la d\u00e9finition de la poitrine et la puissance globale du haut du corps.   <\/p>\n","protected":false},"featured_media":121068,"template":"","meta":{"_acf_changed":false,"inline_featured_image":false},"product_cat":[780,1202],"product_tag":[],"class_list":{"0":"post-116754","1":"product","2":"type-product","3":"status-publish","4":"has-post-thumbnail","6":"product_cat-machines-a-plateau","7":"product_cat-prime-series-plate-loaded-fr","9":"first","10":"instock","11":"taxable","12":"shipping-taxable","13":"purchasable","14":"product-type-simple"},"acf":[],"_links":{"self":[{"href":"https:\/\/store.evolve-fitness.eu\/fr\/wp-json\/wp\/v2\/product\/116754","targetHints":{"allow":["GET"]}}],"collection":[{"href":"https:\/\/store.evolve-fitness.eu\/fr\/wp-json\/wp\/v2\/product"}],"about":[{"href":"https:\/\/store.evolve-fitness.eu\/fr\/wp-json\/wp\/v2\/types\/product"}],"wp:featuredmedia":[{"embeddable":true,"href":"https:\/\/store.evolve-fitness.eu\/fr\/wp-json\/wp\/v2\/media\/121068"}],"wp:attachment":[{"href":"https:\/\/store.evolve-fitness.eu\/fr\/wp-json\/wp\/v2\/media?parent=116754"}],"wp:term":[{"taxonomy":"product_cat","embeddable":true,"href":"https:\/\/store.evolve-fitness.eu\/fr\/wp-json\/wp\/v2\/product_cat?post=116754"},{"taxonomy":"product_tag","embeddable":true,"href":"https:\/\/store.evolve-fitness.eu\/fr\/wp-json\/wp\/v2\/product_tag?post=116754"}],"curies":[{"name":"wp","href":"https:\/\/api.w.org\/{rel}","templated":true}]}}