{"id":116478,"date":"2025-03-10T13:08:39","date_gmt":"2025-03-10T13:08:39","guid":{"rendered":"https:\/\/store.evolve-fitness.eu\/?post_type=product&#038;p=116478"},"modified":"2025-03-27T09:14:19","modified_gmt":"2025-03-27T09:14:19","slug":"presse-a-epaulement-evolve-prime-series-avec-charge-de-plaques","status":"publish","type":"product","link":"https:\/\/store.evolve-fitness.eu\/fr\/produit\/presse-a-epaulement-evolve-prime-series-avec-charge-de-plaques\/","title":{"rendered":"Presse \u00e0 \u00e9paulement Evolve Prime Series avec charge de plaques"},"content":{"rendered":"\n<section class=\"wp-block-group alignfull black-content has-white-color has-darkgray-background-color has-text-color has-background is-layout-constrained wp-block-group-is-layout-constrained\" style=\"padding-top:var(--wp--preset--spacing--section-bottom);padding-bottom:var(--wp--preset--spacing--section-bottom)\">\n<h3 class=\"wp-block-heading has-text-align-center\"><strong><strong>EVOLVE PLATE LOADED PRIME SERIES<\/strong><\/strong><\/h3>\n\n\n\n<p>Avec la s\u00e9rie Evolve Plate Loaded Prime, l&rsquo;excellence est la norme. Am\u00e9liorez votre entra\u00eenement musculaire avec des machines con\u00e7ues pour le confort, la durabilit\u00e9 et la performance. D\u00e9couvrez d\u00e8s aujourd&rsquo;hui l&rsquo;ensemble de la gamme et red\u00e9finissez votre parcours de remise en forme.  <\/p>\n\n\n\n<section class=\"wp-block-group alignfull black-content has-white-color has-darkgray-background-color has-text-color has-background is-layout-constrained wp-block-group-is-layout-constrained\" style=\"padding-top:var(--wp--preset--spacing--section-bottom);padding-bottom:var(--wp--preset--spacing--section-bottom)\">\n<div class=\"wp-block-columns alignwide mobile-reverse is-layout-flex wp-container-core-columns-is-layout-ca64bf2d wp-block-columns-is-layout-flex\" style=\"margin-bottom:var(--wp--preset--spacing--side-padding)\">\n<div class=\"wp-block-column is-vertically-aligned-center is-layout-flow wp-block-column-is-layout-flow\">\n<h3 class=\"wp-block-heading\" style=\"margin-bottom:var(--wp--preset--spacing--h-3-bottom)\"><strong><strong><strong>Presse \u00e0 \u00e9paulement Evolve Prime Series avec charge de plaques<\/strong><\/strong><\/strong><\/h3>\n\n\n\n<p><strong><em><strong><strong><strong>Am\u00e9liorez la force des \u00e9paules avec pr\u00e9cision et puissance<\/strong><\/strong><\/strong><\/em><\/strong><\/p>\n\n\n\n<p style=\"margin-bottom:var(--wp--preset--spacing--tb-section-padding)\">L&rsquo;<strong>Evolve Prime Series Plate Loaded Shoulder Press<\/strong> est con\u00e7u pour offrir un entra\u00eenement contr\u00f4l\u00e9 et efficace du haut du corps, ciblant les delto\u00efdes, les triceps et le haut de la poitrine. Gr\u00e2ce \u00e0 son si\u00e8ge ergonomique, au mouvement ind\u00e9pendant des bras et au syst\u00e8me de r\u00e9sistance \u00e0 plaques, cette machine permet un mouvement de pression naturel tout en minimisant la tension sur les articulations. Sa construction robuste garantit sa durabilit\u00e9, ce qui en fait un compl\u00e9ment essentiel \u00e0 tout programme d&rsquo;entra\u00eenement musculaire. Que vous cherchiez \u00e0 d\u00e9velopper vos muscles, \u00e0 am\u00e9liorer votre endurance ou \u00e0 renforcer la stabilit\u00e9 de vos \u00e9paules, cet appareil offre la combinaison parfaite de puissance et de pr\u00e9cision.   <\/p>\n\n\n\n<h3 class=\"wp-block-heading\" style=\"margin-bottom:var(--wp--preset--spacing--h-3-bottom)\"><strong><strong><strong><strong><strong>Maximiser le d\u00e9veloppement des \u00e9paules<\/strong><\/strong><\/strong><\/strong><\/strong><\/h3>\n\n\n\n<p><strong><em>Optimisation biom\u00e9canique de la force et de la s\u00e9curit\u00e9<\/em><\/strong><\/p>\n\n\n\n<p>L&rsquo;<strong>Evolve Prime Series Plate Loaded Shoulder Press<\/strong> pr\u00e9sente une trajectoire de mouvement fluide et guid\u00e9e qui garantit un engagement musculaire homog\u00e8ne sur toute l&rsquo;amplitude du mouvement. Son si\u00e8ge r\u00e9glable et ses multiples positions de pr\u00e9hension permettent de personnaliser les s\u00e9ances d&rsquo;entra\u00eenement en fonction des diff\u00e9rents types de corps et des pr\u00e9f\u00e9rences d&rsquo;entra\u00eenement. Le syst\u00e8me \u00e0 plateau permet une surcharge progressive, ce qui en fait un appareil adapt\u00e9 aux d\u00e9butants comme aux plus exp\u00e9riment\u00e9s. Con\u00e7u pour la stabilit\u00e9 et la performance, cet appareil de presse \u00e0 \u00e9paules est un outil id\u00e9al pour construire des \u00e9paules fortes et bien d\u00e9finies avec une r\u00e9sistance contr\u00f4l\u00e9e et efficace.   <\/p>\n<\/div>\n\n\n\n<div class=\"wp-block-column is-vertically-aligned-center is-layout-flow wp-block-column-is-layout-flow\">\n<figure class=\"wp-block-image size-large is-resized is-style-rounded\"><img loading=\"lazy\" decoding=\"async\" width=\"1024\" height=\"1024\" src=\"https:\/\/store.evolve-fitness.eu\/wp-content\/uploads\/2025\/03\/EV-PL-PR-024-Evolve-Prime-Series-Plate-Loaded-Shoulder-Press-Recovered-2-1024x1024.png\" alt=\"\" class=\"wp-image-116542\" style=\"width:643px;height:706px\" srcset=\"https:\/\/store.evolve-fitness.eu\/wp-content\/uploads\/2025\/03\/EV-PL-PR-024-Evolve-Prime-Series-Plate-Loaded-Shoulder-Press-Recovered-2-1024x1024.png 1024w, https:\/\/store.evolve-fitness.eu\/wp-content\/uploads\/2025\/03\/EV-PL-PR-024-Evolve-Prime-Series-Plate-Loaded-Shoulder-Press-Recovered-2-300x300.png 300w, https:\/\/store.evolve-fitness.eu\/wp-content\/uploads\/2025\/03\/EV-PL-PR-024-Evolve-Prime-Series-Plate-Loaded-Shoulder-Press-Recovered-2-150x150.png 150w, https:\/\/store.evolve-fitness.eu\/wp-content\/uploads\/2025\/03\/EV-PL-PR-024-Evolve-Prime-Series-Plate-Loaded-Shoulder-Press-Recovered-2-768x768.png 768w, https:\/\/store.evolve-fitness.eu\/wp-content\/uploads\/2025\/03\/EV-PL-PR-024-Evolve-Prime-Series-Plate-Loaded-Shoulder-Press-Recovered-2-1536x1536.png 1536w, https:\/\/store.evolve-fitness.eu\/wp-content\/uploads\/2025\/03\/EV-PL-PR-024-Evolve-Prime-Series-Plate-Loaded-Shoulder-Press-Recovered-2-2048x2048.png 2048w, https:\/\/store.evolve-fitness.eu\/wp-content\/uploads\/2025\/03\/EV-PL-PR-024-Evolve-Prime-Series-Plate-Loaded-Shoulder-Press-Recovered-2-600x600.png 600w, https:\/\/store.evolve-fitness.eu\/wp-content\/uploads\/2025\/03\/EV-PL-PR-024-Evolve-Prime-Series-Plate-Loaded-Shoulder-Press-Recovered-2-100x100.png 100w\" sizes=\"auto, (max-width: 1024px) 100vw, 1024px\" \/><\/figure>\n<\/div>\n<\/div>\n<\/section>\n<\/section>\n","protected":false},"excerpt":{"rendered":"<p>L&rsquo;Evolve Prime Series Plate Loaded Shoulder Press est con\u00e7u pour offrir un entra\u00eenement contr\u00f4l\u00e9 et efficace du haut du corps, ciblant les delto\u00efdes, les triceps et le haut de la poitrine. Gr\u00e2ce \u00e0 son si\u00e8ge ergonomique, au mouvement ind\u00e9pendant des bras et au syst\u00e8me de r\u00e9sistance \u00e0 plaques, cette machine permet un mouvement de pression naturel tout en minimisant la tension sur les articulations. Sa construction robuste garantit sa durabilit\u00e9, ce qui en fait un compl\u00e9ment essentiel \u00e0 tout programme d&rsquo;entra\u00eenement musculaire. Que vous cherchiez \u00e0 d\u00e9velopper vos muscles, \u00e0 am\u00e9liorer votre endurance ou \u00e0 renforcer la stabilit\u00e9 de vos \u00e9paules, cet appareil offre la combinaison parfaite de puissance et de pr\u00e9cision.   <\/p>\n","protected":false},"featured_media":116500,"template":"","meta":{"_acf_changed":false,"inline_featured_image":false},"product_cat":[780,1202],"product_tag":[],"class_list":{"0":"post-116478","1":"product","2":"type-product","3":"status-publish","4":"has-post-thumbnail","6":"product_cat-machines-a-plateau","7":"product_cat-prime-series-plate-loaded-fr","9":"first","10":"instock","11":"taxable","12":"shipping-taxable","13":"purchasable","14":"product-type-simple"},"acf":[],"_links":{"self":[{"href":"https:\/\/store.evolve-fitness.eu\/fr\/wp-json\/wp\/v2\/product\/116478","targetHints":{"allow":["GET"]}}],"collection":[{"href":"https:\/\/store.evolve-fitness.eu\/fr\/wp-json\/wp\/v2\/product"}],"about":[{"href":"https:\/\/store.evolve-fitness.eu\/fr\/wp-json\/wp\/v2\/types\/product"}],"wp:featuredmedia":[{"embeddable":true,"href":"https:\/\/store.evolve-fitness.eu\/fr\/wp-json\/wp\/v2\/media\/116500"}],"wp:attachment":[{"href":"https:\/\/store.evolve-fitness.eu\/fr\/wp-json\/wp\/v2\/media?parent=116478"}],"wp:term":[{"taxonomy":"product_cat","embeddable":true,"href":"https:\/\/store.evolve-fitness.eu\/fr\/wp-json\/wp\/v2\/product_cat?post=116478"},{"taxonomy":"product_tag","embeddable":true,"href":"https:\/\/store.evolve-fitness.eu\/fr\/wp-json\/wp\/v2\/product_tag?post=116478"}],"curies":[{"name":"wp","href":"https:\/\/api.w.org\/{rel}","templated":true}]}}