{"id":116378,"date":"2025-03-10T12:54:29","date_gmt":"2025-03-10T12:54:29","guid":{"rendered":"https:\/\/store.evolve-fitness.eu\/?post_type=product&#038;p=116378"},"modified":"2026-01-13T12:00:21","modified_gmt":"2026-01-13T12:00:21","slug":"evolve-prime-series-elevation-du-mollet-assis-avec-charge-de-plaques","status":"publish","type":"product","link":"https:\/\/store.evolve-fitness.eu\/fr\/produit\/evolve-prime-series-elevation-du-mollet-assis-avec-charge-de-plaques\/","title":{"rendered":"Evolve Prime Series &#8211; \u00c9l\u00e9vation du mollet assis avec charge de plaques"},"content":{"rendered":"\n<section class=\"wp-block-group alignfull black-content has-white-color has-darkgray-background-color has-text-color has-background is-layout-constrained wp-block-group-is-layout-constrained\" style=\"padding-top:var(--wp--preset--spacing--section-bottom);padding-bottom:var(--wp--preset--spacing--section-bottom)\">\n<h3 class=\"wp-block-heading has-text-align-center\"><strong><strong>EVOLVE PLATE LOADED PRIME SERIES<\/strong><\/strong><\/h3>\n\n\n\n<p>Avec la s\u00e9rie Evolve Plate Loaded Prime, l&rsquo;excellence est la norme. Am\u00e9liorez votre entra\u00eenement musculaire avec des machines con\u00e7ues pour le confort, la durabilit\u00e9 et la performance. D\u00e9couvrez d\u00e8s aujourd&rsquo;hui l&rsquo;ensemble de la gamme et red\u00e9finissez votre parcours de remise en forme.  <\/p>\n\n\n\n<section class=\"wp-block-group alignfull black-content has-white-color has-darkgray-background-color has-text-color has-background is-layout-constrained wp-block-group-is-layout-constrained\" style=\"padding-top:var(--wp--preset--spacing--section-bottom);padding-bottom:var(--wp--preset--spacing--section-bottom)\">\n<div class=\"wp-block-columns alignwide mobile-reverse is-layout-flex wp-container-core-columns-is-layout-ca64bf2d wp-block-columns-is-layout-flex\" style=\"margin-bottom:var(--wp--preset--spacing--side-padding)\">\n<div class=\"wp-block-column is-vertically-aligned-center is-layout-flow wp-block-column-is-layout-flow\">\n<h3 class=\"wp-block-heading\" style=\"margin-bottom:var(--wp--preset--spacing--h-3-bottom)\"><strong><strong><strong>Evolve Prime Series &#8211; \u00c9l\u00e9vation du mollet assis avec charge de plaques<\/strong><\/strong><\/strong><\/h3>\n\n\n\n<p><strong><em><strong><strong>Construisez des mollets plus forts et plus d\u00e9finis gr\u00e2ce \u00e0 la r\u00e9sistance de pr\u00e9cision<\/strong><\/strong><\/em><\/strong><\/p>\n\n\n\n<p style=\"margin-bottom:var(--wp--preset--spacing--tb-section-padding)\">L&rsquo;<strong>appareil Evolve Prime Series Plate Loaded Seated Calf Raise<\/strong> est con\u00e7u pour cibler et renforcer efficacement le muscle sol\u00e9aire, ce qui permet un d\u00e9veloppement sup\u00e9rieur des membres inf\u00e9rieurs. Avec son si\u00e8ge ergonomique, ses cuisses r\u00e9glables et son syst\u00e8me de r\u00e9sistance \u00e0 plaques, cette machine assure une biom\u00e9canique optimale pour des contractions contr\u00f4l\u00e9es et puissantes des mollets. Construit pour la stabilit\u00e9 et la durabilit\u00e9, il permet aux utilisateurs de surcharger progressivement les muscles du mollet, ce qui en fait un compl\u00e9ment essentiel \u00e0 tout programme d&rsquo;entra\u00eenement musculaire.  <\/p>\n\n\n\n<h3 class=\"wp-block-heading\" style=\"margin-bottom:var(--wp--preset--spacing--h-3-bottom)\"><strong><strong><strong><strong><strong>Optimisez la force et l&rsquo;endurance des mollets<\/strong><\/strong><\/strong><\/strong><\/strong><\/h3>\n\n\n\n<p><strong><em>Mouvement doux et contr\u00f4l\u00e9 pour une activation musculaire efficace<\/em><\/strong><\/p>\n\n\n\n<p>L&rsquo;<strong>\u00e9l\u00e9vateur de mollets assis Evolve Prime Series \u00e0 plateau<\/strong> offre une exp\u00e9rience d&rsquo;entra\u00eenement confortable mais puissante, permettant aux utilisateurs d&rsquo;isoler et d&rsquo;entra\u00eener leurs mollets avec pr\u00e9cision. La plate-forme robuste assure un positionnement correct des pieds, tandis que le m\u00e9canisme \u00e0 plaques permet de personnaliser la r\u00e9sistance pour tous les niveaux de condition physique. Que vous cherchiez \u00e0 am\u00e9liorer vos performances athl\u00e9tiques, \u00e0 renforcer la d\u00e9finition du bas des jambes ou \u00e0 augmenter votre endurance, cet appareil vous permet de travailler vos mollets de mani\u00e8re tr\u00e8s efficace.  <\/p>\n<\/div>\n\n\n\n<div class=\"wp-block-column is-vertically-aligned-center is-layout-flow wp-block-column-is-layout-flow\">\n<figure class=\"wp-block-image size-large is-resized is-style-rounded\"><img loading=\"lazy\" decoding=\"async\" width=\"1024\" height=\"1024\" src=\"https:\/\/store.evolve-fitness.eu\/wp-content\/uploads\/2025\/03\/EV-PL-PR-023-Evolve-Prime-Series-Plate-Loaded-Seated-Calf-Raise-Recovered-2-1024x1024.png\" alt=\"\" class=\"wp-image-120858\" style=\"width:643px;height:706px\" srcset=\"https:\/\/store.evolve-fitness.eu\/wp-content\/uploads\/2025\/03\/EV-PL-PR-023-Evolve-Prime-Series-Plate-Loaded-Seated-Calf-Raise-Recovered-2-1024x1024.png 1024w, https:\/\/store.evolve-fitness.eu\/wp-content\/uploads\/2025\/03\/EV-PL-PR-023-Evolve-Prime-Series-Plate-Loaded-Seated-Calf-Raise-Recovered-2-300x300.png 300w, https:\/\/store.evolve-fitness.eu\/wp-content\/uploads\/2025\/03\/EV-PL-PR-023-Evolve-Prime-Series-Plate-Loaded-Seated-Calf-Raise-Recovered-2-150x150.png 150w, https:\/\/store.evolve-fitness.eu\/wp-content\/uploads\/2025\/03\/EV-PL-PR-023-Evolve-Prime-Series-Plate-Loaded-Seated-Calf-Raise-Recovered-2-768x768.png 768w, https:\/\/store.evolve-fitness.eu\/wp-content\/uploads\/2025\/03\/EV-PL-PR-023-Evolve-Prime-Series-Plate-Loaded-Seated-Calf-Raise-Recovered-2-1536x1536.png 1536w, https:\/\/store.evolve-fitness.eu\/wp-content\/uploads\/2025\/03\/EV-PL-PR-023-Evolve-Prime-Series-Plate-Loaded-Seated-Calf-Raise-Recovered-2-2048x2048.png 2048w, https:\/\/store.evolve-fitness.eu\/wp-content\/uploads\/2025\/03\/EV-PL-PR-023-Evolve-Prime-Series-Plate-Loaded-Seated-Calf-Raise-Recovered-2-600x600.png 600w, https:\/\/store.evolve-fitness.eu\/wp-content\/uploads\/2025\/03\/EV-PL-PR-023-Evolve-Prime-Series-Plate-Loaded-Seated-Calf-Raise-Recovered-2-100x100.png 100w\" sizes=\"auto, (max-width: 1024px) 100vw, 1024px\" \/><\/figure>\n<\/div>\n<\/div>\n<\/section>\n<\/section>\n","protected":false},"excerpt":{"rendered":"<p>L&rsquo;appareil pour trap\u00e8zes Evolve Prime Series \u00e0 plateau est un appareil de fitness d&rsquo;\u00e9lite con\u00e7u pour am\u00e9liorer vos s\u00e9ances d&rsquo;entra\u00eenement du haut du corps. Construit avec des mat\u00e9riaux de qualit\u00e9 commerciale, cet appareil garantit un confort, une durabilit\u00e9 et des performances sup\u00e9rieurs. Sa conception ergonomique et ses fonctions r\u00e9glables en font un appareil adapt\u00e9 aux utilisateurs de tous niveaux, parfait pour les salles de sport professionnelles.  <\/p>\n","protected":false},"featured_media":120941,"template":"","meta":{"_acf_changed":false,"inline_featured_image":false},"product_cat":[780,1202],"product_tag":[],"class_list":{"0":"post-116378","1":"product","2":"type-product","3":"status-publish","4":"has-post-thumbnail","6":"product_cat-machines-a-plateau","7":"product_cat-prime-series-plate-loaded-fr","9":"first","10":"outofstock","11":"shipping-taxable","12":"purchasable","13":"product-type-simple"},"acf":[],"_links":{"self":[{"href":"https:\/\/store.evolve-fitness.eu\/fr\/wp-json\/wp\/v2\/product\/116378","targetHints":{"allow":["GET"]}}],"collection":[{"href":"https:\/\/store.evolve-fitness.eu\/fr\/wp-json\/wp\/v2\/product"}],"about":[{"href":"https:\/\/store.evolve-fitness.eu\/fr\/wp-json\/wp\/v2\/types\/product"}],"wp:featuredmedia":[{"embeddable":true,"href":"https:\/\/store.evolve-fitness.eu\/fr\/wp-json\/wp\/v2\/media\/120941"}],"wp:attachment":[{"href":"https:\/\/store.evolve-fitness.eu\/fr\/wp-json\/wp\/v2\/media?parent=116378"}],"wp:term":[{"taxonomy":"product_cat","embeddable":true,"href":"https:\/\/store.evolve-fitness.eu\/fr\/wp-json\/wp\/v2\/product_cat?post=116378"},{"taxonomy":"product_tag","embeddable":true,"href":"https:\/\/store.evolve-fitness.eu\/fr\/wp-json\/wp\/v2\/product_tag?post=116378"}],"curies":[{"name":"wp","href":"https:\/\/api.w.org\/{rel}","templated":true}]}}