{"id":115947,"date":"2025-03-10T08:57:00","date_gmt":"2025-03-10T08:57:00","guid":{"rendered":"https:\/\/store.evolve-fitness.eu\/?post_type=product&#038;p=115947"},"modified":"2025-04-04T06:21:49","modified_gmt":"2025-04-04T06:21:49","slug":"evolve-prime-series-plate-loaded-front-lat-pull-down-3","status":"publish","type":"product","link":"https:\/\/store.evolve-fitness.eu\/fr\/produit\/evolve-prime-series-plate-loaded-front-lat-pull-down-3\/","title":{"rendered":"Evolve Prime Series Plate Loaded Front Lat Pull Down"},"content":{"rendered":"\n<section class=\"wp-block-group alignfull black-content has-white-color has-darkgray-background-color has-text-color has-background is-layout-constrained wp-block-group-is-layout-constrained\" style=\"padding-top:var(--wp--preset--spacing--section-bottom);padding-bottom:var(--wp--preset--spacing--section-bottom)\">\n<h3 class=\"wp-block-heading has-text-align-center\"><strong><strong>EVOLVE PLATE LOADED PRIME SERIES<\/strong><\/strong><\/h3>\n\n\n\n<p>Avec la s\u00e9rie Evolve Plate Loaded Prime, l&rsquo;excellence est la norme. Am\u00e9liorez votre entra\u00eenement musculaire avec des machines con\u00e7ues pour le confort, la durabilit\u00e9 et la performance. D\u00e9couvrez d\u00e8s aujourd&rsquo;hui l&rsquo;ensemble de la gamme et red\u00e9finissez votre parcours de remise en forme.  <\/p>\n\n\n\n<section class=\"wp-block-group alignfull black-content has-white-color has-darkgray-background-color has-text-color has-background is-layout-constrained wp-block-group-is-layout-constrained\" style=\"padding-top:var(--wp--preset--spacing--section-bottom);padding-bottom:var(--wp--preset--spacing--section-bottom)\">\n<div class=\"wp-block-columns alignwide mobile-reverse is-layout-flex wp-container-core-columns-is-layout-ca64bf2d wp-block-columns-is-layout-flex\" style=\"margin-bottom:var(--wp--preset--spacing--side-padding)\">\n<div class=\"wp-block-column is-vertically-aligned-center is-layout-flow wp-block-column-is-layout-flow\">\n<h3 class=\"wp-block-heading\" style=\"margin-bottom:var(--wp--preset--spacing--h-3-bottom)\"><strong><strong><strong><strong><strong><strong><strong><strong>S\u00e9rie Evolve Prime avec charge de plaque pour l&rsquo;extension du bras droit avant<\/strong><\/strong><\/strong><\/strong><\/strong><\/strong><\/strong><\/strong><\/h3>\n\n\n\n<p><em><strong><em><strong><strong><strong><strong>D\u00e9bloquez une force dorsale sup\u00e9rieure gr\u00e2ce \u00e0 une m\u00e9canique de traction pr\u00e9cise<\/strong><\/strong><\/strong><\/strong><\/em><\/strong><\/em><\/p>\n\n\n\n<p style=\"margin-bottom:var(--wp--preset--spacing--tb-section-padding)\">L&rsquo;<strong>Evolve Prime Series Plate Loaded Front Lat Pulldown<\/strong> est con\u00e7u pour maximiser l&rsquo;engagement lat\u00e9ral et la force du haut du corps avec un mouvement de traction naturel et contr\u00f4l\u00e9. Dot\u00e9 d&rsquo;un si\u00e8ge ergonomique, de prot\u00e8ge-cuisses r\u00e9glables et d&rsquo;un syst\u00e8me de r\u00e9sistance \u00e0 plaques, cet appareil permet une surcharge progressive pour s&rsquo;adapter \u00e0 tous les niveaux de condition physique. Sa trajectoire de mouvement fluide et biom\u00e9caniquement optimis\u00e9e assure une activation efficace des muscles tout en minimisant les contraintes sur les articulations. Id\u00e9al pour d\u00e9velopper un dos large et fort, cet appareil de traction lat\u00e9ral est un \u00e9l\u00e9ment essentiel de tout programme d&rsquo;entra\u00eenement musculaire.   <\/p>\n\n\n\n<h3 class=\"wp-block-heading\" style=\"margin-bottom:var(--wp--preset--spacing--h-3-bottom)\"><strong><strong><strong><strong><strong><strong><strong>Activation pr\u00e9cise des lattes pour des gains maximums<\/strong><\/strong><\/strong><\/strong><\/strong><\/strong><\/strong><\/h3>\n\n\n\n<p><strong><em><strong><strong><strong><strong>R\u00e9sistance contr\u00f4l\u00e9e, efficace et personnalisable<\/strong><\/strong><\/strong><\/strong><\/em><\/strong><\/p>\n\n\n\n<p>L&rsquo;<strong>Evolve Prime Series Plate Loaded Front Lat Pulldown<\/strong> permet un mouvement ind\u00e9pendant des bras pour un d\u00e9veloppement musculaire \u00e9quilibr\u00e9, tandis que ses poign\u00e9es inclin\u00e9es offrent de multiples variations de prise pour cibler diff\u00e9rentes zones du dos. Le cadre robuste et le syst\u00e8me de chargement des plaques assurent une r\u00e9sistance constante, ce qui permet aux utilisateurs de repousser leurs limites en toute s\u00e9curit\u00e9 et de mani\u00e8re efficace. Que votre objectif soit de renforcer le haut du corps, d&rsquo;am\u00e9liorer la posture ou de construire un dos bien d\u00e9fini, cet appareil offre la combinaison parfaite de stabilit\u00e9, de confort et de performance.  <\/p>\n<\/div>\n\n\n\n<div class=\"wp-block-column is-vertically-aligned-center is-layout-flow wp-block-column-is-layout-flow\">\n<figure class=\"wp-block-image size-large\"><img loading=\"lazy\" decoding=\"async\" width=\"1024\" height=\"1024\" src=\"https:\/\/store.evolve-fitness.eu\/wp-content\/uploads\/2025\/03\/EV-PL-PR-016-Evolve-Prime-Series-Plate-Loaded-Fron-Lat-Pull-Down-Recovered-1024x1024.png\" alt=\"\" class=\"wp-image-115961\" srcset=\"https:\/\/store.evolve-fitness.eu\/wp-content\/uploads\/2025\/03\/EV-PL-PR-016-Evolve-Prime-Series-Plate-Loaded-Fron-Lat-Pull-Down-Recovered-1024x1024.png 1024w, https:\/\/store.evolve-fitness.eu\/wp-content\/uploads\/2025\/03\/EV-PL-PR-016-Evolve-Prime-Series-Plate-Loaded-Fron-Lat-Pull-Down-Recovered-300x300.png 300w, https:\/\/store.evolve-fitness.eu\/wp-content\/uploads\/2025\/03\/EV-PL-PR-016-Evolve-Prime-Series-Plate-Loaded-Fron-Lat-Pull-Down-Recovered-150x150.png 150w, https:\/\/store.evolve-fitness.eu\/wp-content\/uploads\/2025\/03\/EV-PL-PR-016-Evolve-Prime-Series-Plate-Loaded-Fron-Lat-Pull-Down-Recovered-768x768.png 768w, https:\/\/store.evolve-fitness.eu\/wp-content\/uploads\/2025\/03\/EV-PL-PR-016-Evolve-Prime-Series-Plate-Loaded-Fron-Lat-Pull-Down-Recovered-1536x1536.png 1536w, https:\/\/store.evolve-fitness.eu\/wp-content\/uploads\/2025\/03\/EV-PL-PR-016-Evolve-Prime-Series-Plate-Loaded-Fron-Lat-Pull-Down-Recovered-2048x2048.png 2048w, https:\/\/store.evolve-fitness.eu\/wp-content\/uploads\/2025\/03\/EV-PL-PR-016-Evolve-Prime-Series-Plate-Loaded-Fron-Lat-Pull-Down-Recovered-600x600.png 600w, https:\/\/store.evolve-fitness.eu\/wp-content\/uploads\/2025\/03\/EV-PL-PR-016-Evolve-Prime-Series-Plate-Loaded-Fron-Lat-Pull-Down-Recovered-100x100.png 100w\" sizes=\"auto, (max-width: 1024px) 100vw, 1024px\" \/><\/figure>\n<\/div>\n<\/div>\n<\/section>\n<\/section>\n","protected":false},"excerpt":{"rendered":"<p>L&rsquo;Evolve Prime Series Plate Loaded Front Lat Pulldown est con\u00e7u pour maximiser l&rsquo;engagement lat\u00e9ral et la force du haut du corps avec un mouvement de traction naturel et contr\u00f4l\u00e9. Dot\u00e9 d&rsquo;un si\u00e8ge ergonomique, de prot\u00e8ge-cuisses r\u00e9glables et d&rsquo;un syst\u00e8me de r\u00e9sistance \u00e0 plaques, cet appareil permet une surcharge progressive pour s&rsquo;adapter \u00e0 tous les niveaux de condition physique. Sa trajectoire de mouvement fluide et biom\u00e9caniquement optimis\u00e9e assure une activation efficace des muscles tout en minimisant les contraintes sur les articulations. Id\u00e9al pour d\u00e9velopper un dos large et fort, cet appareil de traction lat\u00e9ral est un \u00e9l\u00e9ment essentiel de tout programme d&rsquo;entra\u00eenement musculaire.   <\/p>\n","protected":false},"featured_media":115969,"template":"","meta":{"_acf_changed":false,"inline_featured_image":false},"product_cat":[780,1202],"product_tag":[],"class_list":{"0":"post-115947","1":"product","2":"type-product","3":"status-publish","4":"has-post-thumbnail","6":"product_cat-machines-a-plateau","7":"product_cat-prime-series-plate-loaded-fr","9":"first","10":"instock","11":"shipping-taxable","12":"purchasable","13":"product-type-simple"},"acf":[],"_links":{"self":[{"href":"https:\/\/store.evolve-fitness.eu\/fr\/wp-json\/wp\/v2\/product\/115947","targetHints":{"allow":["GET"]}}],"collection":[{"href":"https:\/\/store.evolve-fitness.eu\/fr\/wp-json\/wp\/v2\/product"}],"about":[{"href":"https:\/\/store.evolve-fitness.eu\/fr\/wp-json\/wp\/v2\/types\/product"}],"wp:featuredmedia":[{"embeddable":true,"href":"https:\/\/store.evolve-fitness.eu\/fr\/wp-json\/wp\/v2\/media\/115969"}],"wp:attachment":[{"href":"https:\/\/store.evolve-fitness.eu\/fr\/wp-json\/wp\/v2\/media?parent=115947"}],"wp:term":[{"taxonomy":"product_cat","embeddable":true,"href":"https:\/\/store.evolve-fitness.eu\/fr\/wp-json\/wp\/v2\/product_cat?post=115947"},{"taxonomy":"product_tag","embeddable":true,"href":"https:\/\/store.evolve-fitness.eu\/fr\/wp-json\/wp\/v2\/product_tag?post=115947"}],"curies":[{"name":"wp","href":"https:\/\/api.w.org\/{rel}","templated":true}]}}