{"id":115771,"date":"2025-03-10T08:29:17","date_gmt":"2025-03-10T08:29:17","guid":{"rendered":"https:\/\/store.evolve-fitness.eu\/?post_type=product&#038;p=115771"},"modified":"2025-12-13T13:26:01","modified_gmt":"2025-12-13T13:26:01","slug":"evolve-prime-series-high-incline-chest-press-avec-charge-de-plaques","status":"publish","type":"product","link":"https:\/\/store.evolve-fitness.eu\/fr\/produit\/evolve-prime-series-high-incline-chest-press-avec-charge-de-plaques\/","title":{"rendered":"Evolve Prime Series High Incline Chest Press avec charge de plaque (PR-010)"},"content":{"rendered":"\n<section class=\"wp-block-group alignfull black-content has-white-color has-darkgray-background-color has-text-color has-background is-layout-constrained wp-block-group-is-layout-constrained\" style=\"padding-top:var(--wp--preset--spacing--section-bottom);padding-bottom:var(--wp--preset--spacing--section-bottom)\">\n<h3 class=\"wp-block-heading has-text-align-center\"><strong><strong>EVOLVE PLATE LOADED PRIME SERIES<\/strong><\/strong><\/h3>\n\n\n\n<p>Avec la s\u00e9rie Evolve Plate Loaded Prime, l&rsquo;excellence est la norme. Am\u00e9liorez votre entra\u00eenement musculaire avec des machines con\u00e7ues pour le confort, la durabilit\u00e9 et la performance. D\u00e9couvrez d\u00e8s aujourd&rsquo;hui l&rsquo;ensemble de la gamme et red\u00e9finissez votre parcours de remise en forme.  <\/p>\n\n\n\n<section class=\"wp-block-group alignfull black-content has-white-color has-darkgray-background-color has-text-color has-background is-layout-constrained wp-block-group-is-layout-constrained\" style=\"padding-top:var(--wp--preset--spacing--section-bottom);padding-bottom:var(--wp--preset--spacing--section-bottom)\">\n<div class=\"wp-block-columns alignwide mobile-reverse is-layout-flex wp-container-core-columns-is-layout-ca64bf2d wp-block-columns-is-layout-flex\" style=\"margin-bottom:var(--wp--preset--spacing--side-padding)\">\n<div class=\"wp-block-column is-vertically-aligned-center is-layout-flow wp-block-column-is-layout-flow\">\n<h3 class=\"wp-block-heading\" style=\"margin-bottom:var(--wp--preset--spacing--h-3-bottom)\"><strong><strong><strong><strong><strong><strong><strong>Evolve Prime Series High Incline Chest Press avec charge de plaques<\/strong><\/strong><\/strong><\/strong><\/strong><\/strong><\/strong><\/h3>\n\n\n\n<p><em><strong><em><strong><strong><strong>Am\u00e9liorez le d\u00e9veloppement de la partie sup\u00e9rieure de la poitrine gr\u00e2ce \u00e0 une biom\u00e9canique optimale<\/strong><\/strong><\/strong><\/em><\/strong><\/em><\/p>\n\n\n\n<p style=\"margin-bottom:var(--wp--preset--spacing--tb-section-padding)\">L&rsquo;<strong>Evolve Prime Series High Incline Chest Press<\/strong> est con\u00e7u pour cibler le haut de la poitrine, les \u00e9paules et les triceps avec pr\u00e9cision. Con\u00e7ue avec un mouvement de pression inclin\u00e9, cette machine imite la biom\u00e9canique naturelle d&rsquo;une presse de banc inclin\u00e9e tout en offrant la stabilit\u00e9 et la s\u00e9curit\u00e9 d&rsquo;une trajectoire guid\u00e9e. Son syst\u00e8me de r\u00e9sistance \u00e0 plaques permet une surcharge progressive, ce qui le rend id\u00e9al pour les utilisateurs de tous niveaux. Avec un si\u00e8ge ergonomique et des positions de pr\u00e9hension r\u00e9glables, cet appareil assure un confort et une efficacit\u00e9 maximum, permettant aux utilisateurs de repousser leurs limites en toute confiance.   <\/p>\n\n\n\n<h3 class=\"wp-block-heading\" style=\"margin-bottom:var(--wp--preset--spacing--h-3-bottom)\"><strong><strong><strong><strong><strong><strong>Optimisez la force du haut du corps<\/strong><\/strong><\/strong><\/strong><\/strong><\/strong><\/h3>\n\n\n\n<p><strong><em><strong><strong><strong>Mouvement doux et contr\u00f4l\u00e9 pour une activation musculaire sup\u00e9rieure<\/strong><\/strong><\/strong><\/em><\/strong><\/p>\n\n\n\n<p>L&rsquo;<strong>Evolve Prime Series High Incline Chest Press<\/strong> est con\u00e7u pour les athl\u00e8tes et les amateurs de fitness qui cherchent \u00e0 am\u00e9liorer la force et la d\u00e9finition de la partie sup\u00e9rieure de leur poitrine. Le mouvement ind\u00e9pendant des bras favorise un d\u00e9veloppement musculaire \u00e9quilibr\u00e9, tandis que l&rsquo;angle de pression optimis\u00e9 r\u00e9duit la pression sur les \u00e9paules. Son cadre robuste et son m\u00e9canisme de r\u00e9sistance souple garantissent sa durabilit\u00e9 et ses performances dans n&rsquo;importe quelle salle de sport. Que votre objectif soit l&rsquo;hypertrophie musculaire, le renforcement de la force ou la mise en condition g\u00e9n\u00e9rale du haut du corps, cet appareil offre une exp\u00e9rience d&rsquo;entra\u00eenement efficace et contr\u00f4l\u00e9e.   <\/p>\n<\/div>\n\n\n\n<div class=\"wp-block-column is-vertically-aligned-center is-layout-flow wp-block-column-is-layout-flow\">\n<figure class=\"wp-block-image size-large\"><img loading=\"lazy\" decoding=\"async\" width=\"1024\" height=\"1024\" src=\"https:\/\/store.evolve-fitness.eu\/wp-content\/uploads\/2025\/03\/EV-PL-PR-010-Evolve-Prime-Series-Plate-Loaded-High-Incline-Chest-Press-Recovered-1024x1024.png\" alt=\"\" class=\"wp-image-115785\" srcset=\"https:\/\/store.evolve-fitness.eu\/wp-content\/uploads\/2025\/03\/EV-PL-PR-010-Evolve-Prime-Series-Plate-Loaded-High-Incline-Chest-Press-Recovered-1024x1024.png 1024w, https:\/\/store.evolve-fitness.eu\/wp-content\/uploads\/2025\/03\/EV-PL-PR-010-Evolve-Prime-Series-Plate-Loaded-High-Incline-Chest-Press-Recovered-300x300.png 300w, https:\/\/store.evolve-fitness.eu\/wp-content\/uploads\/2025\/03\/EV-PL-PR-010-Evolve-Prime-Series-Plate-Loaded-High-Incline-Chest-Press-Recovered-150x150.png 150w, https:\/\/store.evolve-fitness.eu\/wp-content\/uploads\/2025\/03\/EV-PL-PR-010-Evolve-Prime-Series-Plate-Loaded-High-Incline-Chest-Press-Recovered-768x768.png 768w, https:\/\/store.evolve-fitness.eu\/wp-content\/uploads\/2025\/03\/EV-PL-PR-010-Evolve-Prime-Series-Plate-Loaded-High-Incline-Chest-Press-Recovered-1536x1536.png 1536w, https:\/\/store.evolve-fitness.eu\/wp-content\/uploads\/2025\/03\/EV-PL-PR-010-Evolve-Prime-Series-Plate-Loaded-High-Incline-Chest-Press-Recovered-2048x2048.png 2048w, https:\/\/store.evolve-fitness.eu\/wp-content\/uploads\/2025\/03\/EV-PL-PR-010-Evolve-Prime-Series-Plate-Loaded-High-Incline-Chest-Press-Recovered-600x600.png 600w, https:\/\/store.evolve-fitness.eu\/wp-content\/uploads\/2025\/03\/EV-PL-PR-010-Evolve-Prime-Series-Plate-Loaded-High-Incline-Chest-Press-Recovered-100x100.png 100w\" sizes=\"auto, (max-width: 1024px) 100vw, 1024px\" \/><\/figure>\n<\/div>\n<\/div>\n<\/section>\n<\/section>\n","protected":false},"excerpt":{"rendered":"<p>L&rsquo;appareil Evolve Prime Series High Incline Chest Press (EV-PL-PR-010) est con\u00e7u pour cibler le haut de la poitrine, les \u00e9paules et les triceps, en fournissant un mouvement de pression puissant et contr\u00f4l\u00e9. Gr\u00e2ce \u00e0 son angle d&rsquo;inclinaison \u00e9lev\u00e9, cette machine met l&rsquo;accent sur la partie claviculaire des muscles pectoraux, ce qui favorise le d\u00e9veloppement du haut du corps. Con\u00e7u pour des mouvements fluides et un positionnement ergonomique, il assure une biom\u00e9canique optimale, permettant aux utilisateurs de s&rsquo;entra\u00eener efficacement et en toute s\u00e9curit\u00e9. Que votre objectif soit de d\u00e9velopper la masse musculaire, d&rsquo;augmenter la force ou d&rsquo;am\u00e9liorer les performances de pressage, cette machine \u00e0 plaques est un compl\u00e9ment essentiel \u00e0 tout dispositif d&rsquo;entra\u00eenement avanc\u00e9.   <\/p>\n","protected":false},"featured_media":115793,"template":"","meta":{"_acf_changed":false,"inline_featured_image":false},"product_cat":[780,1202],"product_tag":[],"class_list":{"0":"post-115771","1":"product","2":"type-product","3":"status-publish","4":"has-post-thumbnail","6":"product_cat-machines-a-plateau","7":"product_cat-prime-series-plate-loaded-fr","9":"first","10":"instock","11":"shipping-taxable","12":"purchasable","13":"product-type-simple"},"acf":[],"_links":{"self":[{"href":"https:\/\/store.evolve-fitness.eu\/fr\/wp-json\/wp\/v2\/product\/115771","targetHints":{"allow":["GET"]}}],"collection":[{"href":"https:\/\/store.evolve-fitness.eu\/fr\/wp-json\/wp\/v2\/product"}],"about":[{"href":"https:\/\/store.evolve-fitness.eu\/fr\/wp-json\/wp\/v2\/types\/product"}],"wp:featuredmedia":[{"embeddable":true,"href":"https:\/\/store.evolve-fitness.eu\/fr\/wp-json\/wp\/v2\/media\/115793"}],"wp:attachment":[{"href":"https:\/\/store.evolve-fitness.eu\/fr\/wp-json\/wp\/v2\/media?parent=115771"}],"wp:term":[{"taxonomy":"product_cat","embeddable":true,"href":"https:\/\/store.evolve-fitness.eu\/fr\/wp-json\/wp\/v2\/product_cat?post=115771"},{"taxonomy":"product_tag","embeddable":true,"href":"https:\/\/store.evolve-fitness.eu\/fr\/wp-json\/wp\/v2\/product_tag?post=115771"}],"curies":[{"name":"wp","href":"https:\/\/api.w.org\/{rel}","templated":true}]}}