{"id":115671,"date":"2025-03-10T07:56:06","date_gmt":"2025-03-10T07:56:06","guid":{"rendered":"https:\/\/store.evolve-fitness.eu\/?post_type=product&#038;p=115671"},"modified":"2025-04-04T06:23:44","modified_gmt":"2025-04-04T06:23:44","slug":"evolve-prime-series-avec-charge-dassiettes-assis-dy-row-recupere","status":"publish","type":"product","link":"https:\/\/store.evolve-fitness.eu\/fr\/produit\/evolve-prime-series-avec-charge-dassiettes-assis-dy-row-recupere\/","title":{"rendered":"Evolve Prime Series avec charge d&rsquo;assiettes Assis DY Row R\u00e9cup\u00e9r\u00e9"},"content":{"rendered":"\n<section class=\"wp-block-group alignfull black-content has-white-color has-darkgray-background-color has-text-color has-background is-layout-constrained wp-block-group-is-layout-constrained\" style=\"padding-top:var(--wp--preset--spacing--section-bottom);padding-bottom:var(--wp--preset--spacing--section-bottom)\">\n<h3 class=\"wp-block-heading has-text-align-center\"><strong><strong>EVOLVE PLATE LOADED PRIME SERIES<\/strong><\/strong><\/h3>\n\n\n\n<p>Avec la s\u00e9rie Evolve Plate Loaded Prime, l&rsquo;excellence est la norme. Am\u00e9liorez votre entra\u00eenement musculaire avec des machines con\u00e7ues pour le confort, la durabilit\u00e9 et la performance. D\u00e9couvrez d\u00e8s aujourd&rsquo;hui l&rsquo;ensemble de la gamme et red\u00e9finissez votre parcours de remise en forme.  <\/p>\n\n\n\n<section class=\"wp-block-group alignfull black-content has-white-color has-darkgray-background-color has-text-color has-background is-layout-constrained wp-block-group-is-layout-constrained\" style=\"padding-top:var(--wp--preset--spacing--section-bottom);padding-bottom:var(--wp--preset--spacing--section-bottom)\">\n<div class=\"wp-block-columns alignwide mobile-reverse is-layout-flex wp-container-core-columns-is-layout-ca64bf2d wp-block-columns-is-layout-flex\" style=\"margin-bottom:var(--wp--preset--spacing--side-padding)\">\n<div class=\"wp-block-column is-vertically-aligned-center is-layout-flow wp-block-column-is-layout-flow\">\n<h3 class=\"wp-block-heading\" style=\"margin-bottom:var(--wp--preset--spacing--h-3-bottom)\"><strong><strong><strong><strong><strong><strong>S\u00e9rie Evolve Prime avec charge de plateau, rang\u00e9e DY assise<\/strong><\/strong><\/strong><\/strong><\/strong><\/strong><\/h3>\n\n\n\n<p><em><strong><em><strong><strong>Engagement sup\u00e9rieur du dos gr\u00e2ce \u00e0 une biom\u00e9canique de pr\u00e9cision<\/strong><\/strong><\/em><\/strong><\/em><\/p>\n\n\n\n<p style=\"margin-bottom:var(--wp--preset--spacing--tb-section-padding)\">L&rsquo;appareil <strong>Evolve Prime Series Seated DY Row<\/strong> est con\u00e7u pour maximiser l&rsquo;activation des muscles du dos tout en maintenant une forme et un contr\u00f4le corrects. Dot\u00e9 d&rsquo;un si\u00e8ge ergonomique, d&rsquo;un coussin thoracique inclin\u00e9 et d&rsquo;un syst\u00e8me de r\u00e9sistance \u00e0 plaques, cet appareil cible les lombaires, les trap\u00e8zes et les delto\u00efdes arri\u00e8re avec pr\u00e9cision. Le mouvement ind\u00e9pendant des bras favorise un d\u00e9veloppement musculaire \u00e9quilibr\u00e9, tandis que les poign\u00e9es r\u00e9glables s&rsquo;adaptent \u00e0 diff\u00e9rentes positions de prise pour un entra\u00eenement personnalis\u00e9. Construit pour la force et la durabilit\u00e9, ce rameur est id\u00e9al pour les athl\u00e8tes et les amateurs de fitness qui cherchent \u00e0 am\u00e9liorer la puissance du haut du corps.   <\/p>\n\n\n\n<h3 class=\"wp-block-heading\" style=\"margin-bottom:var(--wp--preset--spacing--h-3-bottom)\"><strong><strong><strong><strong><strong><strong>Ciblez votre dos avec une efficacit\u00e9 in\u00e9gal\u00e9e<\/strong><\/strong><\/strong><\/strong><\/strong><\/strong><\/h3>\n\n\n\n<p><strong><em><strong><strong>Optimisation biom\u00e9canique pour une activation musculaire maximale<\/strong><\/strong><\/em><\/strong><\/p>\n\n\n\n<p>L&rsquo;<strong>Evolve Prime Series Plate Loaded Seated DY Row<\/strong> assure un mouvement de traction naturel qui am\u00e9liore l&rsquo;engagement du dos et minimise les tensions inutiles. Le support thoracique stabilise le torse, ce qui permet aux utilisateurs de se concentrer enti\u00e8rement sur la contraction et le contr\u00f4le. Le syst\u00e8me \u00e0 plaques permet une r\u00e9sistance progressive, ce qui le rend adapt\u00e9 \u00e0 tous les niveaux de condition physique. Que vous cherchiez \u00e0 vous renforcer, \u00e0 am\u00e9liorer votre posture ou \u00e0 augmenter votre masse musculaire, cet appareil vous offre un entra\u00eenement du dos puissant et efficace \u00e0 chaque r\u00e9p\u00e9tition.   <\/p>\n<\/div>\n\n\n\n<div class=\"wp-block-column is-vertically-aligned-center is-layout-flow wp-block-column-is-layout-flow\">\n<figure class=\"wp-block-image size-large\"><img loading=\"lazy\" decoding=\"async\" width=\"1024\" height=\"1024\" src=\"https:\/\/store.evolve-fitness.eu\/wp-content\/uploads\/2025\/03\/EV-PL-PR-013-Evolve-Prime-Series-Plate-Loaded-Seated-DY-Row-Recovered-1-1024x1024.png\" alt=\"\" class=\"wp-image-115710\" srcset=\"https:\/\/store.evolve-fitness.eu\/wp-content\/uploads\/2025\/03\/EV-PL-PR-013-Evolve-Prime-Series-Plate-Loaded-Seated-DY-Row-Recovered-1-1024x1024.png 1024w, https:\/\/store.evolve-fitness.eu\/wp-content\/uploads\/2025\/03\/EV-PL-PR-013-Evolve-Prime-Series-Plate-Loaded-Seated-DY-Row-Recovered-1-300x300.png 300w, https:\/\/store.evolve-fitness.eu\/wp-content\/uploads\/2025\/03\/EV-PL-PR-013-Evolve-Prime-Series-Plate-Loaded-Seated-DY-Row-Recovered-1-150x150.png 150w, https:\/\/store.evolve-fitness.eu\/wp-content\/uploads\/2025\/03\/EV-PL-PR-013-Evolve-Prime-Series-Plate-Loaded-Seated-DY-Row-Recovered-1-768x768.png 768w, https:\/\/store.evolve-fitness.eu\/wp-content\/uploads\/2025\/03\/EV-PL-PR-013-Evolve-Prime-Series-Plate-Loaded-Seated-DY-Row-Recovered-1-1536x1536.png 1536w, https:\/\/store.evolve-fitness.eu\/wp-content\/uploads\/2025\/03\/EV-PL-PR-013-Evolve-Prime-Series-Plate-Loaded-Seated-DY-Row-Recovered-1-2048x2048.png 2048w, https:\/\/store.evolve-fitness.eu\/wp-content\/uploads\/2025\/03\/EV-PL-PR-013-Evolve-Prime-Series-Plate-Loaded-Seated-DY-Row-Recovered-1-600x600.png 600w, https:\/\/store.evolve-fitness.eu\/wp-content\/uploads\/2025\/03\/EV-PL-PR-013-Evolve-Prime-Series-Plate-Loaded-Seated-DY-Row-Recovered-1-100x100.png 100w\" sizes=\"auto, (max-width: 1024px) 100vw, 1024px\" \/><\/figure>\n<\/div>\n<\/div>\n<\/section>\n<\/section>\n","protected":false},"excerpt":{"rendered":"<p>L&rsquo;appareil Evolve Prime Series Seated DY Row est con\u00e7u pour maximiser l&rsquo;activation des muscles du dos tout en maintenant une forme et un contr\u00f4le corrects. Dot\u00e9 d&rsquo;un si\u00e8ge ergonomique, d&rsquo;un coussin thoracique inclin\u00e9 et d&rsquo;un syst\u00e8me de r\u00e9sistance \u00e0 plaques, cet appareil cible les lombaires, les trap\u00e8zes et les delto\u00efdes arri\u00e8re avec pr\u00e9cision. Le mouvement ind\u00e9pendant des bras favorise un d\u00e9veloppement musculaire \u00e9quilibr\u00e9, tandis que les poign\u00e9es r\u00e9glables s&rsquo;adaptent \u00e0 diff\u00e9rentes positions de prise pour un entra\u00eenement personnalis\u00e9. Construit pour la force et la durabilit\u00e9, ce rameur est id\u00e9al pour les athl\u00e8tes et les amateurs de fitness qui cherchent \u00e0 am\u00e9liorer la puissance du haut du corps.   <\/p>\n","protected":false},"featured_media":115693,"template":"","meta":{"_acf_changed":false,"inline_featured_image":false},"product_cat":[780,1202],"product_tag":[],"class_list":{"0":"post-115671","1":"product","2":"type-product","3":"status-publish","4":"has-post-thumbnail","6":"product_cat-machines-a-plateau","7":"product_cat-prime-series-plate-loaded-fr","9":"first","10":"instock","11":"shipping-taxable","12":"purchasable","13":"product-type-simple"},"acf":[],"_links":{"self":[{"href":"https:\/\/store.evolve-fitness.eu\/fr\/wp-json\/wp\/v2\/product\/115671","targetHints":{"allow":["GET"]}}],"collection":[{"href":"https:\/\/store.evolve-fitness.eu\/fr\/wp-json\/wp\/v2\/product"}],"about":[{"href":"https:\/\/store.evolve-fitness.eu\/fr\/wp-json\/wp\/v2\/types\/product"}],"wp:featuredmedia":[{"embeddable":true,"href":"https:\/\/store.evolve-fitness.eu\/fr\/wp-json\/wp\/v2\/media\/115693"}],"wp:attachment":[{"href":"https:\/\/store.evolve-fitness.eu\/fr\/wp-json\/wp\/v2\/media?parent=115671"}],"wp:term":[{"taxonomy":"product_cat","embeddable":true,"href":"https:\/\/store.evolve-fitness.eu\/fr\/wp-json\/wp\/v2\/product_cat?post=115671"},{"taxonomy":"product_tag","embeddable":true,"href":"https:\/\/store.evolve-fitness.eu\/fr\/wp-json\/wp\/v2\/product_tag?post=115671"}],"curies":[{"name":"wp","href":"https:\/\/api.w.org\/{rel}","templated":true}]}}