{"id":115521,"date":"2025-03-10T07:29:56","date_gmt":"2025-03-10T07:29:56","guid":{"rendered":"https:\/\/store.evolve-fitness.eu\/?post_type=product&#038;p=115521"},"modified":"2025-04-04T06:24:46","modified_gmt":"2025-04-04T06:24:46","slug":"evolve-prime-series-squat-lunge-avec-charge-de-plaques","status":"publish","type":"product","link":"https:\/\/store.evolve-fitness.eu\/fr\/produit\/evolve-prime-series-squat-lunge-avec-charge-de-plaques\/","title":{"rendered":"Evolve Prime Series Squat Lunge avec charge de plaques"},"content":{"rendered":"\n<section class=\"wp-block-group alignfull black-content has-white-color has-darkgray-background-color has-text-color has-background is-layout-constrained wp-block-group-is-layout-constrained\" style=\"padding-top:var(--wp--preset--spacing--section-bottom);padding-bottom:var(--wp--preset--spacing--section-bottom)\">\n<h3 class=\"wp-block-heading has-text-align-center\"><strong><strong>EVOLVE PLATE LOADED PRIME SERIES<\/strong><\/strong><\/h3>\n\n\n\n<p>Avec la s\u00e9rie Evolve Plate Loaded Prime, l&rsquo;excellence est la norme. Am\u00e9liorez votre entra\u00eenement musculaire avec des machines con\u00e7ues pour le confort, la durabilit\u00e9 et la performance. D\u00e9couvrez d\u00e8s aujourd&rsquo;hui l&rsquo;ensemble de la gamme et red\u00e9finissez votre parcours de remise en forme.  <\/p>\n\n\n\n<section class=\"wp-block-group alignfull black-content has-white-color has-darkgray-background-color has-text-color has-background is-layout-constrained wp-block-group-is-layout-constrained\" style=\"padding-top:var(--wp--preset--spacing--section-bottom);padding-bottom:var(--wp--preset--spacing--section-bottom)\">\n<div class=\"wp-block-columns alignwide mobile-reverse is-layout-flex wp-container-core-columns-is-layout-ca64bf2d wp-block-columns-is-layout-flex\" style=\"margin-bottom:var(--wp--preset--spacing--side-padding)\">\n<div class=\"wp-block-column is-vertically-aligned-center is-layout-flow wp-block-column-is-layout-flow\">\n<h3 class=\"wp-block-heading\" style=\"margin-bottom:var(--wp--preset--spacing--h-3-bottom)\"><strong><strong><strong><strong><strong>Evolve Prime Series Squat Lunge avec charge de plaques<\/strong><\/strong><\/strong><\/strong><\/strong><\/h3>\n\n\n\n<p><em><strong><em><strong>Am\u00e9liorez la force de vos jambes gr\u00e2ce \u00e0 un entra\u00eenement dynamique aux squats et aux fentes<\/strong><\/em><\/strong><\/em><\/p>\n\n\n\n<p style=\"margin-bottom:var(--wp--preset--spacing--tb-section-padding)\">L&rsquo;<strong>Evolve Prime Series Plate Loaded Squat Lunge<\/strong> est un appareil d&rsquo;entra\u00eenement polyvalent pour le bas du corps, con\u00e7u pour maximiser la force, la stabilit\u00e9 et l&rsquo;activation musculaire. Gr\u00e2ce \u00e0 son syst\u00e8me de r\u00e9sistance \u00e0 plaques, il permet aux utilisateurs d&rsquo;effectuer des squats et des fentes avec des mouvements contr\u00f4l\u00e9s et une biom\u00e9canique optimale. Le repose-pieds ergonomique et le cadre robuste garantissent un positionnement correct, r\u00e9duisant la tension sur les articulations tout en ciblant efficacement les quadriceps, les fessiers et les ischio-jambiers. Id\u00e9ale pour un entra\u00eenement progressif de la force, cette machine constitue un moyen efficace de d\u00e9velopper la puissance et l&rsquo;endurance du bas du corps.   <\/p>\n\n\n\n<h3 class=\"wp-block-heading\" style=\"margin-bottom:var(--wp--preset--spacing--h-3-bottom)\"><strong><strong><strong><strong><strong>D\u00e9veloppement puissant du bas du corps<\/strong><\/strong><\/strong><\/strong><\/strong><\/h3>\n\n\n\n<p><strong><em><strong>Con\u00e7u avec pr\u00e9cision pour la solidit\u00e9 et la stabilit\u00e9<\/strong><\/em><\/strong><\/p>\n\n\n\n<p>L&rsquo;<strong>Evolve Prime Series Plate Loaded Squat Lunge<\/strong> combine les avantages de deux exercices fondamentaux pour le bas du corps, les squats et les fentes, en un seul appareil tr\u00e8s efficace. Sa conception \u00e0 plaques permet de personnaliser la r\u00e9sistance, ce qui le rend adapt\u00e9 \u00e0 tous les niveaux de condition physique. La plate-forme inclin\u00e9e pour les pieds favorise une bonne biom\u00e9canique, tandis que la trajectoire de mouvement guid\u00e9e am\u00e9liore la s\u00e9curit\u00e9 et le contr\u00f4le. Que vous vous concentriez sur la force, l&rsquo;hypertrophie musculaire ou l&rsquo;entra\u00eenement fonctionnel, cet appareil offre des r\u00e9sultats exceptionnels, ce qui en fait un compl\u00e9ment pr\u00e9cieux \u00e0 toute salle de sport.   <\/p>\n<\/div>\n\n\n\n<div class=\"wp-block-column is-vertically-aligned-center is-layout-flow wp-block-column-is-layout-flow\">\n<figure class=\"wp-block-image size-large\"><img loading=\"lazy\" decoding=\"async\" width=\"1024\" height=\"1024\" src=\"https:\/\/store.evolve-fitness.eu\/wp-content\/uploads\/2025\/03\/EV-PL-PR-008-Evolve-Prime-Series-Plate-Loaded-Squat-Lunge-Recovered-1024x1024.png\" alt=\"\" class=\"wp-image-115535\" srcset=\"https:\/\/store.evolve-fitness.eu\/wp-content\/uploads\/2025\/03\/EV-PL-PR-008-Evolve-Prime-Series-Plate-Loaded-Squat-Lunge-Recovered-1024x1024.png 1024w, https:\/\/store.evolve-fitness.eu\/wp-content\/uploads\/2025\/03\/EV-PL-PR-008-Evolve-Prime-Series-Plate-Loaded-Squat-Lunge-Recovered-300x300.png 300w, https:\/\/store.evolve-fitness.eu\/wp-content\/uploads\/2025\/03\/EV-PL-PR-008-Evolve-Prime-Series-Plate-Loaded-Squat-Lunge-Recovered-150x150.png 150w, https:\/\/store.evolve-fitness.eu\/wp-content\/uploads\/2025\/03\/EV-PL-PR-008-Evolve-Prime-Series-Plate-Loaded-Squat-Lunge-Recovered-768x768.png 768w, https:\/\/store.evolve-fitness.eu\/wp-content\/uploads\/2025\/03\/EV-PL-PR-008-Evolve-Prime-Series-Plate-Loaded-Squat-Lunge-Recovered-1536x1536.png 1536w, https:\/\/store.evolve-fitness.eu\/wp-content\/uploads\/2025\/03\/EV-PL-PR-008-Evolve-Prime-Series-Plate-Loaded-Squat-Lunge-Recovered-2048x2048.png 2048w, https:\/\/store.evolve-fitness.eu\/wp-content\/uploads\/2025\/03\/EV-PL-PR-008-Evolve-Prime-Series-Plate-Loaded-Squat-Lunge-Recovered-600x600.png 600w, https:\/\/store.evolve-fitness.eu\/wp-content\/uploads\/2025\/03\/EV-PL-PR-008-Evolve-Prime-Series-Plate-Loaded-Squat-Lunge-Recovered-100x100.png 100w\" sizes=\"auto, (max-width: 1024px) 100vw, 1024px\" \/><\/figure>\n<\/div>\n<\/div>\n<\/section>\n<\/section>\n","protected":false},"excerpt":{"rendered":"<p>L&rsquo;Evolve Prime Series Plate Loaded Squat Lunge est un appareil d&rsquo;entra\u00eenement polyvalent pour le bas du corps, con\u00e7u pour maximiser la force, la stabilit\u00e9 et l&rsquo;activation musculaire. Gr\u00e2ce \u00e0 son syst\u00e8me de r\u00e9sistance \u00e0 plaques, il permet aux utilisateurs d&rsquo;effectuer des squats et des fentes avec des mouvements contr\u00f4l\u00e9s et une biom\u00e9canique optimale. Le repose-pieds ergonomique et le cadre robuste garantissent un positionnement correct, r\u00e9duisant la tension sur les articulations tout en ciblant efficacement les quadriceps, les fessiers et les ischio-jambiers. Id\u00e9ale pour un entra\u00eenement progressif de la force, cette machine constitue un moyen efficace de d\u00e9velopper la puissance et l&rsquo;endurance du bas du corps.   <\/p>\n","protected":false},"featured_media":115543,"template":"","meta":{"_acf_changed":false,"inline_featured_image":false},"product_cat":[780,1202],"product_tag":[],"class_list":{"0":"post-115521","1":"product","2":"type-product","3":"status-publish","4":"has-post-thumbnail","6":"product_cat-machines-a-plateau","7":"product_cat-prime-series-plate-loaded-fr","9":"first","10":"instock","11":"shipping-taxable","12":"purchasable","13":"product-type-simple"},"acf":[],"_links":{"self":[{"href":"https:\/\/store.evolve-fitness.eu\/fr\/wp-json\/wp\/v2\/product\/115521","targetHints":{"allow":["GET"]}}],"collection":[{"href":"https:\/\/store.evolve-fitness.eu\/fr\/wp-json\/wp\/v2\/product"}],"about":[{"href":"https:\/\/store.evolve-fitness.eu\/fr\/wp-json\/wp\/v2\/types\/product"}],"wp:featuredmedia":[{"embeddable":true,"href":"https:\/\/store.evolve-fitness.eu\/fr\/wp-json\/wp\/v2\/media\/115543"}],"wp:attachment":[{"href":"https:\/\/store.evolve-fitness.eu\/fr\/wp-json\/wp\/v2\/media?parent=115521"}],"wp:term":[{"taxonomy":"product_cat","embeddable":true,"href":"https:\/\/store.evolve-fitness.eu\/fr\/wp-json\/wp\/v2\/product_cat?post=115521"},{"taxonomy":"product_tag","embeddable":true,"href":"https:\/\/store.evolve-fitness.eu\/fr\/wp-json\/wp\/v2\/product_tag?post=115521"}],"curies":[{"name":"wp","href":"https:\/\/api.w.org\/{rel}","templated":true}]}}