{"id":115218,"date":"2025-03-10T07:08:12","date_gmt":"2025-03-10T07:08:12","guid":{"rendered":"https:\/\/store.evolve-fitness.eu\/?post_type=product&#038;p=115218"},"modified":"2025-04-04T06:25:34","modified_gmt":"2025-04-04T06:25:34","slug":"evolve-prime-series-plate-loaded-lat-pull-down-7","status":"publish","type":"product","link":"https:\/\/store.evolve-fitness.eu\/fr\/produit\/evolve-prime-series-plate-loaded-lat-pull-down-7\/","title":{"rendered":"Evolve Prime Series Plate Loaded lat pull down"},"content":{"rendered":"\n<section class=\"wp-block-group alignfull black-content has-white-color has-darkgray-background-color has-text-color has-background is-layout-constrained wp-block-group-is-layout-constrained\" style=\"padding-top:var(--wp--preset--spacing--section-bottom);padding-bottom:var(--wp--preset--spacing--section-bottom)\">\n<h3 class=\"wp-block-heading has-text-align-center\"><strong><strong>EVOLVE PLATE LOADED PRIME SERIES<\/strong><\/strong><\/h3>\n\n\n\n<p>Avec la s\u00e9rie Evolve Plate Loaded Prime, l&rsquo;excellence est la norme. Am\u00e9liorez votre entra\u00eenement musculaire avec des machines con\u00e7ues pour le confort, la durabilit\u00e9 et la performance. D\u00e9couvrez d\u00e8s aujourd&rsquo;hui l&rsquo;ensemble de la gamme et red\u00e9finissez votre parcours de remise en forme.  <\/p>\n\n\n\n<section class=\"wp-block-group alignfull black-content has-white-color has-darkgray-background-color has-text-color has-background is-layout-constrained wp-block-group-is-layout-constrained\" style=\"padding-top:var(--wp--preset--spacing--section-bottom);padding-bottom:var(--wp--preset--spacing--section-bottom)\">\n<div class=\"wp-block-columns alignwide mobile-reverse is-layout-flex wp-container-core-columns-is-layout-ca64bf2d wp-block-columns-is-layout-flex\" style=\"margin-bottom:var(--wp--preset--spacing--side-padding)\">\n<div class=\"wp-block-column is-vertically-aligned-center is-layout-flow wp-block-column-is-layout-flow\">\n<h3 class=\"wp-block-heading\" style=\"margin-bottom:var(--wp--preset--spacing--h-3-bottom)\"><strong><strong><strong><strong>Entra\u00eenement de force sup\u00e9rieure pour le d\u00e9veloppement d&rsquo;un dos puissant<\/strong><\/strong><\/strong><\/strong><\/h3>\n\n\n\n<p style=\"margin-bottom:var(--wp--preset--spacing--tb-section-padding)\">L&rsquo;<strong>Evolve Prime Series Plate Loaded Lat Pulldown<\/strong> est con\u00e7u pour un engagement optimal du dos, offrant un mouvement fluide et contr\u00f4l\u00e9 pour une activation efficace des muscles lat\u00e9raux. Dot\u00e9 d&rsquo;un cadre durable, d&rsquo;un si\u00e8ge ergonomique et d&rsquo;un syst\u00e8me de r\u00e9sistance \u00e0 plaques, cet appareil permet de personnaliser l&rsquo;intensit\u00e9 pour l&rsquo;adapter \u00e0 tous les niveaux de condition physique. Sa conception biom\u00e9canique optimis\u00e9e garantit une amplitude de mouvement maximale tout en pr\u00e9servant la stabilit\u00e9 et le confort. Id\u00e9al pour renforcer les lats, les trap\u00e8zes et les \u00e9paules, cet appareil est indispensable pour un entra\u00eenement musculaire s\u00e9rieux.   <\/p>\n\n\n\n<h3 class=\"wp-block-heading\" style=\"margin-bottom:var(--wp--preset--spacing--h-3-bottom)\"><strong><strong><strong><strong><strong>Ciblez vos lombaires avec pr\u00e9cision<\/strong><\/strong><\/strong><\/strong><\/strong><\/h3>\n\n\n\n<p><strong><em><strong>Une r\u00e9sistance \u00e0 plaques efficace pour des performances in\u00e9gal\u00e9es<\/strong><\/em><\/strong><\/p>\n\n\n\n<p>L&rsquo;<strong>Evolve Prime Series Plate Loaded Lat Pulldown<\/strong> offre une exp\u00e9rience d&rsquo;entra\u00eenement de qualit\u00e9 professionnelle gr\u00e2ce \u00e0 son mouvement de traction doux et naturel. La conception ind\u00e9pendante des bras favorise un d\u00e9veloppement musculaire \u00e9quilibr\u00e9, tandis que les prot\u00e8ge-cuisses r\u00e9glables assurent un maintien s\u00fbr et confortable lors des lev\u00e9es lourdes. Con\u00e7u pour des performances \u00e9lev\u00e9es, cet appareil permet aux utilisateurs d&rsquo;ajuster leur r\u00e9sistance \u00e0 l&rsquo;aide de plaques de poids, ce qui le rend adapt\u00e9 \u00e0 l&rsquo;entra\u00eenement en surcharge progressive. Que vous cherchiez \u00e0 renforcer votre dos ou \u00e0 am\u00e9liorer l&rsquo;esth\u00e9tique du haut du corps, cet appareil de traction lat\u00e9ral offre des r\u00e9sultats de premier ordre.   <\/p>\n<\/div>\n\n\n\n<div class=\"wp-block-column is-vertically-aligned-center is-layout-flow wp-block-column-is-layout-flow\">\n<figure class=\"wp-block-image size-large\"><img loading=\"lazy\" decoding=\"async\" width=\"1024\" height=\"1024\" src=\"https:\/\/store.evolve-fitness.eu\/wp-content\/uploads\/2025\/03\/EV-PL-PR-002-Evolve-Prime-Series-Plate-Loaded-Lat-Pull-Down-3-1024x1024.png\" alt=\"\" class=\"wp-image-120352\" srcset=\"https:\/\/store.evolve-fitness.eu\/wp-content\/uploads\/2025\/03\/EV-PL-PR-002-Evolve-Prime-Series-Plate-Loaded-Lat-Pull-Down-3-1024x1024.png 1024w, https:\/\/store.evolve-fitness.eu\/wp-content\/uploads\/2025\/03\/EV-PL-PR-002-Evolve-Prime-Series-Plate-Loaded-Lat-Pull-Down-3-300x300.png 300w, https:\/\/store.evolve-fitness.eu\/wp-content\/uploads\/2025\/03\/EV-PL-PR-002-Evolve-Prime-Series-Plate-Loaded-Lat-Pull-Down-3-150x150.png 150w, https:\/\/store.evolve-fitness.eu\/wp-content\/uploads\/2025\/03\/EV-PL-PR-002-Evolve-Prime-Series-Plate-Loaded-Lat-Pull-Down-3-768x768.png 768w, https:\/\/store.evolve-fitness.eu\/wp-content\/uploads\/2025\/03\/EV-PL-PR-002-Evolve-Prime-Series-Plate-Loaded-Lat-Pull-Down-3-1536x1536.png 1536w, https:\/\/store.evolve-fitness.eu\/wp-content\/uploads\/2025\/03\/EV-PL-PR-002-Evolve-Prime-Series-Plate-Loaded-Lat-Pull-Down-3-2048x2048.png 2048w, https:\/\/store.evolve-fitness.eu\/wp-content\/uploads\/2025\/03\/EV-PL-PR-002-Evolve-Prime-Series-Plate-Loaded-Lat-Pull-Down-3-600x600.png 600w, https:\/\/store.evolve-fitness.eu\/wp-content\/uploads\/2025\/03\/EV-PL-PR-002-Evolve-Prime-Series-Plate-Loaded-Lat-Pull-Down-3-100x100.png 100w\" sizes=\"auto, (max-width: 1024px) 100vw, 1024px\" \/><\/figure>\n<\/div>\n<\/div>\n<\/section>\n<\/section>\n","protected":false},"excerpt":{"rendered":"<p>L&rsquo;Evolve Prime Series Plate Loaded Lat Pulldown est con\u00e7u pour un engagement optimal du dos, offrant un mouvement fluide et contr\u00f4l\u00e9 pour une activation efficace des muscles lat\u00e9raux. Dot\u00e9 d&rsquo;un cadre durable, d&rsquo;un si\u00e8ge ergonomique et d&rsquo;un syst\u00e8me de r\u00e9sistance \u00e0 plaques, cet appareil permet de personnaliser l&rsquo;intensit\u00e9 pour l&rsquo;adapter \u00e0 tous les niveaux de condition physique. Sa conception biom\u00e9canique optimis\u00e9e garantit une amplitude de mouvement maximale tout en pr\u00e9servant la stabilit\u00e9 et le confort. Id\u00e9al pour renforcer les lats, les trap\u00e8zes et les \u00e9paules, cet appareil est indispensable pour un entra\u00eenement musculaire s\u00e9rieux.   <\/p>\n","protected":false},"featured_media":120335,"template":"","meta":{"_acf_changed":false,"inline_featured_image":false},"product_cat":[780,1202],"product_tag":[],"class_list":{"0":"post-115218","1":"product","2":"type-product","3":"status-publish","4":"has-post-thumbnail","6":"product_cat-machines-a-plateau","7":"product_cat-prime-series-plate-loaded-fr","9":"first","10":"instock","11":"shipping-taxable","12":"purchasable","13":"product-type-simple"},"acf":[],"_links":{"self":[{"href":"https:\/\/store.evolve-fitness.eu\/fr\/wp-json\/wp\/v2\/product\/115218","targetHints":{"allow":["GET"]}}],"collection":[{"href":"https:\/\/store.evolve-fitness.eu\/fr\/wp-json\/wp\/v2\/product"}],"about":[{"href":"https:\/\/store.evolve-fitness.eu\/fr\/wp-json\/wp\/v2\/types\/product"}],"wp:featuredmedia":[{"embeddable":true,"href":"https:\/\/store.evolve-fitness.eu\/fr\/wp-json\/wp\/v2\/media\/120335"}],"wp:attachment":[{"href":"https:\/\/store.evolve-fitness.eu\/fr\/wp-json\/wp\/v2\/media?parent=115218"}],"wp:term":[{"taxonomy":"product_cat","embeddable":true,"href":"https:\/\/store.evolve-fitness.eu\/fr\/wp-json\/wp\/v2\/product_cat?post=115218"},{"taxonomy":"product_tag","embeddable":true,"href":"https:\/\/store.evolve-fitness.eu\/fr\/wp-json\/wp\/v2\/product_tag?post=115218"}],"curies":[{"name":"wp","href":"https:\/\/api.w.org\/{rel}","templated":true}]}}