{"id":114688,"date":"2025-03-07T14:20:26","date_gmt":"2025-03-07T14:20:26","guid":{"rendered":"https:\/\/store.evolve-fitness.eu\/?post_type=product&#038;p=114688"},"modified":"2026-02-07T12:02:25","modified_gmt":"2026-02-07T12:02:25","slug":"evolve-ultra-series-hip-thrust-avec-ceinture","status":"publish","type":"product","link":"https:\/\/store.evolve-fitness.eu\/fr\/produit\/evolve-ultra-series-hip-thrust-avec-ceinture\/","title":{"rendered":"Evolve Ultra Series Hip Thrust avec ceinture"},"content":{"rendered":"","protected":false},"excerpt":{"rendered":"<p>Optimisez votre entra\u00eenement des fessiers et du bas du corps avec l&rsquo;appareil Evolve Ultra Series Hip Thrust with Belt. Con\u00e7u pour les d\u00e9butants comme pour les athl\u00e8tes confirm\u00e9s, cet appareil constitue un moyen s\u00fbr et efficace de d\u00e9velopper la force, la puissance et la d\u00e9finition musculaire. Le syst\u00e8me de r\u00e9sistance \u00e0 courroie assure un confort et une stabilit\u00e9 optimaux tout en r\u00e9duisant la tension sur le bas du dos, ce qui en fait un excellent choix pour la surcharge progressive et l&rsquo;entra\u00eenement fonctionnel.  <\/p>\n","protected":false},"featured_media":114710,"template":"","meta":{"_acf_changed":false,"inline_featured_image":false},"product_cat":[780,784],"product_tag":[],"class_list":{"0":"post-114688","1":"product","2":"type-product","3":"status-publish","4":"has-post-thumbnail","6":"product_cat-machines-a-plateau","7":"product_cat-ultra-series-plate-loaded-fr","9":"first","10":"instock","11":"shipping-taxable","12":"purchasable","13":"product-type-simple"},"acf":[],"_links":{"self":[{"href":"https:\/\/store.evolve-fitness.eu\/fr\/wp-json\/wp\/v2\/product\/114688","targetHints":{"allow":["GET"]}}],"collection":[{"href":"https:\/\/store.evolve-fitness.eu\/fr\/wp-json\/wp\/v2\/product"}],"about":[{"href":"https:\/\/store.evolve-fitness.eu\/fr\/wp-json\/wp\/v2\/types\/product"}],"wp:featuredmedia":[{"embeddable":true,"href":"https:\/\/store.evolve-fitness.eu\/fr\/wp-json\/wp\/v2\/media\/114710"}],"wp:attachment":[{"href":"https:\/\/store.evolve-fitness.eu\/fr\/wp-json\/wp\/v2\/media?parent=114688"}],"wp:term":[{"taxonomy":"product_cat","embeddable":true,"href":"https:\/\/store.evolve-fitness.eu\/fr\/wp-json\/wp\/v2\/product_cat?post=114688"},{"taxonomy":"product_tag","embeddable":true,"href":"https:\/\/store.evolve-fitness.eu\/fr\/wp-json\/wp\/v2\/product_tag?post=114688"}],"curies":[{"name":"wp","href":"https:\/\/api.w.org\/{rel}","templated":true}]}}