{"id":106293,"date":"2025-02-10T14:25:45","date_gmt":"2025-02-10T14:25:45","guid":{"rendered":"https:\/\/store.evolve-fitness.eu\/?post_type=product&#038;p=106293"},"modified":"2026-01-08T12:00:22","modified_gmt":"2026-01-08T12:00:22","slug":"evolve-prime-series-developpeur-de-poitrine-large-avec-charge-de-plaque","status":"publish","type":"product","link":"https:\/\/store.evolve-fitness.eu\/fr\/produit\/evolve-prime-series-developpeur-de-poitrine-large-avec-charge-de-plaque\/","title":{"rendered":"Evolve Prime Series &#8211; D\u00e9veloppeur de poitrine large avec charge de plaque"},"content":{"rendered":"\n<section class=\"wp-block-group alignfull black-content has-white-color has-darkgray-background-color has-text-color has-background is-layout-constrained wp-block-group-is-layout-constrained\" style=\"padding-top:var(--wp--preset--spacing--section-bottom);padding-bottom:var(--wp--preset--spacing--section-bottom)\">\n<h3 class=\"wp-block-heading has-text-align-center\"><strong><strong>EVOLVE PLATE LOADED PRIME SERIES<\/strong><\/strong><\/h3>\n\n\n\n<p>Avec la s\u00e9rie Evolve Plate Loaded Prime, l&rsquo;excellence est la norme. Am\u00e9liorez votre entra\u00eenement musculaire avec des machines con\u00e7ues pour le confort, la durabilit\u00e9 et la performance. D\u00e9couvrez d\u00e8s aujourd&rsquo;hui l&rsquo;ensemble de la gamme et red\u00e9finissez votre parcours de remise en forme.  <\/p>\n\n\n\n<section class=\"wp-block-group alignfull black-content has-white-color has-darkgray-background-color has-text-color has-background is-layout-constrained wp-block-group-is-layout-constrained\" style=\"padding-top:var(--wp--preset--spacing--section-bottom);padding-bottom:var(--wp--preset--spacing--section-bottom)\">\n<div class=\"wp-block-columns alignwide mobile-reverse is-layout-flex wp-container-core-columns-is-layout-ca64bf2d wp-block-columns-is-layout-flex\" style=\"margin-bottom:var(--wp--preset--spacing--side-padding)\">\n<div class=\"wp-block-column is-vertically-aligned-center is-layout-flow wp-block-column-is-layout-flow\">\n<h3 class=\"wp-block-heading\" style=\"margin-bottom:var(--wp--preset--spacing--h-3-bottom)\"><strong><strong><strong>Une conception innovante pour un d\u00e9veloppement maximal de la poitrine<\/strong><\/strong><\/strong><\/h3>\n\n\n\n<p style=\"margin-bottom:var(--wp--preset--spacing--tb-section-padding)\">La presse \u00e0 pectoraux large Evolve Prime Series charg\u00e9e de plaques est con\u00e7ue pour fournir un entra\u00eenement du haut du corps, en ciblant les muscles pectoraux avec pr\u00e9cision et efficacit\u00e9. Ses poign\u00e9es ergonomiques \u00e0 prise large assurent un mouvement naturel qui stimule les muscles pectoraux tout en r\u00e9duisant la tension sur les \u00e9paules et les articulations. La conception \u00e0 plaques permet d&rsquo;ajuster la r\u00e9sistance, ce qui en fait un appareil id\u00e9al pour les utilisateurs de tous niveaux. Cet \u00e9quipement robuste est dot\u00e9 d&rsquo;un cadre solide et d&rsquo;un rembourrage de qualit\u00e9 sup\u00e9rieure pour offrir confort et durabilit\u00e9, ce qui permet des s\u00e9ances d&rsquo;entra\u00eenement intenses dans une salle de sport ou \u00e0 la maison.   <\/p>\n\n\n\n<h3 class=\"wp-block-heading\" style=\"margin-bottom:var(--wp--preset--spacing--h-3-bottom)\"><strong><strong><strong><strong><strong>Am\u00e9lioration des performances et de la personnalisation<\/strong><\/strong><\/strong><\/strong><\/strong><\/h3>\n\n\n\n<p>Con\u00e7ue pour r\u00e9pondre aux besoins des entra\u00eeneurs de force s\u00e9rieux, la presse pectorale Evolve Prime Series permet de personnaliser la r\u00e9sistance en fonction des besoins individuels. Le dossier inclin\u00e9 et le si\u00e8ge r\u00e9glable garantissent un alignement correct, aidant les utilisateurs \u00e0 maintenir une posture optimale pour un engagement musculaire cibl\u00e9 et de meilleurs r\u00e9sultats. Cet \u00e9quipement est fabriqu\u00e9 avec des mat\u00e9riaux de qualit\u00e9 commerciale, offrant une stabilit\u00e9 et une long\u00e9vit\u00e9 sup\u00e9rieures, m\u00eame en cas d&rsquo;utilisation fr\u00e9quente. Que vous cherchiez \u00e0 augmenter votre masse musculaire ou \u00e0 tonifier votre poitrine, la fonctionnalit\u00e9 transparente de cette machine, associ\u00e9e \u00e0 son esth\u00e9tique moderne, en fait un compl\u00e9ment essentiel \u00e0 tout environnement de remise en forme.   <\/p>\n<\/div>\n\n\n\n<div class=\"wp-block-column is-vertically-aligned-center is-layout-flow wp-block-column-is-layout-flow\">\n<figure class=\"wp-block-image size-large is-resized is-style-rounded\"><img loading=\"lazy\" decoding=\"async\" width=\"1024\" height=\"1024\" src=\"https:\/\/store.evolve-fitness.eu\/wp-content\/uploads\/2025\/02\/EV-PL-PR-007-Evolve-Prime-Series-Plate-Loaded-Wide-Chest-Press-6-1024x1024.png\" alt=\"\" class=\"wp-image-120757\" style=\"width:643px;height:706px\" srcset=\"https:\/\/store.evolve-fitness.eu\/wp-content\/uploads\/2025\/02\/EV-PL-PR-007-Evolve-Prime-Series-Plate-Loaded-Wide-Chest-Press-6-1024x1024.png 1024w, https:\/\/store.evolve-fitness.eu\/wp-content\/uploads\/2025\/02\/EV-PL-PR-007-Evolve-Prime-Series-Plate-Loaded-Wide-Chest-Press-6-300x300.png 300w, https:\/\/store.evolve-fitness.eu\/wp-content\/uploads\/2025\/02\/EV-PL-PR-007-Evolve-Prime-Series-Plate-Loaded-Wide-Chest-Press-6-150x150.png 150w, https:\/\/store.evolve-fitness.eu\/wp-content\/uploads\/2025\/02\/EV-PL-PR-007-Evolve-Prime-Series-Plate-Loaded-Wide-Chest-Press-6-768x768.png 768w, https:\/\/store.evolve-fitness.eu\/wp-content\/uploads\/2025\/02\/EV-PL-PR-007-Evolve-Prime-Series-Plate-Loaded-Wide-Chest-Press-6-1536x1536.png 1536w, https:\/\/store.evolve-fitness.eu\/wp-content\/uploads\/2025\/02\/EV-PL-PR-007-Evolve-Prime-Series-Plate-Loaded-Wide-Chest-Press-6-2048x2048.png 2048w, https:\/\/store.evolve-fitness.eu\/wp-content\/uploads\/2025\/02\/EV-PL-PR-007-Evolve-Prime-Series-Plate-Loaded-Wide-Chest-Press-6-600x600.png 600w, https:\/\/store.evolve-fitness.eu\/wp-content\/uploads\/2025\/02\/EV-PL-PR-007-Evolve-Prime-Series-Plate-Loaded-Wide-Chest-Press-6-100x100.png 100w\" sizes=\"auto, (max-width: 1024px) 100vw, 1024px\" \/><\/figure>\n<\/div>\n<\/div>\n<\/section>\n<\/section>\n","protected":false},"excerpt":{"rendered":"<p>La presse \u00e0 poitrine large Evolve Prime Series (EV-PL-PR-007) est con\u00e7ue pour renforcer le haut du corps, en se concentrant sur les muscles pectoraux, gr\u00e2ce \u00e0 un syst\u00e8me de poign\u00e9es ergonomiques \u00e0 prise large. Sa r\u00e9sistance r\u00e9glable \u00e0 l&rsquo;aide d&rsquo;un plateau convient \u00e0 tous les niveaux de condition physique. Construit dans un souci de durabilit\u00e9, il est dot\u00e9 d&rsquo;un cadre m\u00e9tallique robuste, d&rsquo;un rembourrage de qualit\u00e9 sup\u00e9rieure et d&rsquo;un si\u00e8ge r\u00e9glable pour un confort et des performances optimales. La conception compacte de cet appareil permet de l&rsquo;utiliser aussi bien \u00e0 la maison qu&rsquo;en salle de sport, ce qui garantit un engagement musculaire cibl\u00e9 et une meilleure posture pendant les s\u00e9ances d&rsquo;entra\u00eenement.   <\/p>\n","protected":false},"featured_media":120613,"template":"","meta":{"_acf_changed":false,"inline_featured_image":false},"product_cat":[413,780,1202],"product_tag":[],"class_list":{"0":"post-106293","1":"product","2":"type-product","3":"status-publish","4":"has-post-thumbnail","6":"product_cat-page-daccueil","7":"product_cat-machines-a-plateau","8":"product_cat-prime-series-plate-loaded-fr","10":"first","11":"instock","12":"shipping-taxable","13":"purchasable","14":"product-type-simple"},"acf":[],"_links":{"self":[{"href":"https:\/\/store.evolve-fitness.eu\/fr\/wp-json\/wp\/v2\/product\/106293","targetHints":{"allow":["GET"]}}],"collection":[{"href":"https:\/\/store.evolve-fitness.eu\/fr\/wp-json\/wp\/v2\/product"}],"about":[{"href":"https:\/\/store.evolve-fitness.eu\/fr\/wp-json\/wp\/v2\/types\/product"}],"wp:featuredmedia":[{"embeddable":true,"href":"https:\/\/store.evolve-fitness.eu\/fr\/wp-json\/wp\/v2\/media\/120613"}],"wp:attachment":[{"href":"https:\/\/store.evolve-fitness.eu\/fr\/wp-json\/wp\/v2\/media?parent=106293"}],"wp:term":[{"taxonomy":"product_cat","embeddable":true,"href":"https:\/\/store.evolve-fitness.eu\/fr\/wp-json\/wp\/v2\/product_cat?post=106293"},{"taxonomy":"product_tag","embeddable":true,"href":"https:\/\/store.evolve-fitness.eu\/fr\/wp-json\/wp\/v2\/product_tag?post=106293"}],"curies":[{"name":"wp","href":"https:\/\/api.w.org\/{rel}","templated":true}]}}