{"id":106243,"date":"2025-02-10T14:22:06","date_gmt":"2025-02-10T14:22:06","guid":{"rendered":"https:\/\/store.evolve-fitness.eu\/?post_type=product&#038;p=106243"},"modified":"2025-03-27T08:34:48","modified_gmt":"2025-03-27T08:34:48","slug":"evolve-prime-series-plate-loaded-chest-press-lat-pull-down-5","status":"publish","type":"product","link":"https:\/\/store.evolve-fitness.eu\/fr\/produit\/evolve-prime-series-plate-loaded-chest-press-lat-pull-down-5\/","title":{"rendered":"Evolve Prime Series Plate Loaded Chest Press &amp; Lat Pull Down"},"content":{"rendered":"\n<section class=\"wp-block-group alignfull black-content has-white-color has-darkgray-background-color has-text-color has-background is-layout-constrained wp-block-group-is-layout-constrained\" style=\"padding-top:var(--wp--preset--spacing--section-bottom);padding-bottom:var(--wp--preset--spacing--section-bottom)\">\n<h3 class=\"wp-block-heading has-text-align-center\"><strong><strong>EVOLVE PLATE LOADED PRIME SERIES<\/strong><\/strong><\/h3>\n\n\n\n<p>Avec la s\u00e9rie Evolve Plate Loaded Prime, l&rsquo;excellence est la norme. Am\u00e9liorez votre entra\u00eenement musculaire avec des machines con\u00e7ues pour le confort, la durabilit\u00e9 et la performance. D\u00e9couvrez d\u00e8s aujourd&rsquo;hui l&rsquo;ensemble de la gamme et red\u00e9finissez votre parcours de remise en forme.  <\/p>\n\n\n\n<section class=\"wp-block-group alignfull black-content has-white-color has-darkgray-background-color has-text-color has-background is-layout-constrained wp-block-group-is-layout-constrained\" style=\"padding-top:var(--wp--preset--spacing--section-bottom);padding-bottom:var(--wp--preset--spacing--section-bottom)\">\n<div class=\"wp-block-columns alignwide mobile-reverse is-layout-flex wp-container-core-columns-is-layout-ca64bf2d wp-block-columns-is-layout-flex\" style=\"margin-bottom:var(--wp--preset--spacing--side-padding)\">\n<div class=\"wp-block-column is-vertically-aligned-center is-layout-flow wp-block-column-is-layout-flow\">\n<h3 class=\"wp-block-heading\" style=\"margin-bottom:var(--wp--preset--spacing--h-3-bottom)\"><strong><strong><strong>Double fonction polyvalente<\/strong><\/strong><\/strong><\/h3>\n\n\n\n<p><strong><strong><strong><em>Pour la force du haut du corps<\/em><\/strong><\/strong><\/strong><\/p>\n\n\n\n<p style=\"margin-bottom:var(--wp--preset--spacing--tb-section-padding)\">L&rsquo;appareil Evolve Prime Series Plate Loaded Chest Press &amp; Lat Pull Down est con\u00e7u pour offrir un entra\u00eenement complet du haut du corps en combinant deux mouvements essentiels en un seul appareil. La presse thoracique cible vos muscles pectoraux tout en assurant la s\u00e9curit\u00e9 des articulations gr\u00e2ce \u00e0 sa r\u00e9sistance douce, charg\u00e9e de plaques, qui peut \u00eatre r\u00e9gl\u00e9e en fonction des niveaux de force de l&rsquo;utilisateur. Le tirage lat\u00e9ral permet quant \u00e0 lui un entra\u00eenement complet du dos.  <\/p>\n\n\n\n<h3 class=\"wp-block-heading\" style=\"margin-bottom:var(--wp--preset--spacing--h-3-bottom)\"><strong><strong><strong><strong><strong>Ing\u00e9nierie de pr\u00e9cision<\/strong><\/strong><\/strong><\/strong><\/strong><\/h3>\n\n\n\n<p><strong><strong><strong><strong><strong><em>Pour un engagement musculaire optimal<\/em><\/strong><\/strong><\/strong><\/strong><\/strong><\/p>\n\n\n\n<p>Con\u00e7u pour r\u00e9pondre aux exigences des professionnels et des amateurs de fitness \u00e0 domicile, l&rsquo;appareil Evolve Prime Series Chest Press &amp; Lat Pull Down est \u00e9quip\u00e9 de poign\u00e9es ergonomiques et de r\u00e9glages ajustables. Cela garantit une posture et un alignement corrects, aidant les utilisateurs \u00e0 maximiser l&rsquo;activation des muscles tout en minimisant la tension sur les articulations. Le syst\u00e8me \u00e0 plaques permet une surcharge progressive, essentielle pour d\u00e9velopper la force et la d\u00e9finition musculaire. Fabriqu\u00e9 avec des mat\u00e9riaux de haute qualit\u00e9 commerciale, cet appareil garantit une stabilit\u00e9 et des performances durables, ce qui en fait un investissement pr\u00e9cieux pour tous ceux qui cherchent \u00e0 am\u00e9liorer leur programme d&rsquo;entra\u00eenement de la force du haut du corps.   <\/p>\n<\/div>\n\n\n\n<div class=\"wp-block-column is-vertically-aligned-center is-layout-flow wp-block-column-is-layout-flow\">\n<figure class=\"wp-block-image size-full is-resized is-style-rounded\"><img decoding=\"async\" src=\"https:\/\/evolve-fitness.eu\/wp-content\/uploads\/2024\/10\/EV-PL-PR-011-Evolve-Prime-Series-Plate-Loaded-Chest-Press-Lat-Pull-Down.jpg\" alt=\"EV-PL-PR-011\" class=\"wp-image-157083\" style=\"width:643px;height:706px\"\/><\/figure>\n<\/div>\n<\/div>\n<\/section>\n<\/section>\n","protected":false},"excerpt":{"rendered":"<p>L&rsquo;Evolve Prime Series Plate Loaded Chest Press &amp; Lat Pull Down est un appareil \u00e0 double fonction con\u00e7u pour la musculation du haut du corps. Il combine une presse thoracique pour le d\u00e9veloppement des muscles pectoraux et un tirage lat\u00e9ral pour cibler les muscles du dos. L&rsquo;appareil est dot\u00e9 d&rsquo;une r\u00e9sistance r\u00e9glable, de poign\u00e9es ergonomiques et de r\u00e9glages pour un alignement correct, garantissant un engagement musculaire optimal et une r\u00e9duction de la tension articulaire. Fabriqu\u00e9 avec des mat\u00e9riaux durables de qualit\u00e9 commerciale, il offre stabilit\u00e9 et long\u00e9vit\u00e9, que ce soit \u00e0 la maison ou en salle de sport.   <\/p>\n","protected":false},"featured_media":109897,"template":"","meta":{"_acf_changed":false,"inline_featured_image":false},"product_cat":[780,1202],"product_tag":[],"class_list":{"0":"post-106243","1":"product","2":"type-product","3":"status-publish","4":"has-post-thumbnail","6":"product_cat-machines-a-plateau","7":"product_cat-prime-series-plate-loaded-fr","9":"first","10":"instock","11":"shipping-taxable","12":"purchasable","13":"product-type-simple"},"acf":[],"_links":{"self":[{"href":"https:\/\/store.evolve-fitness.eu\/fr\/wp-json\/wp\/v2\/product\/106243","targetHints":{"allow":["GET"]}}],"collection":[{"href":"https:\/\/store.evolve-fitness.eu\/fr\/wp-json\/wp\/v2\/product"}],"about":[{"href":"https:\/\/store.evolve-fitness.eu\/fr\/wp-json\/wp\/v2\/types\/product"}],"wp:featuredmedia":[{"embeddable":true,"href":"https:\/\/store.evolve-fitness.eu\/fr\/wp-json\/wp\/v2\/media\/109897"}],"wp:attachment":[{"href":"https:\/\/store.evolve-fitness.eu\/fr\/wp-json\/wp\/v2\/media?parent=106243"}],"wp:term":[{"taxonomy":"product_cat","embeddable":true,"href":"https:\/\/store.evolve-fitness.eu\/fr\/wp-json\/wp\/v2\/product_cat?post=106243"},{"taxonomy":"product_tag","embeddable":true,"href":"https:\/\/store.evolve-fitness.eu\/fr\/wp-json\/wp\/v2\/product_tag?post=106243"}],"curies":[{"name":"wp","href":"https:\/\/api.w.org\/{rel}","templated":true}]}}