{"id":105968,"date":"2025-02-10T13:58:36","date_gmt":"2025-02-10T13:58:36","guid":{"rendered":"https:\/\/store.evolve-fitness.eu\/?post_type=product&#038;p=105968"},"modified":"2025-09-25T11:56:49","modified_gmt":"2025-09-25T11:56:49","slug":"evolve-prime-series-plate-loaded-v-squat-ancien-modele","status":"publish","type":"product","link":"https:\/\/store.evolve-fitness.eu\/fr\/produit\/evolve-prime-series-plate-loaded-v-squat-ancien-modele\/","title":{"rendered":"Evolve Prime Series Plate Loaded V Squat Ancien mod\u00e8le"},"content":{"rendered":"\n<section class=\"wp-block-group alignfull black-content has-white-color has-darkgray-background-color has-text-color has-background is-layout-constrained wp-block-group-is-layout-constrained\" style=\"padding-top:var(--wp--preset--spacing--section-bottom);padding-bottom:var(--wp--preset--spacing--section-bottom)\">\n<h3 class=\"wp-block-heading has-text-align-center\"><strong><strong>EVOLVE PLATE LOADED PRIME SERIES<\/strong><\/strong><\/h3>\n\n\n\n<p>Avec la s\u00e9rie Evolve Plate Loaded Prime, l&rsquo;excellence est la norme. Am\u00e9liorez votre entra\u00eenement musculaire avec des machines con\u00e7ues pour le confort, la durabilit\u00e9 et la performance. D\u00e9couvrez d\u00e8s aujourd&rsquo;hui l&rsquo;ensemble de la gamme et red\u00e9finissez votre parcours de remise en forme.  <\/p>\n\n\n\n<section class=\"wp-block-group alignfull black-content has-white-color has-darkgray-background-color has-text-color has-background is-layout-constrained wp-block-group-is-layout-constrained\" style=\"padding-top:var(--wp--preset--spacing--section-bottom);padding-bottom:var(--wp--preset--spacing--section-bottom)\">\n<div class=\"wp-block-columns alignwide mobile-reverse is-layout-flex wp-container-core-columns-is-layout-ca64bf2d wp-block-columns-is-layout-flex\" style=\"margin-bottom:var(--wp--preset--spacing--side-padding)\">\n<div class=\"wp-block-column is-vertically-aligned-center is-layout-flow wp-block-column-is-layout-flow\">\n<h3 class=\"wp-block-heading\" style=\"margin-bottom:var(--wp--preset--spacing--h-3-bottom)\"><strong><strong><strong>Options d&rsquo;exercice globales<\/strong><\/strong><\/strong><\/h3>\n\n\n\n<p><strong><em><strong>Entra\u00eenements cibl\u00e9s pour le bas du corps<\/strong><\/em><\/strong><\/p>\n\n\n\n<p style=\"margin-bottom:var(--wp--preset--spacing--tb-section-padding)\">Le Evolve Prime Series Plate Loaded V Squat est con\u00e7u pour cibler efficacement les quadriceps, les ischio-jambiers, les fessiers et les mollets. Le syst\u00e8me de r\u00e9glage intuitif de la machine permet une installation et une transition faciles entre les exercices, offrant ainsi une exp\u00e9rience d&rsquo;entra\u00eenement polyvalente. <\/p>\n\n\n\n<h3 class=\"wp-block-heading\" style=\"margin-bottom:var(--wp--preset--spacing--h-3-bottom)\"><strong><strong><strong><strong><strong>Fonctionnalit\u00e9s avanc\u00e9es<\/strong><\/strong><\/strong><\/strong><\/strong><\/h3>\n\n\n\n<p><strong><em>Durabilit\u00e9 et efficacit\u00e9<\/em><\/strong><\/p>\n\n\n\n<p>Fabriqu\u00e9e avec un tissu de premi\u00e8re qualit\u00e9 et un mat\u00e9riel en acier inoxydable, cette machine V Squat est con\u00e7ue pour durer. La technologie de pulv\u00e9risation \u00e9lectrostatique de poudre thermodurcissable offre une finition r\u00e9sistante, qui conserve son attrait esth\u00e9tique au fil du temps. Les supports de rangement int\u00e9gr\u00e9s pour les plaques de poids am\u00e9liorent l&rsquo;efficacit\u00e9 de l&rsquo;espace, garantissant un environnement d&rsquo;entra\u00eenement sans encombrement.  <\/p>\n<\/div>\n\n\n\n<div class=\"wp-block-column is-vertically-aligned-center is-layout-flow wp-block-column-is-layout-flow\">\n<figure class=\"wp-block-image size-large\"><img loading=\"lazy\" decoding=\"async\" width=\"1024\" height=\"1024\" src=\"https:\/\/store.evolve-fitness.eu\/wp-content\/uploads\/2025\/02\/V-1024x1024.png\" alt=\"\" class=\"wp-image-109689\" srcset=\"https:\/\/store.evolve-fitness.eu\/wp-content\/uploads\/2025\/02\/V-1024x1024.png 1024w, https:\/\/store.evolve-fitness.eu\/wp-content\/uploads\/2025\/02\/V-300x300.png 300w, https:\/\/store.evolve-fitness.eu\/wp-content\/uploads\/2025\/02\/V-150x150.png 150w, https:\/\/store.evolve-fitness.eu\/wp-content\/uploads\/2025\/02\/V-768x768.png 768w, https:\/\/store.evolve-fitness.eu\/wp-content\/uploads\/2025\/02\/V-1536x1536.png 1536w, https:\/\/store.evolve-fitness.eu\/wp-content\/uploads\/2025\/02\/V-2048x2048.png 2048w, https:\/\/store.evolve-fitness.eu\/wp-content\/uploads\/2025\/02\/V-600x600.png 600w, https:\/\/store.evolve-fitness.eu\/wp-content\/uploads\/2025\/02\/V-100x100.png 100w\" sizes=\"auto, (max-width: 1024px) 100vw, 1024px\" \/><\/figure>\n<\/div>\n<\/div>\n<\/section>\n<\/section>\n","protected":false},"excerpt":{"rendered":"<p>Le Evolve Prime Series Plate Loaded V Squat est un \u00e9quipement de fitness de pointe con\u00e7u pour am\u00e9liorer vos s\u00e9ances d&rsquo;entra\u00eenement du bas du corps. Construit avec des mat\u00e9riaux de qualit\u00e9 commerciale, cet appareil vous garantit un confort, une durabilit\u00e9 et des performances in\u00e9gal\u00e9s. Sa conception ergonomique et ses fonctions r\u00e9glables lui permettent de convenir \u00e0 tous les niveaux de condition physique, ce qui en fait un compl\u00e9ment id\u00e9al pour les salles de sport professionnelles.  <\/p>\n","protected":false},"featured_media":105990,"template":"","meta":{"_acf_changed":false,"inline_featured_image":false},"product_cat":[780,1202],"product_tag":[],"class_list":{"0":"post-105968","1":"product","2":"type-product","3":"status-publish","4":"has-post-thumbnail","6":"product_cat-machines-a-plateau","7":"product_cat-prime-series-plate-loaded-fr","9":"first","10":"instock","11":"taxable","12":"shipping-taxable","13":"purchasable","14":"product-type-simple"},"acf":[],"_links":{"self":[{"href":"https:\/\/store.evolve-fitness.eu\/fr\/wp-json\/wp\/v2\/product\/105968","targetHints":{"allow":["GET"]}}],"collection":[{"href":"https:\/\/store.evolve-fitness.eu\/fr\/wp-json\/wp\/v2\/product"}],"about":[{"href":"https:\/\/store.evolve-fitness.eu\/fr\/wp-json\/wp\/v2\/types\/product"}],"wp:featuredmedia":[{"embeddable":true,"href":"https:\/\/store.evolve-fitness.eu\/fr\/wp-json\/wp\/v2\/media\/105990"}],"wp:attachment":[{"href":"https:\/\/store.evolve-fitness.eu\/fr\/wp-json\/wp\/v2\/media?parent=105968"}],"wp:term":[{"taxonomy":"product_cat","embeddable":true,"href":"https:\/\/store.evolve-fitness.eu\/fr\/wp-json\/wp\/v2\/product_cat?post=105968"},{"taxonomy":"product_tag","embeddable":true,"href":"https:\/\/store.evolve-fitness.eu\/fr\/wp-json\/wp\/v2\/product_tag?post=105968"}],"curies":[{"name":"wp","href":"https:\/\/api.w.org\/{rel}","templated":true}]}}