{"id":105918,"date":"2025-02-10T13:51:22","date_gmt":"2025-02-10T13:51:22","guid":{"rendered":"https:\/\/store.evolve-fitness.eu\/?post_type=product&#038;p=105918"},"modified":"2025-04-04T06:31:57","modified_gmt":"2025-04-04T06:31:57","slug":"evolve-prime-series-plate-loaded-pullover-nouveau-modele","status":"publish","type":"product","link":"https:\/\/store.evolve-fitness.eu\/fr\/produit\/evolve-prime-series-plate-loaded-pullover-nouveau-modele\/","title":{"rendered":"Evolve Prime Series Plate Loaded Pullover Nouveau mod\u00e8le"},"content":{"rendered":"\n<section class=\"wp-block-group alignfull black-content has-white-color has-darkgray-background-color has-text-color has-background is-layout-constrained wp-block-group-is-layout-constrained\" style=\"padding-top:var(--wp--preset--spacing--section-bottom);padding-bottom:var(--wp--preset--spacing--section-bottom)\">\n<h3 class=\"wp-block-heading has-text-align-center\"><strong><strong>EVOLVE PLATE LOADED PRIME SERIES<\/strong><\/strong><\/h3>\n\n\n\n<p>Avec la s\u00e9rie Evolve Plate Loaded Prime, l&rsquo;excellence est la norme. Am\u00e9liorez votre entra\u00eenement musculaire avec des machines con\u00e7ues pour le confort, la durabilit\u00e9 et la performance. D\u00e9couvrez d\u00e8s aujourd&rsquo;hui l&rsquo;ensemble de la gamme et red\u00e9finissez votre parcours de remise en forme.  <\/p>\n\n\n\n<section class=\"wp-block-group alignfull black-content has-white-color has-darkgray-background-color has-text-color has-background is-layout-constrained wp-block-group-is-layout-constrained\" style=\"padding-top:var(--wp--preset--spacing--section-bottom);padding-bottom:var(--wp--preset--spacing--section-bottom)\">\n<div class=\"wp-block-columns alignwide mobile-reverse is-layout-flex wp-container-core-columns-is-layout-ca64bf2d wp-block-columns-is-layout-flex\" style=\"margin-bottom:var(--wp--preset--spacing--side-padding)\">\n<div class=\"wp-block-column is-vertically-aligned-center is-layout-flow wp-block-column-is-layout-flow\">\n<h3 class=\"wp-block-heading\" style=\"margin-bottom:var(--wp--preset--spacing--h-3-bottom)\"><strong><strong><strong>S\u00e9ance d&rsquo;entra\u00eenement compl\u00e8te pour le haut du corps<\/strong><\/strong><\/strong><\/h3>\n\n\n\n<p><strong><em><strong>Engagement musculaire cibl\u00e9<\/strong><\/em><\/strong><\/p>\n\n\n\n<p style=\"margin-bottom:var(--wp--preset--spacing--tb-section-padding)\">L&rsquo;Evolve Prime Series Plate Loaded Pullover est con\u00e7u pour cibler efficacement les muscles du haut du corps, notamment le latissimus dorsi, la poitrine et les triceps. Le syst\u00e8me de r\u00e9glage convivial de l&rsquo;appareil et ses composants de couleur vive facilitent l&rsquo;installation et le passage d&rsquo;un exercice \u00e0 l&rsquo;autre, offrant ainsi une exp\u00e9rience d&rsquo;entra\u00eenement polyvalente. <\/p>\n\n\n\n<h3 class=\"wp-block-heading\" style=\"margin-bottom:var(--wp--preset--spacing--h-3-bottom)\"><strong><strong><strong><strong><strong>Caract\u00e9ristiques Premium<\/strong><\/strong><\/strong><\/strong><\/strong><\/h3>\n\n\n\n<p><strong><em>Durabilit\u00e9 et efficacit\u00e9 de l&rsquo;espace<\/em><\/strong><\/p>\n\n\n\n<p>Fabriqu\u00e9e avec un tissu robuste de haute qualit\u00e9 et du mat\u00e9riel en acier inoxydable, cette machine \u00e0 pullover est con\u00e7ue pour une utilisation durable. La technologie de pulv\u00e9risation \u00e9lectrostatique de poudre thermodurcissable garantit une finition durable, tout en pr\u00e9servant l&rsquo;attrait visuel de la machine.  Les supports de rangement int\u00e9gr\u00e9s pour les disques d&rsquo;halt\u00e8res maximisent l&rsquo;efficacit\u00e9 de l&rsquo;espace, ce qui permet de garder votre zone d&rsquo;entra\u00eenement organis\u00e9e.<\/p>\n<\/div>\n\n\n\n<div class=\"wp-block-column is-vertically-aligned-center is-layout-flow wp-block-column-is-layout-flow\">\n<figure class=\"wp-block-image size-large\"><img loading=\"lazy\" decoding=\"async\" width=\"1024\" height=\"1024\" src=\"https:\/\/store.evolve-fitness.eu\/wp-content\/uploads\/2025\/02\/EV-PL-PR-068-Evolve-Prime-Series-Plate-Loaded-Pullover--1024x1024.png\" alt=\"\" class=\"wp-image-117550\" srcset=\"https:\/\/store.evolve-fitness.eu\/wp-content\/uploads\/2025\/02\/EV-PL-PR-068-Evolve-Prime-Series-Plate-Loaded-Pullover--1024x1024.png 1024w, https:\/\/store.evolve-fitness.eu\/wp-content\/uploads\/2025\/02\/EV-PL-PR-068-Evolve-Prime-Series-Plate-Loaded-Pullover--300x300.png 300w, https:\/\/store.evolve-fitness.eu\/wp-content\/uploads\/2025\/02\/EV-PL-PR-068-Evolve-Prime-Series-Plate-Loaded-Pullover--150x150.png 150w, https:\/\/store.evolve-fitness.eu\/wp-content\/uploads\/2025\/02\/EV-PL-PR-068-Evolve-Prime-Series-Plate-Loaded-Pullover--768x768.png 768w, https:\/\/store.evolve-fitness.eu\/wp-content\/uploads\/2025\/02\/EV-PL-PR-068-Evolve-Prime-Series-Plate-Loaded-Pullover--1536x1536.png 1536w, https:\/\/store.evolve-fitness.eu\/wp-content\/uploads\/2025\/02\/EV-PL-PR-068-Evolve-Prime-Series-Plate-Loaded-Pullover--2048x2048.png 2048w, https:\/\/store.evolve-fitness.eu\/wp-content\/uploads\/2025\/02\/EV-PL-PR-068-Evolve-Prime-Series-Plate-Loaded-Pullover--600x600.png 600w, https:\/\/store.evolve-fitness.eu\/wp-content\/uploads\/2025\/02\/EV-PL-PR-068-Evolve-Prime-Series-Plate-Loaded-Pullover--100x100.png 100w\" sizes=\"auto, (max-width: 1024px) 100vw, 1024px\" \/><\/figure>\n<\/div>\n<\/div>\n<\/section>\n<\/section>\n","protected":false},"excerpt":{"rendered":"<p>Le pull-over \u00e0 plaques Evolve Prime Series (EV-PL-PR-068) est un appareil de fitness avanc\u00e9 con\u00e7u pour optimiser votre programme d&rsquo;entra\u00eenement musculaire. Construit avec des mat\u00e9riaux de qualit\u00e9 commerciale, cet appareil garantit confort, durabilit\u00e9 et performance. Sa conception ergonomique et ses fonctions r\u00e9glables en font un appareil id\u00e9al pour les utilisateurs de tous niveaux, parfait pour les salles de sport professionnelles.    <\/p>\n","protected":false},"featured_media":117558,"template":"","meta":{"_acf_changed":false,"inline_featured_image":false},"product_cat":[780,1202],"product_tag":[],"class_list":{"0":"post-105918","1":"product","2":"type-product","3":"status-publish","4":"has-post-thumbnail","6":"product_cat-machines-a-plateau","7":"product_cat-prime-series-plate-loaded-fr","9":"first","10":"outofstock","11":"taxable","12":"shipping-taxable","13":"purchasable","14":"product-type-simple"},"acf":[],"_links":{"self":[{"href":"https:\/\/store.evolve-fitness.eu\/fr\/wp-json\/wp\/v2\/product\/105918","targetHints":{"allow":["GET"]}}],"collection":[{"href":"https:\/\/store.evolve-fitness.eu\/fr\/wp-json\/wp\/v2\/product"}],"about":[{"href":"https:\/\/store.evolve-fitness.eu\/fr\/wp-json\/wp\/v2\/types\/product"}],"wp:featuredmedia":[{"embeddable":true,"href":"https:\/\/store.evolve-fitness.eu\/fr\/wp-json\/wp\/v2\/media\/117558"}],"wp:attachment":[{"href":"https:\/\/store.evolve-fitness.eu\/fr\/wp-json\/wp\/v2\/media?parent=105918"}],"wp:term":[{"taxonomy":"product_cat","embeddable":true,"href":"https:\/\/store.evolve-fitness.eu\/fr\/wp-json\/wp\/v2\/product_cat?post=105918"},{"taxonomy":"product_tag","embeddable":true,"href":"https:\/\/store.evolve-fitness.eu\/fr\/wp-json\/wp\/v2\/product_tag?post=105918"}],"curies":[{"name":"wp","href":"https:\/\/api.w.org\/{rel}","templated":true}]}}