{"id":105868,"date":"2025-02-10T13:46:30","date_gmt":"2025-02-10T13:46:30","guid":{"rendered":"https:\/\/store.evolve-fitness.eu\/?post_type=product&#038;p=105868"},"modified":"2025-12-13T13:25:13","modified_gmt":"2025-12-13T13:25:13","slug":"machine-a-triceps-evolve-prime-series-avec-charge-de-plateaux","status":"publish","type":"product","link":"https:\/\/store.evolve-fitness.eu\/fr\/produit\/machine-a-triceps-evolve-prime-series-avec-charge-de-plateaux\/","title":{"rendered":"Machine \u00e0 triceps Evolve Prime Series avec charge de plateaux"},"content":{"rendered":"\n<section class=\"wp-block-group alignfull black-content has-white-color has-darkgray-background-color has-text-color has-background is-layout-constrained wp-block-group-is-layout-constrained\" style=\"padding-top:var(--wp--preset--spacing--section-bottom);padding-bottom:var(--wp--preset--spacing--section-bottom)\">\n<h3 class=\"wp-block-heading has-text-align-center\"><strong><strong>EVOLVE PLATE LOADED PRIME SERIES<\/strong><\/strong><\/h3>\n\n\n\n<p>Avec la s\u00e9rie Evolve Plate Loaded Prime, l&rsquo;excellence est la norme. Am\u00e9liorez votre entra\u00eenement musculaire avec des machines con\u00e7ues pour le confort, la durabilit\u00e9 et la performance. D\u00e9couvrez d\u00e8s aujourd&rsquo;hui l&rsquo;ensemble de la gamme et red\u00e9finissez votre parcours de remise en forme.  <\/p>\n\n\n\n<section class=\"wp-block-group alignfull black-content has-white-color has-darkgray-background-color has-text-color has-background is-layout-constrained wp-block-group-is-layout-constrained\" style=\"padding-top:var(--wp--preset--spacing--section-bottom);padding-bottom:var(--wp--preset--spacing--section-bottom)\">\n<div class=\"wp-block-columns alignwide mobile-reverse is-layout-flex wp-container-core-columns-is-layout-ca64bf2d wp-block-columns-is-layout-flex\" style=\"margin-bottom:var(--wp--preset--spacing--side-padding)\">\n<div class=\"wp-block-column is-vertically-aligned-center is-layout-flow wp-block-column-is-layout-flow\">\n<h3 class=\"wp-block-heading\" style=\"margin-bottom:var(--wp--preset--spacing--h-3-bottom)\"><strong><strong><strong>Options d&rsquo;exercice \u00e9tendues<\/strong><\/strong><\/strong><\/h3>\n\n\n\n<p><strong><em><strong>Double fonction pour l&rsquo;entra\u00eenement des jambes<\/strong><\/em><\/strong><\/p>\n\n\n\n<p style=\"margin-bottom:var(--wp--preset--spacing--tb-section-padding)\"><strong>Appareil Triceps Evolve Prime Series avec charge de plaques<\/strong>. La s\u00e9rie Evolve Prime est con\u00e7ue pour am\u00e9liorer votre exp\u00e9rience d&rsquo;entra\u00eenement musculaire gr\u00e2ce \u00e0 ses machines robustes de qualit\u00e9 commerciale. Chaque appareil de cette gamme est con\u00e7u pour assurer un maximum de confort, de durabilit\u00e9 et de performance. Avec des caract\u00e9ristiques telles que des conceptions ergonomiques, des composants r\u00e9glables et des mat\u00e9riaux de haute qualit\u00e9, ces machines s&rsquo;adressent \u00e0 tous les niveaux de fitness et sont parfaites pour les installations professionnelles.   <\/p>\n<\/div>\n\n\n\n<div class=\"wp-block-column is-vertically-aligned-center is-layout-flow wp-block-column-is-layout-flow\">\n<figure class=\"wp-block-image size-large\"><img loading=\"lazy\" decoding=\"async\" width=\"1024\" height=\"1024\" src=\"https:\/\/store.evolve-fitness.eu\/wp-content\/uploads\/2025\/02\/EV-PL-PR-067-Evolve-Prime-Series-Plate-Loaded-Seated-Dip-1024x1024.png\" alt=\"\" class=\"wp-image-117473\" srcset=\"https:\/\/store.evolve-fitness.eu\/wp-content\/uploads\/2025\/02\/EV-PL-PR-067-Evolve-Prime-Series-Plate-Loaded-Seated-Dip-1024x1024.png 1024w, https:\/\/store.evolve-fitness.eu\/wp-content\/uploads\/2025\/02\/EV-PL-PR-067-Evolve-Prime-Series-Plate-Loaded-Seated-Dip-300x300.png 300w, https:\/\/store.evolve-fitness.eu\/wp-content\/uploads\/2025\/02\/EV-PL-PR-067-Evolve-Prime-Series-Plate-Loaded-Seated-Dip-150x150.png 150w, https:\/\/store.evolve-fitness.eu\/wp-content\/uploads\/2025\/02\/EV-PL-PR-067-Evolve-Prime-Series-Plate-Loaded-Seated-Dip-768x768.png 768w, https:\/\/store.evolve-fitness.eu\/wp-content\/uploads\/2025\/02\/EV-PL-PR-067-Evolve-Prime-Series-Plate-Loaded-Seated-Dip-1536x1536.png 1536w, https:\/\/store.evolve-fitness.eu\/wp-content\/uploads\/2025\/02\/EV-PL-PR-067-Evolve-Prime-Series-Plate-Loaded-Seated-Dip-2048x2048.png 2048w, https:\/\/store.evolve-fitness.eu\/wp-content\/uploads\/2025\/02\/EV-PL-PR-067-Evolve-Prime-Series-Plate-Loaded-Seated-Dip-600x600.png 600w, https:\/\/store.evolve-fitness.eu\/wp-content\/uploads\/2025\/02\/EV-PL-PR-067-Evolve-Prime-Series-Plate-Loaded-Seated-Dip-100x100.png 100w\" sizes=\"auto, (max-width: 1024px) 100vw, 1024px\" \/><\/figure>\n<\/div>\n<\/div>\n<\/section>\n<\/section>\n","protected":false},"excerpt":{"rendered":"<p>La s\u00e9rie Evolve Prime est con\u00e7ue pour am\u00e9liorer votre exp\u00e9rience de l&rsquo;entra\u00eenement musculaire gr\u00e2ce \u00e0 ses machines robustes de qualit\u00e9 commerciale. Chaque appareil de cette gamme est con\u00e7u pour garantir un maximum de confort, de durabilit\u00e9 et de performance. Avec des caract\u00e9ristiques telles que des conceptions ergonomiques, des composants r\u00e9glables et des mat\u00e9riaux de haute qualit\u00e9, ces machines s&rsquo;adressent \u00e0 tous les niveaux de fitness et sont parfaites pour les installations professionnelles.  <\/p>\n","protected":false},"featured_media":117481,"template":"","meta":{"_acf_changed":false,"inline_featured_image":false},"product_cat":[780,1202],"product_tag":[],"class_list":{"0":"post-105868","1":"product","2":"type-product","3":"status-publish","4":"has-post-thumbnail","6":"product_cat-machines-a-plateau","7":"product_cat-prime-series-plate-loaded-fr","9":"first","10":"instock","11":"taxable","12":"shipping-taxable","13":"purchasable","14":"product-type-simple"},"acf":[],"_links":{"self":[{"href":"https:\/\/store.evolve-fitness.eu\/fr\/wp-json\/wp\/v2\/product\/105868","targetHints":{"allow":["GET"]}}],"collection":[{"href":"https:\/\/store.evolve-fitness.eu\/fr\/wp-json\/wp\/v2\/product"}],"about":[{"href":"https:\/\/store.evolve-fitness.eu\/fr\/wp-json\/wp\/v2\/types\/product"}],"wp:featuredmedia":[{"embeddable":true,"href":"https:\/\/store.evolve-fitness.eu\/fr\/wp-json\/wp\/v2\/media\/117481"}],"wp:attachment":[{"href":"https:\/\/store.evolve-fitness.eu\/fr\/wp-json\/wp\/v2\/media?parent=105868"}],"wp:term":[{"taxonomy":"product_cat","embeddable":true,"href":"https:\/\/store.evolve-fitness.eu\/fr\/wp-json\/wp\/v2\/product_cat?post=105868"},{"taxonomy":"product_tag","embeddable":true,"href":"https:\/\/store.evolve-fitness.eu\/fr\/wp-json\/wp\/v2\/product_tag?post=105868"}],"curies":[{"name":"wp","href":"https:\/\/api.w.org\/{rel}","templated":true}]}}