{"id":105818,"date":"2025-02-10T13:42:14","date_gmt":"2025-02-10T13:42:14","guid":{"rendered":"https:\/\/store.evolve-fitness.eu\/?post_type=product&#038;p=105818"},"modified":"2026-03-04T12:00:39","modified_gmt":"2026-03-04T12:00:39","slug":"evolve-prime-series-leg-curl-leg-extension-avec-charge-de-plaques","status":"publish","type":"product","link":"https:\/\/store.evolve-fitness.eu\/fr\/produit\/evolve-prime-series-leg-curl-leg-extension-avec-charge-de-plaques\/","title":{"rendered":"Evolve Prime Series Leg Curl &amp; Leg Extension avec charge de plaques"},"content":{"rendered":"\n<section class=\"wp-block-group alignfull black-content has-white-color has-darkgray-background-color has-text-color has-background is-layout-constrained wp-block-group-is-layout-constrained\" style=\"padding-top:var(--wp--preset--spacing--section-bottom);padding-bottom:var(--wp--preset--spacing--section-bottom)\">\n<h3 class=\"wp-block-heading has-text-align-center\"><strong><strong>EVOLVE PLATE LOADED PRIME SERIES<\/strong><\/strong><\/h3>\n\n\n\n<p>Avec la s\u00e9rie Evolve Plate Loaded Prime, l&rsquo;excellence est la norme. Am\u00e9liorez votre entra\u00eenement musculaire avec des machines con\u00e7ues pour le confort, la durabilit\u00e9 et la performance. D\u00e9couvrez d\u00e8s aujourd&rsquo;hui l&rsquo;ensemble de la gamme et red\u00e9finissez votre parcours de remise en forme.  <\/p>\n\n\n\n<section class=\"wp-block-group alignfull black-content has-white-color has-darkgray-background-color has-text-color has-background is-layout-constrained wp-block-group-is-layout-constrained\" style=\"padding-top:var(--wp--preset--spacing--section-bottom);padding-bottom:var(--wp--preset--spacing--section-bottom)\">\n<div class=\"wp-block-columns alignwide mobile-reverse is-layout-flex wp-container-core-columns-is-layout-ca64bf2d wp-block-columns-is-layout-flex\" style=\"margin-bottom:var(--wp--preset--spacing--side-padding)\">\n<div class=\"wp-block-column is-vertically-aligned-center is-layout-flow wp-block-column-is-layout-flow\">\n<h3 class=\"wp-block-heading\" style=\"margin-bottom:var(--wp--preset--spacing--h-3-bottom)\"><strong><strong><strong>Options d&rsquo;exercice \u00e9tendues<\/strong><\/strong><\/strong><\/h3>\n\n\n\n<p><strong><em><strong>Double fonction pour l&rsquo;entra\u00eenement des jambes<\/strong><\/em><\/strong><\/p>\n\n\n\n<p style=\"margin-bottom:var(--wp--preset--spacing--tb-section-padding)\">L&rsquo;Evolve Prime Series Plate Loaded Leg Curl &amp; Leg Extension cible \u00e0 la fois les ischio-jambiers et les quadriceps, offrant ainsi des s\u00e9ances d&rsquo;entra\u00eenement polyvalentes pour les jambes. Son syst\u00e8me de r\u00e9glage intuitif et ses composants aux couleurs vives facilitent l&rsquo;installation et la transition entre les exercices, am\u00e9liorant ainsi l&rsquo;exp\u00e9rience d&rsquo;entra\u00eenement globale. <\/p>\n\n\n\n<h3 class=\"wp-block-heading\" style=\"margin-bottom:var(--wp--preset--spacing--h-3-bottom)\"><strong><strong><strong><strong><strong>Construit pour la durabilit\u00e9 et l&rsquo;efficacit\u00e9<\/strong><\/strong><\/strong><\/strong><\/strong><\/h3>\n\n\n\n<p><strong><em>Caract\u00e9ristiques de haute qualit\u00e9<\/em><\/strong><\/p>\n\n\n\n<p>Construite avec un tissu robuste de haute qualit\u00e9 et du mat\u00e9riel en acier inoxydable, cette machine garantit une utilisation durable. La technologie de pulv\u00e9risation \u00e9lectrostatique de poudre thermodurcissable offre une finition durable qui pr\u00e9serve l&rsquo;aspect de l&rsquo;\u00e9quipement.  Les supports de rangement int\u00e9gr\u00e9s pour les disques d&rsquo;halt\u00e8res maximisent l&rsquo;efficacit\u00e9 de l&rsquo;espace, ce qui permet de garder votre zone d&rsquo;entra\u00eenement organis\u00e9e.<\/p>\n<\/div>\n\n\n\n<div class=\"wp-block-column is-vertically-aligned-center is-layout-flow wp-block-column-is-layout-flow\">\n<figure class=\"wp-block-image size-large\"><img loading=\"lazy\" decoding=\"async\" width=\"1024\" height=\"1024\" src=\"https:\/\/store.evolve-fitness.eu\/wp-content\/uploads\/2025\/02\/EV-PL-PR-066-Evolve-Prime-Series-Plate-Loaded-Leg-Curl-1-1024x1024.png\" alt=\"\" class=\"wp-image-117422\" srcset=\"https:\/\/store.evolve-fitness.eu\/wp-content\/uploads\/2025\/02\/EV-PL-PR-066-Evolve-Prime-Series-Plate-Loaded-Leg-Curl-1-1024x1024.png 1024w, https:\/\/store.evolve-fitness.eu\/wp-content\/uploads\/2025\/02\/EV-PL-PR-066-Evolve-Prime-Series-Plate-Loaded-Leg-Curl-1-300x300.png 300w, https:\/\/store.evolve-fitness.eu\/wp-content\/uploads\/2025\/02\/EV-PL-PR-066-Evolve-Prime-Series-Plate-Loaded-Leg-Curl-1-150x150.png 150w, https:\/\/store.evolve-fitness.eu\/wp-content\/uploads\/2025\/02\/EV-PL-PR-066-Evolve-Prime-Series-Plate-Loaded-Leg-Curl-1-768x768.png 768w, https:\/\/store.evolve-fitness.eu\/wp-content\/uploads\/2025\/02\/EV-PL-PR-066-Evolve-Prime-Series-Plate-Loaded-Leg-Curl-1-1536x1536.png 1536w, https:\/\/store.evolve-fitness.eu\/wp-content\/uploads\/2025\/02\/EV-PL-PR-066-Evolve-Prime-Series-Plate-Loaded-Leg-Curl-1-2048x2048.png 2048w, https:\/\/store.evolve-fitness.eu\/wp-content\/uploads\/2025\/02\/EV-PL-PR-066-Evolve-Prime-Series-Plate-Loaded-Leg-Curl-1-600x600.png 600w, https:\/\/store.evolve-fitness.eu\/wp-content\/uploads\/2025\/02\/EV-PL-PR-066-Evolve-Prime-Series-Plate-Loaded-Leg-Curl-1-100x100.png 100w\" sizes=\"auto, (max-width: 1024px) 100vw, 1024px\" \/><\/figure>\n<\/div>\n<\/div>\n<\/section>\n<\/section>\n","protected":false},"excerpt":{"rendered":"<p>L&rsquo;Evolve Prime Series Plate Loaded Leg Curl &amp; Leg Extension (EV-PL-PR-066) est un appareil de fitness haut de gamme con\u00e7u pour am\u00e9liorer vos s\u00e9ances d&rsquo;entra\u00eenement des jambes. Construit avec des mat\u00e9riaux de qualit\u00e9 commerciale, cet appareil promet confort, durabilit\u00e9 et performance. Sa conception ergonomique et ses fonctions r\u00e9glables s&rsquo;adressent aux utilisateurs de tous niveaux, ce qui en fait un excellent compl\u00e9ment \u00e0 toute salle de sport professionnelle.  <\/p>\n","protected":false},"featured_media":117405,"template":"","meta":{"_acf_changed":false,"inline_featured_image":false},"product_cat":[780,1202],"product_tag":[],"class_list":{"0":"post-105818","1":"product","2":"type-product","3":"status-publish","4":"has-post-thumbnail","6":"product_cat-machines-a-plateau","7":"product_cat-prime-series-plate-loaded-fr","9":"first","10":"instock","11":"taxable","12":"shipping-taxable","13":"purchasable","14":"product-type-simple"},"acf":[],"_links":{"self":[{"href":"https:\/\/store.evolve-fitness.eu\/fr\/wp-json\/wp\/v2\/product\/105818","targetHints":{"allow":["GET"]}}],"collection":[{"href":"https:\/\/store.evolve-fitness.eu\/fr\/wp-json\/wp\/v2\/product"}],"about":[{"href":"https:\/\/store.evolve-fitness.eu\/fr\/wp-json\/wp\/v2\/types\/product"}],"wp:featuredmedia":[{"embeddable":true,"href":"https:\/\/store.evolve-fitness.eu\/fr\/wp-json\/wp\/v2\/media\/117405"}],"wp:attachment":[{"href":"https:\/\/store.evolve-fitness.eu\/fr\/wp-json\/wp\/v2\/media?parent=105818"}],"wp:term":[{"taxonomy":"product_cat","embeddable":true,"href":"https:\/\/store.evolve-fitness.eu\/fr\/wp-json\/wp\/v2\/product_cat?post=105818"},{"taxonomy":"product_tag","embeddable":true,"href":"https:\/\/store.evolve-fitness.eu\/fr\/wp-json\/wp\/v2\/product_tag?post=105818"}],"curies":[{"name":"wp","href":"https:\/\/api.w.org\/{rel}","templated":true}]}}