{"id":105214,"date":"2025-02-04T13:36:50","date_gmt":"2025-02-04T13:36:50","guid":{"rendered":"https:\/\/store.evolve-fitness.eu\/?post_type=product&#038;p=105214"},"modified":"2026-03-24T11:59:21","modified_gmt":"2026-03-24T11:59:21","slug":"sac-de-frappe-evolve-en-cuir-artificiel-150-cm","status":"publish","type":"product","link":"https:\/\/store.evolve-fitness.eu\/fr\/produit\/sac-de-frappe-evolve-en-cuir-artificiel-150-cm\/","title":{"rendered":"Sac de frappe Evolve en cuir artificiel 150 CM"},"content":{"rendered":"\n<section class=\"wp-block-group alignfull has-lightgray-background-color has-background is-layout-constrained wp-block-group-is-layout-constrained\">\n<div class=\"wp-block-columns alignwide is-layout-flex wp-container-core-columns-is-layout-2edb0647 wp-block-columns-is-layout-flex\" style=\"margin-top:0;margin-bottom:0\">\n<div class=\"wp-block-column is-layout-flow wp-block-column-is-layout-flow\" style=\"flex-basis:33.33%\"><\/div>\n\n\n\n<div class=\"wp-block-column is-layout-flow wp-block-column-is-layout-flow\" style=\"flex-basis:66.66%\"><\/div>\n<\/div>\n<\/section>\n\n<p><\/p>\n","protected":false},"excerpt":{"rendered":"<p>La couche int\u00e9rieure du sac de frappe est constitu\u00e9e d&rsquo;une toile tiss\u00e9e enduite de PVC, et la couche ext\u00e9rieure est constitu\u00e9e d&rsquo;un cuir artificiel tr\u00e8s \u00e9pais renforc\u00e9 d&rsquo;une \u00e9paisse couche de polyur\u00e9thane PU. Les trois couches forment une paroi tr\u00e8s \u00e9paisse, de sorte que le sac de frappe reste toujours lisse et \u00e9l\u00e9gant. Toutes les coutures du sac de frappe sont cousues plusieurs fois pour \u00e9viter les d\u00e9chirures. Le sac de frappe de 150 cm de long est id\u00e9al pour les coups de poing et de pied, tandis que le diam\u00e8tre de 40 cm est parfait pour un v\u00e9ritable artiste martial.<\/p>\n","protected":false},"featured_media":105236,"template":"","meta":{"_acf_changed":false,"inline_featured_image":false},"product_cat":[413,591,592],"product_tag":[],"class_list":{"0":"post-105214","1":"product","2":"type-product","3":"status-publish","4":"has-post-thumbnail","6":"product_cat-page-daccueil","7":"product_cat-transversal-et-fonctionnel","8":"product_cat-equipement-fonctionnel","10":"first","11":"instock","12":"shipping-taxable","13":"purchasable","14":"product-type-simple"},"acf":[],"_links":{"self":[{"href":"https:\/\/store.evolve-fitness.eu\/fr\/wp-json\/wp\/v2\/product\/105214","targetHints":{"allow":["GET"]}}],"collection":[{"href":"https:\/\/store.evolve-fitness.eu\/fr\/wp-json\/wp\/v2\/product"}],"about":[{"href":"https:\/\/store.evolve-fitness.eu\/fr\/wp-json\/wp\/v2\/types\/product"}],"wp:featuredmedia":[{"embeddable":true,"href":"https:\/\/store.evolve-fitness.eu\/fr\/wp-json\/wp\/v2\/media\/105236"}],"wp:attachment":[{"href":"https:\/\/store.evolve-fitness.eu\/fr\/wp-json\/wp\/v2\/media?parent=105214"}],"wp:term":[{"taxonomy":"product_cat","embeddable":true,"href":"https:\/\/store.evolve-fitness.eu\/fr\/wp-json\/wp\/v2\/product_cat?post=105214"},{"taxonomy":"product_tag","embeddable":true,"href":"https:\/\/store.evolve-fitness.eu\/fr\/wp-json\/wp\/v2\/product_tag?post=105214"}],"curies":[{"name":"wp","href":"https:\/\/api.w.org\/{rel}","templated":true}]}}