{"id":104930,"date":"2025-02-04T13:19:26","date_gmt":"2025-02-04T13:19:26","guid":{"rendered":"https:\/\/store.evolve-fitness.eu\/?post_type=product&#038;p=104930"},"modified":"2025-11-07T10:51:12","modified_gmt":"2025-11-07T10:51:12","slug":"sac-de-frappe-evolve-en-cuir-artificiel-100-cm-180-cm","status":"publish","type":"product","link":"https:\/\/store.evolve-fitness.eu\/fr\/produit\/sac-de-frappe-evolve-en-cuir-artificiel-100-cm-180-cm\/","title":{"rendered":"Evolve Sac de frappe en cuir artificiel 100 cm \/ 180 cm"},"content":{"rendered":"\n<section class=\"wp-block-group alignfull has-lightgray-background-color has-background is-layout-constrained wp-block-group-is-layout-constrained\">\n<div class=\"wp-block-columns alignwide is-layout-flex wp-container-core-columns-is-layout-2edb0647 wp-block-columns-is-layout-flex\" style=\"margin-top:0;margin-bottom:0\">\n<div class=\"wp-block-column is-layout-flow wp-block-column-is-layout-flow\" style=\"flex-basis:33.33%\"><\/div>\n\n\n\n<div class=\"wp-block-column is-layout-flow wp-block-column-is-layout-flow\" style=\"flex-basis:66.66%\"><\/div>\n<\/div>\n<\/section>\n","protected":false},"excerpt":{"rendered":"<p>La couche int\u00e9rieure du sac est en toile tiss\u00e9e enduite de PVC et la couche ext\u00e9rieure est en cuir artificiel tr\u00e8s \u00e9pais. Cela cr\u00e9e une paroi tr\u00e8s \u00e9paisse, de sorte que le sac de frappe conservera toujours un aspect lisse, m\u00eame apr\u00e8s une tr\u00e8s longue utilisation. Quatre sangles renforc\u00e9es suppl\u00e9mentaires avec des anneaux sur le c\u00f4t\u00e9 permettent de suspendre le sac de frappe. Toutes les coutures du sac de frappe sont cousues plusieurs fois pour \u00e9viter les d\u00e9chirures.<\/p>\n","protected":false},"featured_media":105186,"template":"","meta":{"_acf_changed":false,"inline_featured_image":false},"product_cat":[591,592],"product_tag":[],"class_list":{"0":"post-104930","1":"product","2":"type-product","3":"status-publish","4":"has-post-thumbnail","6":"product_cat-transversal-et-fonctionnel","7":"product_cat-equipement-fonctionnel","9":"first","10":"instock","11":"shipping-taxable","12":"purchasable","13":"product-type-variable"},"acf":[],"_links":{"self":[{"href":"https:\/\/store.evolve-fitness.eu\/fr\/wp-json\/wp\/v2\/product\/104930","targetHints":{"allow":["GET"]}}],"collection":[{"href":"https:\/\/store.evolve-fitness.eu\/fr\/wp-json\/wp\/v2\/product"}],"about":[{"href":"https:\/\/store.evolve-fitness.eu\/fr\/wp-json\/wp\/v2\/types\/product"}],"wp:featuredmedia":[{"embeddable":true,"href":"https:\/\/store.evolve-fitness.eu\/fr\/wp-json\/wp\/v2\/media\/105186"}],"wp:attachment":[{"href":"https:\/\/store.evolve-fitness.eu\/fr\/wp-json\/wp\/v2\/media?parent=104930"}],"wp:term":[{"taxonomy":"product_cat","embeddable":true,"href":"https:\/\/store.evolve-fitness.eu\/fr\/wp-json\/wp\/v2\/product_cat?post=104930"},{"taxonomy":"product_tag","embeddable":true,"href":"https:\/\/store.evolve-fitness.eu\/fr\/wp-json\/wp\/v2\/product_tag?post=104930"}],"curies":[{"name":"wp","href":"https:\/\/api.w.org\/{rel}","templated":true}]}}