{"id":104789,"date":"2025-02-04T13:12:27","date_gmt":"2025-02-04T13:12:27","guid":{"rendered":"https:\/\/store.evolve-fitness.eu\/?post_type=product&#038;p=104789"},"modified":"2025-03-27T07:54:21","modified_gmt":"2025-03-27T07:54:21","slug":"evolve-teardrop-punching-bag-90-cm-1","status":"publish","type":"product","link":"https:\/\/store.evolve-fitness.eu\/fr\/produit\/evolve-teardrop-punching-bag-90-cm-1\/","title":{"rendered":"Evolve teardrop punching bag 90 CM"},"content":{"rendered":"\n<section class=\"wp-block-group alignfull has-lightgray-background-color has-background is-layout-constrained wp-block-group-is-layout-constrained\">\n<div class=\"wp-block-columns alignwide is-layout-flex wp-container-core-columns-is-layout-2edb0647 wp-block-columns-is-layout-flex\" style=\"margin-top:0;margin-bottom:0\">\n<div class=\"wp-block-column is-layout-flow wp-block-column-is-layout-flow\" style=\"flex-basis:33.33%\"><\/div>\n\n\n\n<div class=\"wp-block-column is-layout-flow wp-block-column-is-layout-flow\" style=\"flex-basis:66.66%\"><\/div>\n<\/div>\n<\/section>\n","protected":false},"excerpt":{"rendered":"<p>Ce sac de frappe est id\u00e9al pour l&rsquo;entra\u00eenement aux pompes, aux genoux et aux coups de poing. Le sac de frappe est fabriqu\u00e9 en cuir artificiel, ce mat\u00e9riau est aussi souple, durable et beau que le cuir v\u00e9ritable. Le sac de frappe est facile \u00e0 suspendre aux crochets m\u00e9talliques. Le sac est rempli d&rsquo;un m\u00e9lange de fibres textiles.<\/p>\n","protected":false},"featured_media":104811,"template":"","meta":{"_acf_changed":false,"inline_featured_image":false},"product_cat":[413,591,592],"product_tag":[],"class_list":{"0":"post-104789","1":"product","2":"type-product","3":"status-publish","4":"has-post-thumbnail","6":"product_cat-page-daccueil","7":"product_cat-transversal-et-fonctionnel","8":"product_cat-equipement-fonctionnel","10":"first","11":"instock","12":"shipping-taxable","13":"purchasable","14":"product-type-simple"},"acf":[],"_links":{"self":[{"href":"https:\/\/store.evolve-fitness.eu\/fr\/wp-json\/wp\/v2\/product\/104789","targetHints":{"allow":["GET"]}}],"collection":[{"href":"https:\/\/store.evolve-fitness.eu\/fr\/wp-json\/wp\/v2\/product"}],"about":[{"href":"https:\/\/store.evolve-fitness.eu\/fr\/wp-json\/wp\/v2\/types\/product"}],"wp:featuredmedia":[{"embeddable":true,"href":"https:\/\/store.evolve-fitness.eu\/fr\/wp-json\/wp\/v2\/media\/104811"}],"wp:attachment":[{"href":"https:\/\/store.evolve-fitness.eu\/fr\/wp-json\/wp\/v2\/media?parent=104789"}],"wp:term":[{"taxonomy":"product_cat","embeddable":true,"href":"https:\/\/store.evolve-fitness.eu\/fr\/wp-json\/wp\/v2\/product_cat?post=104789"},{"taxonomy":"product_tag","embeddable":true,"href":"https:\/\/store.evolve-fitness.eu\/fr\/wp-json\/wp\/v2\/product_tag?post=104789"}],"curies":[{"name":"wp","href":"https:\/\/api.w.org\/{rel}","templated":true}]}}