{"id":104739,"date":"2025-02-04T13:00:26","date_gmt":"2025-02-04T13:00:26","guid":{"rendered":"https:\/\/store.evolve-fitness.eu\/?post_type=product&#038;p=104739"},"modified":"2025-03-27T07:55:35","modified_gmt":"2025-03-27T07:55:35","slug":"evolve-anglebag-sac-de-frappe-120-cm","status":"publish","type":"product","link":"https:\/\/store.evolve-fitness.eu\/fr\/produit\/evolve-anglebag-sac-de-frappe-120-cm\/","title":{"rendered":"Evolve Anglebag sac de frappe 120 CM"},"content":{"rendered":"\n<section class=\"wp-block-group alignfull has-lightgray-background-color has-background is-layout-constrained wp-block-group-is-layout-constrained\">\n<div class=\"wp-block-columns alignwide is-layout-flex wp-container-core-columns-is-layout-2edb0647 wp-block-columns-is-layout-flex\" style=\"margin-top:0;margin-bottom:0\">\n<div class=\"wp-block-column is-layout-flow wp-block-column-is-layout-flow\" style=\"flex-basis:33.33%\"><\/div>\n\n\n\n<div class=\"wp-block-column is-layout-flow wp-block-column-is-layout-flow\" style=\"flex-basis:66.66%\"><\/div>\n<\/div>\n<\/section>\n","protected":false},"excerpt":{"rendered":"<p>L&rsquo;ext\u00e9rieur du sac de frappe est fabriqu\u00e9 en cuir artificiel de la plus haute qualit\u00e9, et l&rsquo;int\u00e9rieur est rempli de textile doux, gr\u00e2ce auquel le sac de frappe absorbe parfaitement les coups. Ce sac de frappe vous permet de vous entra\u00eener \u00e0 donner des coups de poing de n&rsquo;importe quelle mani\u00e8re, qu&rsquo;il s&rsquo;agisse de coups de poing obliques, de coups de poing droits ou de pouss\u00e9es. Le diam\u00e8tre du sac de frappe est de 45 cm en haut et de 25 cm en bas. Id\u00e9al pour une utilisation \u00e0 domicile ou en salle de sport.<\/p>\n","protected":false},"featured_media":104761,"template":"","meta":{"_acf_changed":false,"inline_featured_image":false},"product_cat":[413,591,592],"product_tag":[],"class_list":{"0":"post-104739","1":"product","2":"type-product","3":"status-publish","4":"has-post-thumbnail","6":"product_cat-page-daccueil","7":"product_cat-transversal-et-fonctionnel","8":"product_cat-equipement-fonctionnel","10":"first","11":"outofstock","12":"shipping-taxable","13":"purchasable","14":"product-type-simple"},"acf":[],"_links":{"self":[{"href":"https:\/\/store.evolve-fitness.eu\/fr\/wp-json\/wp\/v2\/product\/104739","targetHints":{"allow":["GET"]}}],"collection":[{"href":"https:\/\/store.evolve-fitness.eu\/fr\/wp-json\/wp\/v2\/product"}],"about":[{"href":"https:\/\/store.evolve-fitness.eu\/fr\/wp-json\/wp\/v2\/types\/product"}],"wp:featuredmedia":[{"embeddable":true,"href":"https:\/\/store.evolve-fitness.eu\/fr\/wp-json\/wp\/v2\/media\/104761"}],"wp:attachment":[{"href":"https:\/\/store.evolve-fitness.eu\/fr\/wp-json\/wp\/v2\/media?parent=104739"}],"wp:term":[{"taxonomy":"product_cat","embeddable":true,"href":"https:\/\/store.evolve-fitness.eu\/fr\/wp-json\/wp\/v2\/product_cat?post=104739"},{"taxonomy":"product_tag","embeddable":true,"href":"https:\/\/store.evolve-fitness.eu\/fr\/wp-json\/wp\/v2\/product_tag?post=104739"}],"curies":[{"name":"wp","href":"https:\/\/api.w.org\/{rel}","templated":true}]}}