{"id":104600,"date":"2025-01-24T14:30:29","date_gmt":"2025-01-24T14:30:29","guid":{"rendered":"https:\/\/store.evolve-fitness.eu\/?post_type=product&#038;p=104600"},"modified":"2025-10-30T12:29:46","modified_gmt":"2025-10-30T12:29:46","slug":"banc-de-musculation-reglable-evolve-econ-series","status":"publish","type":"product","link":"https:\/\/store.evolve-fitness.eu\/fr\/produit\/banc-de-musculation-reglable-evolve-econ-series\/","title":{"rendered":"Banc de musculation r\u00e9glable Evolve Econ Series"},"content":{"rendered":"\n<section class=\"wp-block-group alignfull black-content has-white-color has-darkgray-background-color has-text-color has-background is-layout-constrained wp-block-group-is-layout-constrained\" style=\"padding-top:var(--wp--preset--spacing--section-bottom);padding-bottom:var(--wp--preset--spacing--section-bottom)\">\n<h3 class=\"wp-block-heading has-text-align-center\" style=\"margin-bottom:var(--wp--preset--spacing--tb-section-padding)\"><strong>\n  <strong>\n    <strong>EVOLVE <\/strong>\n  <\/strong>\n<\/strong>Bancs de la s\u00e9rie Econ<\/h3>\n\n\n\n<div class=\"wp-block-columns alignwide mobile-reverse is-layout-flex wp-container-core-columns-is-layout-ca64bf2d wp-block-columns-is-layout-flex\" style=\"margin-bottom:var(--wp--preset--spacing--side-padding)\">\n<div class=\"wp-block-column is-vertically-aligned-center is-layout-flow wp-block-column-is-layout-flow\">\n<h3 class=\"wp-block-heading\" style=\"margin-bottom:var(--wp--preset--spacing--h-3-bottom)\"><strong><strong><strong><strong><strong><strong>Haute qualit\u00e9<\/strong><\/strong><\/strong><\/strong><\/strong><\/strong><\/h3>\n\n\n\n<p><strong><em><strong><strong><strong><strong>Conception durable<\/strong><\/strong><\/strong><\/strong><\/em><\/strong><\/p>\n\n\n\n<p style=\"margin-bottom:var(--wp--preset--spacing--tb-section-padding)\">Nos bancs de fitness sont construits pour durer, avec un cadre m\u00e9tallique solide construit \u00e0 partir de tubes circulaires soud\u00e9s. La technologie avanc\u00e9e de pulv\u00e9risation \u00e9lectrostatique de poudres thermodurcissables conf\u00e8re \u00e0 la surface non seulement un aspect \u00e9l\u00e9gant, mais aussi une excellente protection contre la rouille. Que vous soyez un adepte du fitness \u00e0 domicile ou une salle de sport professionnelle, nos bancs Evolve sont con\u00e7us pour r\u00e9pondre \u00e0 vos besoins. Ils sont \u00e9galement parfaits pour les installations de fitness commerciales dans les bases militaires, les h\u00f4tels, les auberges et les centres de r\u00e9\u00e9ducation.<\/p>\n\n\n\n<h3 class=\"wp-block-heading\" style=\"margin-bottom:var(--wp--preset--spacing--h-3-bottom)\"><strong><strong><strong><strong><strong><strong><strong><strong>Banc de musculation r\u00e9glable<\/strong><\/strong><\/strong><\/strong><\/strong><\/strong><\/strong><\/strong><\/h3>\n\n\n\n<p><strong><em><strong><strong><strong><strong><strong>Personnalisez vos s\u00e9ances d&rsquo;entra\u00eenement pour le haut du corps<\/strong><\/strong><\/strong><\/strong><\/strong><\/em><\/strong><\/p>\n\n\n\n<p>Ce banc est con\u00e7u pour cibler les muscles de la poitrine, des \u00e9paules et des triceps gr\u00e2ce \u00e0 des r\u00e9glages permettant d&rsquo;adopter des positions inclin\u00e9es, plates et inclin\u00e9es. Id\u00e9al pour effectuer une s\u00e9rie d&rsquo;exercices tels que les presses de poitrine, les presses d&rsquo;\u00e9paules et autres, sa conception ergonomique garantit un maximum de confort et d&rsquo;efficacit\u00e9. Gr\u00e2ce \u00e0 sa construction robuste et \u00e0 son encombrement r\u00e9duit, ce banc est le compl\u00e9ment id\u00e9al de tout espace de remise en forme, offrant des r\u00e9sultats sans compromis.  <\/p>\n<\/div>\n\n\n\n<div class=\"wp-block-column is-vertically-aligned-center is-layout-flow wp-block-column-is-layout-flow\">\n<figure class=\"wp-block-image size-full is-style-rounded\"><img decoding=\"async\" src=\"https:\/\/evolve-fitness.eu\/wp-content\/uploads\/2025\/01\/EV-BN-EC-086-Evolve-Econ-Series-Adjustable-Chest-Press-Bench.png\" alt=\"EV-BN-EC-086\" class=\"wp-image-172329\" style=\"object-fit:cover\"\/><\/figure>\n<\/div>\n<\/div>\n<\/section>\n","protected":false},"excerpt":{"rendered":"<p>Le banc de musculation r\u00e9glable Evolve Econ Series (EV-BN-EC-086) est un \u00e9quipement de fitness polyvalent et durable, con\u00e7u pour vous accompagner dans votre d\u00e9marche d&rsquo;entra\u00eenement musculaire. Fabriqu\u00e9 avec des mat\u00e9riaux de haute qualit\u00e9, ce banc garantit la stabilit\u00e9, la s\u00e9curit\u00e9 et l&rsquo;adaptabilit\u00e9 pour les utilisateurs de tous niveaux. Parfait pour cibler les muscles du haut du corps, c&rsquo;est un \u00e9quipement indispensable pour toute salle de sport \u00e0 domicile ou en entreprise.  <\/p>\n","protected":false},"featured_media":104622,"template":"","meta":{"_acf_changed":false,"inline_featured_image":false},"product_cat":[413,1246,1261],"product_tag":[],"class_list":{"0":"post-104600","1":"product","2":"type-product","3":"status-publish","4":"has-post-thumbnail","6":"product_cat-page-daccueil","7":"product_cat-bancs","8":"product_cat-bancs-econ-series","10":"first","11":"outofstock","12":"shipping-taxable","13":"purchasable","14":"product-type-simple"},"acf":[],"_links":{"self":[{"href":"https:\/\/store.evolve-fitness.eu\/fr\/wp-json\/wp\/v2\/product\/104600","targetHints":{"allow":["GET"]}}],"collection":[{"href":"https:\/\/store.evolve-fitness.eu\/fr\/wp-json\/wp\/v2\/product"}],"about":[{"href":"https:\/\/store.evolve-fitness.eu\/fr\/wp-json\/wp\/v2\/types\/product"}],"wp:featuredmedia":[{"embeddable":true,"href":"https:\/\/store.evolve-fitness.eu\/fr\/wp-json\/wp\/v2\/media\/104622"}],"wp:attachment":[{"href":"https:\/\/store.evolve-fitness.eu\/fr\/wp-json\/wp\/v2\/media?parent=104600"}],"wp:term":[{"taxonomy":"product_cat","embeddable":true,"href":"https:\/\/store.evolve-fitness.eu\/fr\/wp-json\/wp\/v2\/product_cat?post=104600"},{"taxonomy":"product_tag","embeddable":true,"href":"https:\/\/store.evolve-fitness.eu\/fr\/wp-json\/wp\/v2\/product_tag?post=104600"}],"curies":[{"name":"wp","href":"https:\/\/api.w.org\/{rel}","templated":true}]}}