{"id":102389,"date":"2025-01-07T14:59:36","date_gmt":"2025-01-07T14:59:36","guid":{"rendered":"https:\/\/store.evolve-fitness.eu\/?post_type=product&#038;p=102389"},"modified":"2025-12-30T12:00:25","modified_gmt":"2025-12-30T12:00:25","slug":"evolve-ultra-series-series-selectorized-dual-cable-cross-2","status":"publish","type":"product","link":"https:\/\/store.evolve-fitness.eu\/fr\/produit\/evolve-ultra-series-series-selectorized-dual-cable-cross-2\/","title":{"rendered":"Evolve Ultra Series Series Selectorized Dual Cable Cross"},"content":{"rendered":"\n<section class=\"wp-block-group alignfull black-content has-white-color has-darkgray-background-color has-text-color has-background is-layout-constrained wp-block-group-is-layout-constrained\" style=\"padding-top:var(--wp--preset--spacing--section-bottom);padding-bottom:var(--wp--preset--spacing--section-bottom)\">\n<section class=\"wp-block-group alignfull black-content has-white-color has-darkgray-background-color has-text-color has-background is-layout-constrained wp-block-group-is-layout-constrained\" style=\"margin-bottom:0;padding-top:var(--wp--preset--spacing--tb-padding);padding-bottom:var(--wp--preset--spacing--tb-padding)\">\n<div class=\"wp-block-columns alignwide mobile-reverse is-layout-flex wp-container-core-columns-is-layout-7a02faa9 wp-block-columns-is-layout-flex\" style=\"margin-bottom:var(--wp--preset--spacing--tb-section-padding)\">\n<div class=\"wp-block-column is-vertically-aligned-center is-layout-flow wp-block-column-is-layout-flow\">\n<h3 class=\"wp-block-heading\" style=\"margin-bottom:var(--wp--preset--spacing--h-3-bottom)\"><strong><strong><strong><strong><strong><strong><strong><strong><strong>Entra\u00eenement complet du corps entier<\/strong><\/strong><\/strong><\/strong><\/strong><\/strong><\/strong><\/strong><\/strong><\/h3>\n\n\n\n<p><strong><em><strong><strong><strong><strong><strong><strong>R\u00e9sistance et polyvalence personnalisables<\/strong><\/strong><\/strong><\/strong><\/strong><\/strong><\/em><\/strong><\/p>\n\n\n\n<p>L&rsquo;<strong>Evolve Ultra Series Selectorized Dual Cable Cross<\/strong> est con\u00e7u pour offrir une exp\u00e9rience d&rsquo;entra\u00eenement dynamique et polyvalente. Dot\u00e9 de poulies r\u00e9glables et d&rsquo;une r\u00e9sistance personnalisable, cet appareil permet aux utilisateurs d&rsquo;effectuer une vari\u00e9t\u00e9 de mouvements ciblant plusieurs groupes musculaires, notamment la poitrine, le dos, les \u00e9paules, les bras et le tronc. La conception \u00e0 double c\u00e2ble garantit une amplitude de mouvement compl\u00e8te, favorisant la force fonctionnelle et la coordination musculaire. Id\u00e9al pour les exercices isol\u00e9s et les mouvements compos\u00e9s, cet appareil est indispensable pour d\u00e9velopper la force, am\u00e9liorer la stabilit\u00e9 et les performances physiques g\u00e9n\u00e9rales.   <\/p>\n<\/div>\n\n\n\n<div class=\"wp-block-column is-vertically-aligned-center is-layout-flow wp-block-column-is-layout-flow\">\n<figure class=\"wp-block-image size-full\"><img decoding=\"async\" src=\"https:\/\/evolve-fitness.eu\/wp-content\/uploads\/2025\/01\/EV-SC-UL-460-Evolve-Ultra-Series-Series-Selectorized-Dual-Cable-Cross.png\" alt=\"EV-SC-UL-460\" class=\"wp-image-170862\"\/><\/figure>\n<\/div>\n<\/div>\n\n\n\n<div class=\"wp-block-columns alignwide mobile-reverse is-layout-flex wp-container-core-columns-is-layout-ca64bf2d wp-block-columns-is-layout-flex\" style=\"margin-bottom:var(--wp--preset--spacing--side-padding)\">\n<div class=\"wp-block-column is-vertically-aligned-center is-layout-flow wp-block-column-is-layout-flow\"><\/div>\n<\/div>\n<\/section>\n<\/section>\n","protected":false},"excerpt":{"rendered":"<p>L&rsquo;Evolve Ultra Series Selectorized Dual Cable Cross (EV-SC-UL-460) est un \u00e9quipement polyvalent et essentiel pour tout amateur de gymnastique ou de fitness. Construit avec des mat\u00e9riaux de premi\u00e8re qualit\u00e9 et con\u00e7u pour fonctionner en douceur, cet appareil permet une large gamme d&rsquo;exercices, ce qui le rend parfait pour l&rsquo;entra\u00eenement de la force, le fitness fonctionnel et la r\u00e9\u00e9ducation. Que vous soyez d\u00e9butant ou athl\u00e8te confirm\u00e9, le Dual Cable Cross est con\u00e7u pour am\u00e9liorer votre entra\u00eenement gr\u00e2ce \u00e0 sa flexibilit\u00e9, sa pr\u00e9cision et sa durabilit\u00e9.  <\/p>\n","protected":false},"featured_media":102412,"template":"","meta":{"_acf_changed":false,"inline_featured_image":false},"product_cat":[413,1110,1224],"product_tag":[],"class_list":{"0":"post-102389","1":"product","2":"type-product","3":"status-publish","4":"has-post-thumbnail","6":"product_cat-page-daccueil","7":"product_cat-machines-selectionnees","8":"product_cat-machines-selectorized-ultra-series","10":"first","11":"outofstock","12":"shipping-taxable","13":"purchasable","14":"product-type-simple"},"acf":[],"_links":{"self":[{"href":"https:\/\/store.evolve-fitness.eu\/fr\/wp-json\/wp\/v2\/product\/102389","targetHints":{"allow":["GET"]}}],"collection":[{"href":"https:\/\/store.evolve-fitness.eu\/fr\/wp-json\/wp\/v2\/product"}],"about":[{"href":"https:\/\/store.evolve-fitness.eu\/fr\/wp-json\/wp\/v2\/types\/product"}],"wp:featuredmedia":[{"embeddable":true,"href":"https:\/\/store.evolve-fitness.eu\/fr\/wp-json\/wp\/v2\/media\/102412"}],"wp:attachment":[{"href":"https:\/\/store.evolve-fitness.eu\/fr\/wp-json\/wp\/v2\/media?parent=102389"}],"wp:term":[{"taxonomy":"product_cat","embeddable":true,"href":"https:\/\/store.evolve-fitness.eu\/fr\/wp-json\/wp\/v2\/product_cat?post=102389"},{"taxonomy":"product_tag","embeddable":true,"href":"https:\/\/store.evolve-fitness.eu\/fr\/wp-json\/wp\/v2\/product_tag?post=102389"}],"curies":[{"name":"wp","href":"https:\/\/api.w.org\/{rel}","templated":true}]}}