{"id":102285,"date":"2025-01-07T13:40:04","date_gmt":"2025-01-07T13:40:04","guid":{"rendered":"https:\/\/store.evolve-fitness.eu\/?post_type=product&#038;p=102285"},"modified":"2026-02-06T12:04:57","modified_gmt":"2026-02-06T12:04:57","slug":"evolve-ultra-series-selectorized-rear-kick-3","status":"publish","type":"product","link":"https:\/\/store.evolve-fitness.eu\/fr\/produit\/evolve-ultra-series-selectorized-rear-kick-3\/","title":{"rendered":"Evolve Ultra Series Selectorized Rear Kick"},"content":{"rendered":"\n<section class=\"wp-block-group alignfull black-content has-white-color has-darkgray-background-color has-text-color has-background is-layout-constrained wp-block-group-is-layout-constrained\" style=\"padding-top:var(--wp--preset--spacing--section-bottom);padding-bottom:var(--wp--preset--spacing--section-bottom)\">\n<section class=\"wp-block-group alignfull black-content has-white-color has-darkgray-background-color has-text-color has-background is-layout-constrained wp-block-group-is-layout-constrained\" style=\"margin-bottom:0;padding-top:var(--wp--preset--spacing--tb-padding);padding-bottom:var(--wp--preset--spacing--tb-padding)\">\n<div class=\"wp-block-columns alignwide mobile-reverse is-layout-flex wp-container-core-columns-is-layout-7a02faa9 wp-block-columns-is-layout-flex\" style=\"margin-bottom:var(--wp--preset--spacing--tb-section-padding)\">\n<div class=\"wp-block-column is-vertically-aligned-center is-layout-flow wp-block-column-is-layout-flow\">\n<h3 class=\"wp-block-heading\" style=\"margin-bottom:var(--wp--preset--spacing--h-3-bottom)\"><strong><strong><strong><strong><strong><strong><strong><strong><strong>Entra\u00eenement cibl\u00e9 du bas du corps<\/strong><\/strong><\/strong><\/strong><\/strong><\/strong><\/strong><\/strong><\/strong><\/h3>\n\n\n\n<p><strong><em><strong><strong><strong><strong><strong><strong>Renforcer et sculpter les fessiers et les ischio-jambiers<\/strong><\/strong><\/strong><\/strong><\/strong><\/strong><\/em><\/strong><\/p>\n\n\n\n<p>L&rsquo;<strong>Evolve Ultra Series Selectorized Rear Kick<\/strong> est con\u00e7u pour fournir une activation cibl\u00e9e des fessiers et des ischio-jambiers, aidant les utilisateurs \u00e0 atteindre la force, la tonicit\u00e9 et l&rsquo;\u00e9quilibre dans le bas du corps. Sa r\u00e9sistance r\u00e9glable permet une surcharge progressive, garantissant une am\u00e9lioration continue au fur et \u00e0 mesure de l&rsquo;\u00e9volution de la condition physique. La conception ergonomique de l&rsquo;appareil garantit un alignement correct et minimise les tensions, ce qui permet un entra\u00eenement s\u00fbr et efficace. Qu&rsquo;il soit utilis\u00e9 pour am\u00e9liorer les performances athl\u00e9tiques ou le tonus musculaire, l&rsquo;appareil Rear Kick offre un entra\u00eenement efficace et cibl\u00e9 du bas du corps.   <\/p>\n<\/div>\n\n\n\n<div class=\"wp-block-column is-vertically-aligned-center is-layout-flow wp-block-column-is-layout-flow\">\n<figure class=\"wp-block-image size-full\"><img decoding=\"async\" src=\"https:\/\/evolve-fitness.eu\/wp-content\/uploads\/2025\/01\/EV-SC-UL-320-Evolve-Ultra-Series-Selectorized-Rear-Kick.png\" alt=\"EV-SC-UL-320\" class=\"wp-image-170812\"\/><\/figure>\n<\/div>\n<\/div>\n<\/section>\n<\/section>\n","protected":false},"excerpt":{"rendered":"<p>L&rsquo;Evolve Ultra Series Selectorized Rear Kick (EV-SC-UL-320) est un appareil indispensable pour tous ceux qui cherchent \u00e0 d\u00e9velopper la force et la tonicit\u00e9 du bas du corps. Con\u00e7ue avec une ing\u00e9nierie de pr\u00e9cision et le confort de l&rsquo;utilisateur \u00e0 l&rsquo;esprit, cette machine offre des mouvements fluides et contr\u00f4l\u00e9s pour cibler efficacement les fessiers et les ischio-jambiers. Avec une r\u00e9sistance r\u00e9glable et un support ergonomique, la machine Rear Kick est parfaite pour les utilisateurs de tous niveaux, ce qui en fait un compl\u00e9ment essentiel \u00e0 toute salle de sport ou \u00e0 tout espace d&rsquo;entra\u00eenement \u00e0 domicile.  <\/p>\n","protected":false},"featured_media":102334,"template":"","meta":{"_acf_changed":false,"inline_featured_image":false},"product_cat":[413,1110,1224],"product_tag":[],"class_list":{"0":"post-102285","1":"product","2":"type-product","3":"status-publish","4":"has-post-thumbnail","6":"product_cat-page-daccueil","7":"product_cat-machines-selectionnees","8":"product_cat-machines-selectorized-ultra-series","10":"first","11":"instock","12":"shipping-taxable","13":"purchasable","14":"product-type-simple"},"acf":[],"_links":{"self":[{"href":"https:\/\/store.evolve-fitness.eu\/fr\/wp-json\/wp\/v2\/product\/102285","targetHints":{"allow":["GET"]}}],"collection":[{"href":"https:\/\/store.evolve-fitness.eu\/fr\/wp-json\/wp\/v2\/product"}],"about":[{"href":"https:\/\/store.evolve-fitness.eu\/fr\/wp-json\/wp\/v2\/types\/product"}],"wp:featuredmedia":[{"embeddable":true,"href":"https:\/\/store.evolve-fitness.eu\/fr\/wp-json\/wp\/v2\/media\/102334"}],"wp:attachment":[{"href":"https:\/\/store.evolve-fitness.eu\/fr\/wp-json\/wp\/v2\/media?parent=102285"}],"wp:term":[{"taxonomy":"product_cat","embeddable":true,"href":"https:\/\/store.evolve-fitness.eu\/fr\/wp-json\/wp\/v2\/product_cat?post=102285"},{"taxonomy":"product_tag","embeddable":true,"href":"https:\/\/store.evolve-fitness.eu\/fr\/wp-json\/wp\/v2\/product_tag?post=102285"}],"curies":[{"name":"wp","href":"https:\/\/api.w.org\/{rel}","templated":true}]}}