{"id":102235,"date":"2025-01-07T13:33:57","date_gmt":"2025-01-07T13:33:57","guid":{"rendered":"https:\/\/store.evolve-fitness.eu\/?post_type=product&#038;p=102235"},"modified":"2025-12-30T12:00:24","modified_gmt":"2025-12-30T12:00:24","slug":"evolve-ultra-series-selectorized-iso-lateral-biceps-curl-curl-biceps-lateral","status":"publish","type":"product","link":"https:\/\/store.evolve-fitness.eu\/fr\/produit\/evolve-ultra-series-selectorized-iso-lateral-biceps-curl-curl-biceps-lateral\/","title":{"rendered":"Evolve Ultra Series Selectorized Iso Lateral Biceps Curl (Curl biceps lat\u00e9ral)"},"content":{"rendered":"\n<section class=\"wp-block-group alignfull black-content has-white-color has-darkgray-background-color has-text-color has-background is-layout-constrained wp-block-group-is-layout-constrained\" style=\"padding-top:var(--wp--preset--spacing--section-bottom);padding-bottom:var(--wp--preset--spacing--section-bottom)\">\n<section class=\"wp-block-group alignfull black-content has-white-color has-darkgray-background-color has-text-color has-background is-layout-constrained wp-block-group-is-layout-constrained\" style=\"margin-bottom:0;padding-top:var(--wp--preset--spacing--tb-padding);padding-bottom:var(--wp--preset--spacing--tb-padding)\">\n<div class=\"wp-block-columns alignwide mobile-reverse is-layout-flex wp-container-core-columns-is-layout-7a02faa9 wp-block-columns-is-layout-flex\" style=\"margin-bottom:var(--wp--preset--spacing--tb-section-padding)\">\n<div class=\"wp-block-column is-vertically-aligned-center is-layout-flow wp-block-column-is-layout-flow\">\n<h3 class=\"wp-block-heading\" style=\"margin-bottom:var(--wp--preset--spacing--h-3-bottom)\"><strong><strong><strong><strong><strong><strong><strong><strong><strong>Entra\u00eenement de pr\u00e9cision des bras<\/strong><\/strong><\/strong><\/strong><\/strong><\/strong><\/strong><\/strong><\/strong><\/h3>\n\n\n\n<p><strong><em><strong><strong><strong><strong><strong><strong>Isolez et d\u00e9veloppez les biceps avec des mouvements contr\u00f4l\u00e9s<\/strong><\/strong><\/strong><\/strong><\/strong><\/strong><\/em><\/strong><\/p>\n\n\n\n<p>L&rsquo;<strong>Evolve Ultra Series Selectorized Iso-Lateral Biceps Curl<\/strong> est con\u00e7u pour fournir une activation cibl\u00e9e des muscles biceps, assurant un engagement et une croissance optimaux. La conception du mouvement ind\u00e9pendant des bras favorise un d\u00e9veloppement \u00e9quilibr\u00e9, permettant \u00e0 chaque bras de travailler ind\u00e9pendamment pour une meilleure sym\u00e9trie musculaire. La r\u00e9sistance r\u00e9glable permet de s&rsquo;adapter \u00e0 tous les niveaux de condition physique, tandis que la conception ergonomique favorise un alignement correct et minimise la tension sur les articulations. Parfait pour d\u00e9velopper la force, am\u00e9liorer la d\u00e9finition et l&rsquo;esth\u00e9tique des bras, cet appareil est un outil essentiel pour un entra\u00eenement efficace du haut du corps.   <\/p>\n<\/div>\n\n\n\n<div class=\"wp-block-column is-vertically-aligned-center is-layout-flow wp-block-column-is-layout-flow\">\n<figure class=\"wp-block-image size-full\"><img decoding=\"async\" src=\"https:\/\/evolve-fitness.eu\/wp-content\/uploads\/2025\/01\/EV-SC-UL-310-Evolve-Ultra-Series-Selectorized-Iso-Lateral-Biceps-Curl.png\" alt=\"EV-SC-UL-310\" class=\"wp-image-170787\"\/><\/figure>\n<\/div>\n<\/div>\n\n\n\n<div class=\"wp-block-columns alignwide mobile-reverse is-layout-flex wp-container-core-columns-is-layout-ca64bf2d wp-block-columns-is-layout-flex\" style=\"margin-bottom:var(--wp--preset--spacing--side-padding)\">\n<div class=\"wp-block-column is-vertically-aligned-center is-layout-flow wp-block-column-is-layout-flow\"><\/div>\n<\/div>\n<\/section>\n<\/section>\n","protected":false},"excerpt":{"rendered":"<p>L&rsquo;Evolve Ultra Series Selectorized Iso-Lateral Biceps Curl (EV-SC-UL-310) est un appareil de fitness haut de gamme con\u00e7u pour offrir un entra\u00eenement pr\u00e9cis et efficace des biceps. Construit pour \u00eatre durable et performant, cet appareil permet aux utilisateurs d&rsquo;isoler et de renforcer les muscles de leurs bras gr\u00e2ce \u00e0 des mouvements contr\u00f4l\u00e9s et \u00e9quilibr\u00e9s. Que vous soyez d\u00e9butant ou athl\u00e8te confirm\u00e9, le Curl biceps iso-lat\u00e9ral est parfait pour obtenir une sym\u00e9trie musculaire, am\u00e9liorer la force et affiner la d\u00e9finition des bras.  <\/p>\n","protected":false},"featured_media":102258,"template":"","meta":{"_acf_changed":false,"inline_featured_image":false},"product_cat":[413,1110,1224],"product_tag":[],"class_list":{"0":"post-102235","1":"product","2":"type-product","3":"status-publish","4":"has-post-thumbnail","6":"product_cat-page-daccueil","7":"product_cat-machines-selectionnees","8":"product_cat-machines-selectorized-ultra-series","10":"first","11":"instock","12":"shipping-taxable","13":"purchasable","14":"product-type-simple"},"acf":[],"_links":{"self":[{"href":"https:\/\/store.evolve-fitness.eu\/fr\/wp-json\/wp\/v2\/product\/102235","targetHints":{"allow":["GET"]}}],"collection":[{"href":"https:\/\/store.evolve-fitness.eu\/fr\/wp-json\/wp\/v2\/product"}],"about":[{"href":"https:\/\/store.evolve-fitness.eu\/fr\/wp-json\/wp\/v2\/types\/product"}],"wp:featuredmedia":[{"embeddable":true,"href":"https:\/\/store.evolve-fitness.eu\/fr\/wp-json\/wp\/v2\/media\/102258"}],"wp:attachment":[{"href":"https:\/\/store.evolve-fitness.eu\/fr\/wp-json\/wp\/v2\/media?parent=102235"}],"wp:term":[{"taxonomy":"product_cat","embeddable":true,"href":"https:\/\/store.evolve-fitness.eu\/fr\/wp-json\/wp\/v2\/product_cat?post=102235"},{"taxonomy":"product_tag","embeddable":true,"href":"https:\/\/store.evolve-fitness.eu\/fr\/wp-json\/wp\/v2\/product_tag?post=102235"}],"curies":[{"name":"wp","href":"https:\/\/api.w.org\/{rel}","templated":true}]}}