{"id":102185,"date":"2025-01-07T13:26:21","date_gmt":"2025-01-07T13:26:21","guid":{"rendered":"https:\/\/store.evolve-fitness.eu\/?post_type=product&#038;p=102185"},"modified":"2026-03-26T11:59:23","modified_gmt":"2026-03-26T11:59:23","slug":"evolve-ultra-series-selectorized-seated-leg-curl-flexion-des-jambes-assise","status":"publish","type":"product","link":"https:\/\/store.evolve-fitness.eu\/fr\/produit\/evolve-ultra-series-selectorized-seated-leg-curl-flexion-des-jambes-assise\/","title":{"rendered":"Evolve Ultra Series Selectorized Seated Leg Curl (flexion des jambes assise)"},"content":{"rendered":"\n<section class=\"wp-block-group alignfull black-content has-white-color has-darkgray-background-color has-text-color has-background is-layout-constrained wp-block-group-is-layout-constrained\" style=\"padding-top:var(--wp--preset--spacing--section-bottom);padding-bottom:var(--wp--preset--spacing--section-bottom)\">\n<section class=\"wp-block-group alignfull black-content has-white-color has-darkgray-background-color has-text-color has-background is-layout-constrained wp-block-group-is-layout-constrained\" style=\"margin-bottom:0;padding-top:var(--wp--preset--spacing--tb-padding);padding-bottom:var(--wp--preset--spacing--tb-padding)\">\n<div class=\"wp-block-columns alignwide mobile-reverse is-layout-flex wp-container-core-columns-is-layout-7a02faa9 wp-block-columns-is-layout-flex\" style=\"margin-bottom:var(--wp--preset--spacing--tb-section-padding)\">\n<div class=\"wp-block-column is-vertically-aligned-center is-layout-flow wp-block-column-is-layout-flow\">\n<h3 class=\"wp-block-heading\" style=\"margin-bottom:var(--wp--preset--spacing--h-3-bottom)\"><strong><strong><strong><strong><strong><strong><strong><strong><strong>D\u00e9veloppement cibl\u00e9 des ischio-jambiers<\/strong><\/strong><\/strong><\/strong><\/strong><\/strong><\/strong><\/strong><\/strong><\/h3>\n\n\n\n<p><strong><em><strong><strong><strong><strong><strong><strong>Renforcer et am\u00e9liorer les performances du bas du corps<\/strong><\/strong><\/strong><\/strong><\/strong><\/strong><\/em><\/strong><\/p>\n\n\n\n<p>L&rsquo;<strong>Evolve Ultra Series Selectorized Seated Leg Curl<\/strong> est sp\u00e9cialement con\u00e7u pour isoler et engager les ischio-jambiers, ce qui permet un entra\u00eenement tr\u00e8s efficace du bas du corps. Ses r\u00e9glages permettent d&rsquo;adapter la r\u00e9sistance aux niveaux de forme et aux objectifs de chacun. La conception ergonomique de l&rsquo;appareil favorise un alignement correct et r\u00e9duit les tensions, garantissant un entra\u00eenement s\u00fbr et efficace. Id\u00e9al pour renforcer les ischio-jambiers, am\u00e9liorer la souplesse et favoriser les performances athl\u00e9tiques, le Curl jambes assises est un outil pr\u00e9cieux pour le d\u00e9veloppement complet du bas du corps.   <\/p>\n<\/div>\n\n\n\n<div class=\"wp-block-column is-vertically-aligned-center is-layout-flow wp-block-column-is-layout-flow\">\n<figure class=\"wp-block-image size-full\"><img decoding=\"async\" src=\"https:\/\/evolve-fitness.eu\/wp-content\/uploads\/2025\/01\/EV-SC-UL-130-Evolve-Ultra-Series-Selectorized-Seated-Leg-Curl.png\" alt=\"EV-SC-UL-130\" class=\"wp-image-170762\"\/><\/figure>\n<\/div>\n<\/div>\n\n\n\n<div class=\"wp-block-columns alignwide mobile-reverse is-layout-flex wp-container-core-columns-is-layout-ca64bf2d wp-block-columns-is-layout-flex\" style=\"margin-bottom:var(--wp--preset--spacing--side-padding)\">\n<div class=\"wp-block-column is-vertically-aligned-center is-layout-flow wp-block-column-is-layout-flow\"><\/div>\n<\/div>\n<\/section>\n<\/section>\n","protected":false},"excerpt":{"rendered":"<p>L&rsquo;appareil Evolve Ultra Series Selectorized Seated Leg Curl (EV-SC-UL-130) est un appareil essentiel pour cibler et renforcer les ischio-jambiers. Con\u00e7u pour le confort et l&rsquo;efficacit\u00e9, cet \u00e9quipement de fitness de haute qualit\u00e9 assure des mouvements fluides et contr\u00f4l\u00e9s pour maximiser l&rsquo;engagement musculaire. Gr\u00e2ce \u00e0 sa r\u00e9sistance r\u00e9glable et \u00e0 son design ergonomique, l&rsquo;appareil Seated Leg Curl s&rsquo;adresse aux utilisateurs de tous niveaux, ce qui en fait un compl\u00e9ment polyvalent \u00e0 toute salle de sport ou programme d&rsquo;entra\u00eenement.  <\/p>\n","protected":false},"featured_media":102208,"template":"","meta":{"_acf_changed":false,"inline_featured_image":false},"product_cat":[1110,1224],"product_tag":[],"class_list":{"0":"post-102185","1":"product","2":"type-product","3":"status-publish","4":"has-post-thumbnail","6":"product_cat-machines-selectionnees","7":"product_cat-machines-selectorized-ultra-series","9":"first","10":"instock","11":"shipping-taxable","12":"purchasable","13":"product-type-simple"},"acf":[],"_links":{"self":[{"href":"https:\/\/store.evolve-fitness.eu\/fr\/wp-json\/wp\/v2\/product\/102185","targetHints":{"allow":["GET"]}}],"collection":[{"href":"https:\/\/store.evolve-fitness.eu\/fr\/wp-json\/wp\/v2\/product"}],"about":[{"href":"https:\/\/store.evolve-fitness.eu\/fr\/wp-json\/wp\/v2\/types\/product"}],"wp:featuredmedia":[{"embeddable":true,"href":"https:\/\/store.evolve-fitness.eu\/fr\/wp-json\/wp\/v2\/media\/102208"}],"wp:attachment":[{"href":"https:\/\/store.evolve-fitness.eu\/fr\/wp-json\/wp\/v2\/media?parent=102185"}],"wp:term":[{"taxonomy":"product_cat","embeddable":true,"href":"https:\/\/store.evolve-fitness.eu\/fr\/wp-json\/wp\/v2\/product_cat?post=102185"},{"taxonomy":"product_tag","embeddable":true,"href":"https:\/\/store.evolve-fitness.eu\/fr\/wp-json\/wp\/v2\/product_tag?post=102185"}],"curies":[{"name":"wp","href":"https:\/\/api.w.org\/{rel}","templated":true}]}}