{"id":102136,"date":"2025-01-07T13:20:56","date_gmt":"2025-01-07T13:20:56","guid":{"rendered":"https:\/\/store.evolve-fitness.eu\/?post_type=product&#038;p=102136"},"modified":"2026-02-28T12:00:28","modified_gmt":"2026-02-28T12:00:28","slug":"evolve-ultra-series-plate-loaded-hip-thrust-debout","status":"publish","type":"product","link":"https:\/\/store.evolve-fitness.eu\/fr\/produit\/evolve-ultra-series-plate-loaded-hip-thrust-debout\/","title":{"rendered":"Evolve Ultra Series Plate Loaded Hip Thrust Debout"},"content":{"rendered":"\n<section class=\"wp-block-group alignfull black-content has-white-color has-darkgray-background-color has-text-color has-background is-layout-constrained wp-block-group-is-layout-constrained\" style=\"padding-top:var(--wp--preset--spacing--section-bottom);padding-bottom:var(--wp--preset--spacing--section-bottom)\">\n<section class=\"wp-block-group alignfull black-content has-white-color has-darkgray-background-color has-text-color has-background is-layout-constrained wp-block-group-is-layout-constrained\" style=\"margin-bottom:0;padding-top:var(--wp--preset--spacing--tb-padding);padding-bottom:var(--wp--preset--spacing--tb-padding)\">\n<div class=\"wp-block-columns alignwide mobile-reverse is-layout-flex wp-container-core-columns-is-layout-7a02faa9 wp-block-columns-is-layout-flex\" style=\"margin-bottom:var(--wp--preset--spacing--tb-section-padding)\">\n<div class=\"wp-block-column is-vertically-aligned-center is-layout-flow wp-block-column-is-layout-flow\">\n<h3 class=\"wp-block-heading\" style=\"margin-bottom:var(--wp--preset--spacing--h-3-bottom)\"><strong><strong><strong><strong><strong><strong><strong><strong><strong>Activation optimis\u00e9e du bas du corps<\/strong><\/strong><\/strong><\/strong><\/strong><\/strong><\/strong><\/strong><\/strong><\/h3>\n\n\n\n<p><strong><em><strong><strong><strong><strong><strong><strong>Renforcer les fessiers, les ischio-jambiers et le tronc<\/strong><\/strong><\/strong><\/strong><\/strong><\/strong><\/em><\/strong><\/p>\n\n\n\n<p>L&rsquo;<strong>Evolve Ultra Series Standing Hip Thrust \u00e0 plateau<\/strong> est con\u00e7u pour cibler les fessiers tout en activant les ischio-jambiers, le tronc et les muscles de soutien. Sa position debout favorise un mouvement contr\u00f4l\u00e9 et efficace et minimise la pression sur le bas du dos, garantissant un entra\u00eenement s\u00fbr et efficace. L&rsquo;accent mis par cette machine sur l&rsquo;extension des hanches la rend id\u00e9ale pour am\u00e9liorer la force, la puissance et la stabilit\u00e9, que ce soit pour les performances athl\u00e9tiques ou la condition physique g\u00e9n\u00e9rale. En int\u00e9grant la pouss\u00e9e de hanche debout \u00e0 votre programme, vous am\u00e9liorerez le d\u00e9veloppement du bas du corps et obtiendrez une force \u00e9quilibr\u00e9e.   <\/p>\n<\/div>\n\n\n\n<div class=\"wp-block-column is-vertically-aligned-center is-layout-flow wp-block-column-is-layout-flow\">\n<figure class=\"wp-block-image size-full\"><img decoding=\"async\" src=\"https:\/\/evolve-fitness.eu\/wp-content\/uploads\/2025\/01\/EV-PL-UL-460-Evolve-Ultra-Series-Plate-Loaded-Standing-Hip-Thrust.png\" alt=\"EV-PL-UL-460\" class=\"wp-image-170704\"\/><\/figure>\n<\/div>\n<\/div>\n\n\n\n<div class=\"wp-block-columns alignwide mobile-reverse is-layout-flex wp-container-core-columns-is-layout-ca64bf2d wp-block-columns-is-layout-flex\" style=\"margin-bottom:var(--wp--preset--spacing--side-padding)\">\n<div class=\"wp-block-column is-vertically-aligned-center is-layout-flow wp-block-column-is-layout-flow\"><\/div>\n<\/div>\n<\/section>\n<\/section>\n","protected":false},"excerpt":{"rendered":"<p>L&rsquo;appareil de musculation Evolve Ultra Series (EV-PL-UL-460) est un compl\u00e9ment \u00e0 la collection de tout gymnaste ou passionn\u00e9 de fitness. Con\u00e7ue pour des performances et une durabilit\u00e9 optimales, cette machine innovante vous permet de cibler et de renforcer les fessiers, les ischio-jambiers et le tronc avec facilit\u00e9 et pr\u00e9cision. Que vous soyez un athl\u00e8te professionnel ou un d\u00e9butant cherchant \u00e0 am\u00e9liorer la force du bas du corps, l&rsquo;appareil Standing Hip Thrust offre un moyen s\u00fbr, efficace et efficient de maximiser votre potentiel d&rsquo;entra\u00eenement et d&rsquo;atteindre vos objectifs de remise en forme.  <\/p>\n","protected":false},"featured_media":102158,"template":"","meta":{"_acf_changed":false,"inline_featured_image":false},"product_cat":[413,780,784],"product_tag":[],"class_list":{"0":"post-102136","1":"product","2":"type-product","3":"status-publish","4":"has-post-thumbnail","6":"product_cat-page-daccueil","7":"product_cat-machines-a-plateau","8":"product_cat-ultra-series-plate-loaded-fr","10":"first","11":"instock","12":"shipping-taxable","13":"purchasable","14":"product-type-simple"},"acf":[],"_links":{"self":[{"href":"https:\/\/store.evolve-fitness.eu\/fr\/wp-json\/wp\/v2\/product\/102136","targetHints":{"allow":["GET"]}}],"collection":[{"href":"https:\/\/store.evolve-fitness.eu\/fr\/wp-json\/wp\/v2\/product"}],"about":[{"href":"https:\/\/store.evolve-fitness.eu\/fr\/wp-json\/wp\/v2\/types\/product"}],"wp:featuredmedia":[{"embeddable":true,"href":"https:\/\/store.evolve-fitness.eu\/fr\/wp-json\/wp\/v2\/media\/102158"}],"wp:attachment":[{"href":"https:\/\/store.evolve-fitness.eu\/fr\/wp-json\/wp\/v2\/media?parent=102136"}],"wp:term":[{"taxonomy":"product_cat","embeddable":true,"href":"https:\/\/store.evolve-fitness.eu\/fr\/wp-json\/wp\/v2\/product_cat?post=102136"},{"taxonomy":"product_tag","embeddable":true,"href":"https:\/\/store.evolve-fitness.eu\/fr\/wp-json\/wp\/v2\/product_tag?post=102136"}],"curies":[{"name":"wp","href":"https:\/\/api.w.org\/{rel}","templated":true}]}}