{"id":102086,"date":"2025-01-07T13:14:34","date_gmt":"2025-01-07T13:14:34","guid":{"rendered":"https:\/\/store.evolve-fitness.eu\/?post_type=product&#038;p=102086"},"modified":"2025-09-25T12:48:58","modified_gmt":"2025-09-25T12:48:58","slug":"evolve-ultra-series-plate-loaded-pec-fly-5","status":"publish","type":"product","link":"https:\/\/store.evolve-fitness.eu\/fr\/produit\/evolve-ultra-series-plate-loaded-pec-fly-5\/","title":{"rendered":"Evolve Ultra Series Plate Loaded Pec Fly"},"content":{"rendered":"\n<section class=\"wp-block-group alignfull black-content has-white-color has-darkgray-background-color has-text-color has-background is-layout-constrained wp-block-group-is-layout-constrained\" style=\"padding-top:var(--wp--preset--spacing--section-bottom);padding-bottom:var(--wp--preset--spacing--section-bottom)\">\n<section class=\"wp-block-group alignfull black-content has-white-color has-darkgray-background-color has-text-color has-background is-layout-constrained wp-block-group-is-layout-constrained\" style=\"margin-bottom:0;padding-top:var(--wp--preset--spacing--tb-padding);padding-bottom:var(--wp--preset--spacing--tb-padding)\">\n<div class=\"wp-block-columns alignwide mobile-reverse is-layout-flex wp-container-core-columns-is-layout-7a02faa9 wp-block-columns-is-layout-flex\" style=\"margin-bottom:var(--wp--preset--spacing--tb-section-padding)\">\n<div class=\"wp-block-column is-vertically-aligned-center is-layout-flow wp-block-column-is-layout-flow\">\n<h3 class=\"wp-block-heading\" style=\"margin-bottom:var(--wp--preset--spacing--h-3-bottom)\"><strong><strong><strong><strong><strong><strong><strong><strong><strong>Isolation thoracique de pr\u00e9cision<\/strong><\/strong><\/strong><\/strong><\/strong><\/strong><\/strong><\/strong><\/strong><\/h3>\n\n\n\n<p><strong><em><strong><strong><strong><strong><strong><strong>Am\u00e9lioration de la force et de la d\u00e9finition musculaire<\/strong><\/strong><\/strong><\/strong><\/strong><\/strong><\/em><\/strong><\/p>\n\n\n\n<p>L&rsquo;<strong>Evolve Ultra Series Pec Fly charg\u00e9 de plaques<\/strong> est con\u00e7u de mani\u00e8re experte pour fournir une activation cibl\u00e9e des muscles pectoraux, ce qui permet de se concentrer de mani\u00e8re in\u00e9gal\u00e9e sur le d\u00e9veloppement de la poitrine. En guidant les bras dans un mouvement d&rsquo;arc contr\u00f4l\u00e9, cette machine isole les muscles int\u00e9rieurs et ext\u00e9rieurs de la poitrine pour une croissance \u00e9quilibr\u00e9e et une meilleure d\u00e9finition. L&rsquo;engagement secondaire des \u00e9paules et des bras assure un entra\u00eenement complet du haut du corps. Gr\u00e2ce \u00e0 sa conception ergonomique et \u00e0 ses r\u00e9glages ajustables, les utilisateurs de tous niveaux peuvent obtenir une forme et un alignement corrects, maximisant ainsi l&rsquo;efficacit\u00e9 de chaque r\u00e9p\u00e9tition. Que ce soit pour d\u00e9velopper la force ou am\u00e9liorer le tonus musculaire, le Pec Fly est un outil essentiel pour obtenir un haut du corps sculpt\u00e9.    <\/p>\n<\/div>\n\n\n\n<div class=\"wp-block-column is-vertically-aligned-center is-layout-flow wp-block-column-is-layout-flow\">\n<figure class=\"wp-block-image size-full\"><img decoding=\"async\" src=\"https:\/\/evolve-fitness.eu\/wp-content\/uploads\/2025\/01\/EV-PL-UL-490-Evolve-Ultra-Series-Plate-Loaded-Pec-Fly.png\" alt=\"EV-PL-UL-490\" class=\"wp-image-170653\"\/><\/figure>\n<\/div>\n<\/div>\n\n\n\n<div class=\"wp-block-columns alignwide mobile-reverse is-layout-flex wp-container-core-columns-is-layout-ca64bf2d wp-block-columns-is-layout-flex\" style=\"margin-bottom:var(--wp--preset--spacing--side-padding)\">\n<div class=\"wp-block-column is-vertically-aligned-center is-layout-flow wp-block-column-is-layout-flow\"><\/div>\n<\/div>\n<\/section>\n<\/section>\n","protected":false},"excerpt":{"rendered":"<p>L&rsquo;Evolve Ultra Series Plate-Loaded Pec Fly (EV-PL-UL-490) est un compl\u00e9ment de premier ordre \u00e0 l&rsquo;\u00e9quipement de tout amateur de fitness ou propri\u00e9taire de salle de sport. Con\u00e7u avec pr\u00e9cision et construit pour durer, cet appareil offre une exp\u00e9rience de musculation exceptionnelle. Que vous soyez un halt\u00e9rophile chevronn\u00e9 ou que vous d\u00e9butiez votre parcours de remise en forme, le Pec Fly est con\u00e7u pour vous aider \u00e0 isoler et \u00e0 d\u00e9velopper les muscles pectoraux avec facilit\u00e9 et efficacit\u00e9, ce qui en fait un outil essentiel pour atteindre vos objectifs de remise en forme du haut du corps.  <\/p>\n","protected":false},"featured_media":102108,"template":"","meta":{"_acf_changed":false,"inline_featured_image":false},"product_cat":[413,780,784],"product_tag":[],"class_list":{"0":"post-102086","1":"product","2":"type-product","3":"status-publish","4":"has-post-thumbnail","6":"product_cat-page-daccueil","7":"product_cat-machines-a-plateau","8":"product_cat-ultra-series-plate-loaded-fr","10":"first","11":"instock","12":"shipping-taxable","13":"purchasable","14":"product-type-simple"},"acf":[],"_links":{"self":[{"href":"https:\/\/store.evolve-fitness.eu\/fr\/wp-json\/wp\/v2\/product\/102086","targetHints":{"allow":["GET"]}}],"collection":[{"href":"https:\/\/store.evolve-fitness.eu\/fr\/wp-json\/wp\/v2\/product"}],"about":[{"href":"https:\/\/store.evolve-fitness.eu\/fr\/wp-json\/wp\/v2\/types\/product"}],"wp:featuredmedia":[{"embeddable":true,"href":"https:\/\/store.evolve-fitness.eu\/fr\/wp-json\/wp\/v2\/media\/102108"}],"wp:attachment":[{"href":"https:\/\/store.evolve-fitness.eu\/fr\/wp-json\/wp\/v2\/media?parent=102086"}],"wp:term":[{"taxonomy":"product_cat","embeddable":true,"href":"https:\/\/store.evolve-fitness.eu\/fr\/wp-json\/wp\/v2\/product_cat?post=102086"},{"taxonomy":"product_tag","embeddable":true,"href":"https:\/\/store.evolve-fitness.eu\/fr\/wp-json\/wp\/v2\/product_tag?post=102086"}],"curies":[{"name":"wp","href":"https:\/\/api.w.org\/{rel}","templated":true}]}}