{"id":101794,"date":"2024-12-16T08:54:50","date_gmt":"2024-12-16T08:54:50","guid":{"rendered":"https:\/\/store.evolve-fitness.eu\/?post_type=product&#038;p=101794"},"modified":"2025-01-08T13:07:15","modified_gmt":"2025-01-08T13:07:15","slug":"pelouse-artificielle-evolve-1","status":"publish","type":"product","link":"https:\/\/store.evolve-fitness.eu\/fr\/produit\/pelouse-artificielle-evolve-1\/","title":{"rendered":"Pelouse artificielle Evolve"},"content":{"rendered":"\n<section class=\"wp-block-group alignfull black-content has-white-color has-darkgray-background-color has-text-color has-background is-layout-constrained wp-block-group-is-layout-constrained\" style=\"padding-top:var(--wp--preset--spacing--section-bottom);padding-bottom:var(--wp--preset--spacing--section-bottom)\">\n<div class=\"wp-block-columns alignwide is-layout-flex wp-container-core-columns-is-layout-c45ee707 wp-block-columns-is-layout-flex\" style=\"margin-bottom:var(--wp--preset--spacing--side-padding);padding-top:var(--wp--preset--spacing--side-padding)\">\n<div class=\"wp-block-column is-vertically-aligned-center is-layout-flow wp-block-column-is-layout-flow\">\n<h3 class=\"wp-block-heading\"><strong>Gazon artificiel polyvalent pour l&rsquo;int\u00e9rieur et l&rsquo;ext\u00e9rieur<\/strong><\/h3>\n\n\n\n<p><strong><em><strong><em>Durabilit\u00e9 et performance pour chaque espace de fitness<\/em><\/strong><\/em><\/strong><\/p>\n\n\n\n<p style=\"margin-bottom:var(--wp--preset--spacing--tb-section-padding)\">Le gazon artificiel Evolve est la solution de rev\u00eatement de sol id\u00e9ale pour cr\u00e9er des zones d&rsquo;entra\u00eenement polyvalentes, \u00e0 l&rsquo;int\u00e9rieur comme \u00e0 l&rsquo;ext\u00e9rieur. Con\u00e7u pour \u00eatre durable et fonctionnel, ce gazon offre une surface antid\u00e9rapante et amortie qui supporte les entra\u00eenements de haute intensit\u00e9, les pouss\u00e9es de luge et les exercices d&rsquo;agilit\u00e9. Sa conception \u00e0 faible entretien r\u00e9siste \u00e0 l&rsquo;usure et \u00e0 la d\u00e9chirure, tandis que sa texture naturelle, semblable \u00e0 celle de l&rsquo;herbe, offre une sensation authentique aux amateurs de sport et de fitness. Parfait pour les gymnases, les centres d&rsquo;entra\u00eenement ou les espaces ext\u00e9rieurs, le gazon artificiel Evolve garantit performance, confort et fiabilit\u00e9 pour chaque entra\u00eenement.   <\/p>\n\n\n\n<h3 class=\"wp-block-heading\"><strong>Surface d&rsquo;entra\u00eenement personnalisable et confortable<\/strong><\/h3>\n\n\n\n<p><strong><em><strong><em>Un design personnalis\u00e9 pour un confort et un style accrus<\/em><\/strong><\/em><\/strong><\/p>\n\n\n\n<p style=\"margin-bottom:var(--wp--preset--spacing--tb-section-padding)\">Le gazon artificiel Evolve allie fonctionnalit\u00e9 et esth\u00e9tique, et offre des options de personnalisation compl\u00e8tes, y compris des logos, des lignes et des num\u00e9ros, pour cr\u00e9er une surface d&rsquo;entra\u00eenement adapt\u00e9e \u00e0 vos besoins. Avec une couche de caoutchouc de 5 mm int\u00e9gr\u00e9e dans son \u00e9paisseur totale de 20 mm, ce gazon offre un amorti sup\u00e9rieur et une sensation de confort pour le pied, r\u00e9duisant ainsi la fatigue pendant les s\u00e9ances d&rsquo;entra\u00eenement intenses. Au-del\u00e0 de la performance, les magnifiques motifs font de ce gazon une pi\u00e8ce ma\u00eetresse d\u00e9corative, am\u00e9liorant l&rsquo;attrait visuel de toute salle de sport ou studio personnel.  <\/p>\n<\/div>\n\n\n\n<div class=\"wp-block-column is-vertically-aligned-center is-layout-flow wp-block-column-is-layout-flow\">\n<figure class=\"wp-block-image size-full\"><img decoding=\"async\" src=\"https:\/\/evolve-fitness.eu\/wp-content\/uploads\/2024\/12\/turf.jpg\" alt=\"EV-AT-CS-20\" class=\"wp-image-171269\"\/><\/figure>\n<\/div>\n<\/div>\n<\/section>\n","protected":false},"excerpt":{"rendered":"<p>Transformez votre centre de remise en forme ou votre aire d&rsquo;entra\u00eenement avec le gazon artificiel Evolve &#8211; la solution parfaite pour cr\u00e9er une surface d&rsquo;entra\u00eenement durable, fonctionnelle et visuellement attrayante. Con\u00e7u pour r\u00e9sister \u00e0 des entra\u00eenements intenses et \u00e0 un trafic important, ce gazon de qualit\u00e9 sup\u00e9rieure offre une excellente adh\u00e9rence, un bon amortissement et une grande polyvalence pour une large gamme d&rsquo;exercices. Que vous am\u00e9nagiez une piste de sprint, une zone de pouss\u00e9e de luge ou une zone de fitness polyvalente, le gazon artificiel Evolve est con\u00e7u pour am\u00e9liorer les performances et l&rsquo;esth\u00e9tique.<\/p>\n","protected":false},"featured_media":101817,"template":"","meta":{"_acf_changed":false,"inline_featured_image":false},"product_cat":[413,855,856],"product_tag":[],"class_list":{"0":"post-101794","1":"product","2":"type-product","3":"status-publish","4":"has-post-thumbnail","6":"product_cat-page-daccueil","7":"product_cat-plates-formes-et-revetements-de-sol","8":"product_cat-revetements-de-sol","10":"first","11":"outofstock","12":"shipping-taxable","13":"purchasable","14":"product-type-simple"},"acf":[],"_links":{"self":[{"href":"https:\/\/store.evolve-fitness.eu\/fr\/wp-json\/wp\/v2\/product\/101794","targetHints":{"allow":["GET"]}}],"collection":[{"href":"https:\/\/store.evolve-fitness.eu\/fr\/wp-json\/wp\/v2\/product"}],"about":[{"href":"https:\/\/store.evolve-fitness.eu\/fr\/wp-json\/wp\/v2\/types\/product"}],"wp:featuredmedia":[{"embeddable":true,"href":"https:\/\/store.evolve-fitness.eu\/fr\/wp-json\/wp\/v2\/media\/101817"}],"wp:attachment":[{"href":"https:\/\/store.evolve-fitness.eu\/fr\/wp-json\/wp\/v2\/media?parent=101794"}],"wp:term":[{"taxonomy":"product_cat","embeddable":true,"href":"https:\/\/store.evolve-fitness.eu\/fr\/wp-json\/wp\/v2\/product_cat?post=101794"},{"taxonomy":"product_tag","embeddable":true,"href":"https:\/\/store.evolve-fitness.eu\/fr\/wp-json\/wp\/v2\/product_tag?post=101794"}],"curies":[{"name":"wp","href":"https:\/\/api.w.org\/{rel}","templated":true}]}}