{"id":101769,"date":"2024-12-13T12:59:40","date_gmt":"2024-12-13T12:59:40","guid":{"rendered":"https:\/\/store.evolve-fitness.eu\/?post_type=product&#038;p=101769"},"modified":"2026-03-13T12:01:43","modified_gmt":"2026-03-13T12:01:43","slug":"ceinture-de-yoga-evolve","status":"publish","type":"product","link":"https:\/\/store.evolve-fitness.eu\/fr\/produit\/ceinture-de-yoga-evolve\/","title":{"rendered":"Ceinture de yoga Evolve"},"content":{"rendered":"\n<p><\/p>\n\n\n\n<p><\/p>\n","protected":false},"excerpt":{"rendered":"<p>La ceinture de yoga Evolve est un accessoire essentiel pour am\u00e9liorer la flexibilit\u00e9, l&rsquo;alignement et la technique. Con\u00e7ue pour les yogis de tous niveaux, cette ceinture durable et r\u00e9glable vous aide \u00e0 approfondir les \u00e9tirements en toute s\u00e9curit\u00e9, \u00e0 tenir des poses difficiles et \u00e0 affiner votre posture. Que vous cherchiez \u00e0 am\u00e9liorer votre souplesse ou que vous ayez besoin d&rsquo;une aide suppl\u00e9mentaire pour certains asanas, la ceinture de yoga Evolve est un outil fiable et polyvalent qui vous permettra d&rsquo;am\u00e9liorer votre pratique.    <\/p>\n<p>\n","protected":false},"featured_media":123654,"template":"","meta":{"_acf_changed":false,"inline_featured_image":false},"product_cat":[476],"product_tag":[],"class_list":{"0":"post-101769","1":"product","2":"type-product","3":"status-publish","4":"has-post-thumbnail","6":"product_cat-studio-fr","8":"first","9":"instock","10":"shipping-taxable","11":"purchasable","12":"product-type-simple"},"acf":[],"_links":{"self":[{"href":"https:\/\/store.evolve-fitness.eu\/fr\/wp-json\/wp\/v2\/product\/101769","targetHints":{"allow":["GET"]}}],"collection":[{"href":"https:\/\/store.evolve-fitness.eu\/fr\/wp-json\/wp\/v2\/product"}],"about":[{"href":"https:\/\/store.evolve-fitness.eu\/fr\/wp-json\/wp\/v2\/types\/product"}],"wp:featuredmedia":[{"embeddable":true,"href":"https:\/\/store.evolve-fitness.eu\/fr\/wp-json\/wp\/v2\/media\/123654"}],"wp:attachment":[{"href":"https:\/\/store.evolve-fitness.eu\/fr\/wp-json\/wp\/v2\/media?parent=101769"}],"wp:term":[{"taxonomy":"product_cat","embeddable":true,"href":"https:\/\/store.evolve-fitness.eu\/fr\/wp-json\/wp\/v2\/product_cat?post=101769"},{"taxonomy":"product_tag","embeddable":true,"href":"https:\/\/store.evolve-fitness.eu\/fr\/wp-json\/wp\/v2\/product_tag?post=101769"}],"curies":[{"name":"wp","href":"https:\/\/api.w.org\/{rel}","templated":true}]}}