{"id":101403,"date":"2024-12-13T11:40:24","date_gmt":"2024-12-13T11:40:24","guid":{"rendered":"https:\/\/store.evolve-fitness.eu\/?post_type=product&#038;p=101403"},"modified":"2026-04-16T12:00:28","modified_gmt":"2026-04-16T12:00:28","slug":"poignees-de-gymnastique-en-neoprene-evolve-prime-series","status":"publish","type":"product","link":"https:\/\/store.evolve-fitness.eu\/fr\/produit\/poignees-de-gymnastique-en-neoprene-evolve-prime-series\/","title":{"rendered":"Poign\u00e9es de gymnastique en n\u00e9opr\u00e8ne Evolve Prime Series"},"content":{"rendered":"\n<section class=\"wp-block-group alignfull black-content has-white-color has-darkgray-background-color has-text-color has-background is-layout-constrained wp-block-group-is-layout-constrained\" style=\"padding-top:var(--wp--preset--spacing--section-bottom);padding-bottom:var(--wp--preset--spacing--section-bottom)\">\n<div class=\"wp-block-columns alignwide mobile-reverse is-layout-flex wp-container-core-columns-is-layout-ca64bf2d wp-block-columns-is-layout-flex\" style=\"margin-bottom:var(--wp--preset--spacing--side-padding)\">\n<div class=\"wp-block-column is-vertically-aligned-center is-layout-flow wp-block-column-is-layout-flow\">\n<h3 class=\"wp-block-heading\" style=\"margin-bottom:var(--wp--preset--spacing--h-3-bottom)\">Une prise en main de premier ordre pour des r\u00e9sultats puissants<\/h3>\n\n\n\n<p>Faites passer votre entra\u00eenement au niveau sup\u00e9rieur avec le <strong>jeu de poign\u00e9es de gymnastique en n\u00e9opr\u00e8ne Evolve Prime Series<\/strong> &#8211; le m\u00e9lange ultime de fonctionnalit\u00e9, de confort et de durabilit\u00e9. Que vous fassiez des exercices avec des machines \u00e0 c\u00e2bles \u00e0 la salle de sport ou des exercices avec des bandes de r\u00e9sistance \u00e0 la maison, ces poign\u00e9es vous donneront l&rsquo;avantage dont vous avez besoin. Le rev\u00eatement en n\u00e9opr\u00e8ne, \u00e0 la fois souple et robuste, offre une prise en main antid\u00e9rapante, m\u00eame pendant les s\u00e9ances les plus intenses, ce qui minimise la fatigue des mains et maximise les performances.  <\/p>\n<\/div>\n\n\n\n<div class=\"wp-block-column is-vertically-aligned-center is-layout-flow wp-block-column-is-layout-flow\">\n<figure class=\"wp-block-video\"><video controls=\"\" src=\"https:\/\/evolve-fitness.eu\/wp-content\/uploads\/2024\/12\/VIDEO-EV-GH-PR-100-Evolve-Prime-Series-Neoprene-Gym-Handle-Set-2.mp4\"><\/video><\/figure>\n<\/div>\n<\/div>\n\n\n\n<div class=\"wp-block-columns is-layout-flex wp-container-core-columns-is-layout-9d6595d7 wp-block-columns-is-layout-flex\">\n<div class=\"wp-block-column is-layout-flow wp-block-column-is-layout-flow\">\n<div class=\"wp-block-columns is-layout-flex wp-container-core-columns-is-layout-9d6595d7 wp-block-columns-is-layout-flex\">\n<div class=\"wp-block-column is-layout-flow wp-block-column-is-layout-flow\">\n<figure class=\"wp-block-image size-large is-style-rounded\"><img decoding=\"async\" src=\"https:\/\/evolve-fitness.eu\/wp-content\/uploads\/2025\/03\/EV-GH-PR-100-Evolve-Prime-Series-Neoprene-Gym-Handle-Set-10-3-1024x683.jpg\" alt=\"\" class=\"wp-image-189545\"\/><\/figure>\n<\/div>\n\n\n\n<div class=\"wp-block-column is-layout-flow wp-block-column-is-layout-flow\">\n<h3 class=\"wp-block-heading\" style=\"margin-bottom:var(--wp--preset--spacing--h-3-bottom)\"><strong>Con\u00e7u pour chaque sc\u00e9nario d&rsquo;entra\u00eenement<\/strong><\/h3>\n\n\n\n<p>Compatible avec une grande vari\u00e9t\u00e9 d&rsquo;\u00e9quipements de fitness, cet ensemble de poign\u00e9es se fixe facilement aux machines \u00e0 c\u00e2bles, aux bandes de r\u00e9sistance et aux syst\u00e8mes de poulies. C&rsquo;est le compl\u00e9ment id\u00e9al pour les rang\u00e9es, les curls, les presses et les flys. Con\u00e7ues avec des coutures renforc\u00e9es et des anneaux en D r\u00e9sistants, ces poign\u00e9es sont con\u00e7ues pour supporter des entra\u00eenements intenses tout en offrant des mouvements fluides et r\u00e9guliers.  <\/p>\n<\/div>\n<\/div>\n<\/div>\n<\/div>\n<\/section>\n","protected":false},"excerpt":{"rendered":"<p>Am\u00e9liorez votre entra\u00eenement avec le set de poign\u00e9es en n\u00e9opr\u00e8ne Evolve Prime Series, l&rsquo;accessoire id\u00e9al pour les exercices de musculation et de r\u00e9sistance. Con\u00e7ues dans un souci de confort et de performance, ces poign\u00e9es en n\u00e9opr\u00e8ne de haute qualit\u00e9 offrent une prise s\u00fbre et r\u00e9duisent la fatigue des mains, ce qui vous permet de vous concentrer sur la r\u00e9alisation de vos objectifs de remise en forme. Parfaites pour les machines \u00e0 c\u00e2bles, les bandes de r\u00e9sistance ou les installations de gym \u00e0 domicile, ces poign\u00e9es durables garantissent une polyvalence et une durabilit\u00e9 maximales pour une large gamme d&rsquo;exercices.<\/p>\n","protected":false},"featured_media":101739,"template":"","meta":{"_acf_changed":false,"inline_featured_image":false},"product_cat":[413,744],"product_tag":[],"class_list":{"0":"post-101403","1":"product","2":"type-product","3":"status-publish","4":"has-post-thumbnail","6":"product_cat-page-daccueil","7":"product_cat-accessoires-fr-2","9":"first","10":"instock","11":"shipping-taxable","12":"purchasable","13":"product-type-simple"},"acf":[],"_links":{"self":[{"href":"https:\/\/store.evolve-fitness.eu\/fr\/wp-json\/wp\/v2\/product\/101403","targetHints":{"allow":["GET"]}}],"collection":[{"href":"https:\/\/store.evolve-fitness.eu\/fr\/wp-json\/wp\/v2\/product"}],"about":[{"href":"https:\/\/store.evolve-fitness.eu\/fr\/wp-json\/wp\/v2\/types\/product"}],"wp:featuredmedia":[{"embeddable":true,"href":"https:\/\/store.evolve-fitness.eu\/fr\/wp-json\/wp\/v2\/media\/101739"}],"wp:attachment":[{"href":"https:\/\/store.evolve-fitness.eu\/fr\/wp-json\/wp\/v2\/media?parent=101403"}],"wp:term":[{"taxonomy":"product_cat","embeddable":true,"href":"https:\/\/store.evolve-fitness.eu\/fr\/wp-json\/wp\/v2\/product_cat?post=101403"},{"taxonomy":"product_tag","embeddable":true,"href":"https:\/\/store.evolve-fitness.eu\/fr\/wp-json\/wp\/v2\/product_tag?post=101403"}],"curies":[{"name":"wp","href":"https:\/\/api.w.org\/{rel}","templated":true}]}}