{"id":100469,"date":"2024-12-13T07:10:55","date_gmt":"2024-12-13T07:10:55","guid":{"rendered":"https:\/\/store.evolve-fitness.eu\/?post_type=product&#038;p=100469"},"modified":"2026-03-13T12:01:41","modified_gmt":"2026-03-13T12:01:41","slug":"bloc-de-yoga-evolve","status":"publish","type":"product","link":"https:\/\/store.evolve-fitness.eu\/fr\/produit\/bloc-de-yoga-evolve\/","title":{"rendered":"Bloc de yoga Evolve"},"content":{"rendered":"\n<p> <mark style=\"background-color:rgba(0, 0, 0, 0);color:#ffffff\" class=\"has-inline-color\">ASD<\/mark><\/p>\n\n<p><\/p>\n","protected":false},"excerpt":{"rendered":"<p>Am\u00e9liorez votre pratique du yoga avec le bloc de yoga Evolve, un accessoire indispensable pour les yogis de tous niveaux. Con\u00e7u pour la stabilit\u00e9 et le soutien, ce bloc l\u00e9ger mais durable vous aide \u00e0 obtenir un alignement correct, \u00e0 approfondir les \u00e9tirements et \u00e0 prendre confiance dans vos poses. Que vous perfectionniez une posture physique difficile ou que vous ayez besoin d&rsquo;un soutien suppl\u00e9mentaire pendant les poses de relaxation, le bloc de yoga Evolve est un outil fiable. Sa surface antid\u00e9rapante et sa conception robuste garantissent confort et s\u00e9curit\u00e9.     <\/p>\n<p>\n","protected":false},"featured_media":100491,"template":"","meta":{"_acf_changed":false,"inline_featured_image":false},"product_cat":[476],"product_tag":[],"class_list":{"0":"post-100469","1":"product","2":"type-product","3":"status-publish","4":"has-post-thumbnail","6":"product_cat-studio-fr","8":"first","9":"instock","10":"shipping-taxable","11":"purchasable","12":"product-type-simple"},"acf":[],"_links":{"self":[{"href":"https:\/\/store.evolve-fitness.eu\/fr\/wp-json\/wp\/v2\/product\/100469","targetHints":{"allow":["GET"]}}],"collection":[{"href":"https:\/\/store.evolve-fitness.eu\/fr\/wp-json\/wp\/v2\/product"}],"about":[{"href":"https:\/\/store.evolve-fitness.eu\/fr\/wp-json\/wp\/v2\/types\/product"}],"wp:featuredmedia":[{"embeddable":true,"href":"https:\/\/store.evolve-fitness.eu\/fr\/wp-json\/wp\/v2\/media\/100491"}],"wp:attachment":[{"href":"https:\/\/store.evolve-fitness.eu\/fr\/wp-json\/wp\/v2\/media?parent=100469"}],"wp:term":[{"taxonomy":"product_cat","embeddable":true,"href":"https:\/\/store.evolve-fitness.eu\/fr\/wp-json\/wp\/v2\/product_cat?post=100469"},{"taxonomy":"product_tag","embeddable":true,"href":"https:\/\/store.evolve-fitness.eu\/fr\/wp-json\/wp\/v2\/product_tag?post=100469"}],"curies":[{"name":"wp","href":"https:\/\/api.w.org\/{rel}","templated":true}]}}