{"id":99323,"date":"2024-09-05T07:55:41","date_gmt":"2024-09-05T07:55:41","guid":{"rendered":"https:\/\/store.evolve-fitness.eu\/?post_type=product&#038;p=99323"},"modified":"2025-03-27T08:04:26","modified_gmt":"2025-03-27T08:04:26","slug":"estanteria-de-barras-verticales-evolve","status":"publish","type":"product","link":"https:\/\/store.evolve-fitness.eu\/es\/producto\/estanteria-de-barras-verticales-evolve\/","title":{"rendered":"Estanter\u00eda de Barras Verticales Evolve"},"content":{"rendered":"","protected":false},"excerpt":{"rendered":"<p>Mant\u00e9n tu espacio de entrenamiento organizado y eficiente con el Soporte Vertical para Barras Evolve, la soluci\u00f3n perfecta para guardar tu colecci\u00f3n de barras. Dise\u00f1ado pensando en la durabilidad y el sentido pr\u00e1ctico, este elegante y robusto soporte puede guardar varias barras de forma segura, ahorrando espacio y manteniendo un \u00e1rea de entrenamiento profesional y ordenada. Ideal para gimnasios dom\u00e9sticos, estudios o instalaciones comerciales, el soporte para barras verticales Evolve garantiza un f\u00e1cil acceso a tu equipo, para que puedas centrarte en tu entrenamiento sin el desorden.  <\/p>\n","protected":false},"featured_media":101207,"template":"","meta":{"_acf_changed":false,"inline_featured_image":false},"product_cat":[432,983,984],"product_tag":[],"class_list":{"0":"post-99323","1":"product","2":"type-product","3":"status-publish","4":"has-post-thumbnail","6":"product_cat-pagina-de-inicio","7":"product_cat-pesos-libres","8":"product_cat-estanterias-y-soluciones-de-almacenamiento","10":"first","11":"instock","12":"shipping-taxable","13":"purchasable","14":"product-type-simple"},"acf":[],"_links":{"self":[{"href":"https:\/\/store.evolve-fitness.eu\/es\/wp-json\/wp\/v2\/product\/99323","targetHints":{"allow":["GET"]}}],"collection":[{"href":"https:\/\/store.evolve-fitness.eu\/es\/wp-json\/wp\/v2\/product"}],"about":[{"href":"https:\/\/store.evolve-fitness.eu\/es\/wp-json\/wp\/v2\/types\/product"}],"wp:featuredmedia":[{"embeddable":true,"href":"https:\/\/store.evolve-fitness.eu\/es\/wp-json\/wp\/v2\/media\/101207"}],"wp:attachment":[{"href":"https:\/\/store.evolve-fitness.eu\/es\/wp-json\/wp\/v2\/media?parent=99323"}],"wp:term":[{"taxonomy":"product_cat","embeddable":true,"href":"https:\/\/store.evolve-fitness.eu\/es\/wp-json\/wp\/v2\/product_cat?post=99323"},{"taxonomy":"product_tag","embeddable":true,"href":"https:\/\/store.evolve-fitness.eu\/es\/wp-json\/wp\/v2\/product_tag?post=99323"}],"curies":[{"name":"wp","href":"https:\/\/api.w.org\/{rel}","templated":true}]}}