{"id":96432,"date":"2024-08-01T06:30:50","date_gmt":"2024-08-01T06:30:50","guid":{"rendered":"https:\/\/store.evolve-fitness.eu\/?post_type=product&#038;p=96432"},"modified":"2026-03-17T12:00:55","modified_gmt":"2026-03-17T12:00:55","slug":"estanteria-evolve-wall-balls-y-powerbags","status":"publish","type":"product","link":"https:\/\/store.evolve-fitness.eu\/es\/producto\/estanteria-evolve-wall-balls-y-powerbags\/","title":{"rendered":"Estanter\u00eda Evolve Wall Balls y Powerbags"},"content":{"rendered":"\n<section class=\"wp-block-group alignfull has-lightgray-background-color has-background is-layout-constrained wp-block-group-is-layout-constrained\">\n<div class=\"wp-block-columns alignwide is-layout-flex wp-container-core-columns-is-layout-2edb0647 wp-block-columns-is-layout-flex\" style=\"margin-top:0;margin-bottom:0\">\n<div class=\"wp-block-column is-layout-flow wp-block-column-is-layout-flow\" style=\"flex-basis:33.33%\"><\/div>\n\n\n\n<div class=\"wp-block-column is-layout-flow wp-block-column-is-layout-flow\" style=\"flex-basis:66.66%\"><\/div>\n<\/div>\n<\/section>\n","protected":false},"excerpt":{"rendered":"<p>Mejora la organizaci\u00f3n y accesibilidad de tu gimnasio con la estanter\u00eda Evolve para pelotas de pared y Powerbags, una soluci\u00f3n de almacenamiento elegante y resistente dise\u00f1ada para el espacio de fitness moderno. Esta estanter\u00eda est\u00e1 dise\u00f1ada por expertos para almacenar y exponer de forma ordenada una gran variedad de pelotas de pared y powerbags, de modo que sean f\u00e1cilmente accesibles y est\u00e9n organizados de forma eficaz. Ideal tanto para gimnasios comerciales como para zonas de entrenamiento dom\u00e9sticas, la estanter\u00eda Evolve garantiza que su espacio de entrenamiento permanezca despejado y seguro. Su robusta construcci\u00f3n y cuidado dise\u00f1o se adaptan a m\u00faltiples tama\u00f1os y pesos, mostrando el compromiso de Evolve con la durabilidad y la funcionalidad. El tama\u00f1o compacto del soporte maximiza el espacio en el suelo, al tiempo que mejora el atractivo est\u00e9tico de tu gimnasio. Al integrar el soporte para bolas de pared y powerbags Evolve en tu entorno de fitness, no s\u00f3lo inviertes en una organizaci\u00f3n superior del equipamiento, sino que tambi\u00e9n fomentas una experiencia de entrenamiento m\u00e1s productiva y racionalizada.  <\/p>\n","protected":false},"featured_media":96242,"template":"","meta":{"_acf_changed":false,"inline_featured_image":false},"product_cat":[574,2143,576],"product_tag":[],"class_list":{"0":"post-96432","1":"product","2":"type-product","3":"status-publish","4":"has-post-thumbnail","6":"product_cat-transversal-y-funcional","7":"product_cat-almacenamiento-es","8":"product_cat-equipamiento-funcional","10":"first","11":"instock","12":"shipping-taxable","13":"purchasable","14":"product-type-simple"},"acf":[],"_links":{"self":[{"href":"https:\/\/store.evolve-fitness.eu\/es\/wp-json\/wp\/v2\/product\/96432","targetHints":{"allow":["GET"]}}],"collection":[{"href":"https:\/\/store.evolve-fitness.eu\/es\/wp-json\/wp\/v2\/product"}],"about":[{"href":"https:\/\/store.evolve-fitness.eu\/es\/wp-json\/wp\/v2\/types\/product"}],"wp:featuredmedia":[{"embeddable":true,"href":"https:\/\/store.evolve-fitness.eu\/es\/wp-json\/wp\/v2\/media\/96242"}],"wp:attachment":[{"href":"https:\/\/store.evolve-fitness.eu\/es\/wp-json\/wp\/v2\/media?parent=96432"}],"wp:term":[{"taxonomy":"product_cat","embeddable":true,"href":"https:\/\/store.evolve-fitness.eu\/es\/wp-json\/wp\/v2\/product_cat?post=96432"},{"taxonomy":"product_tag","embeddable":true,"href":"https:\/\/store.evolve-fitness.eu\/es\/wp-json\/wp\/v2\/product_tag?post=96432"}],"curies":[{"name":"wp","href":"https:\/\/api.w.org\/{rel}","templated":true}]}}