{"id":96187,"date":"2024-07-31T14:43:55","date_gmt":"2024-07-31T14:43:55","guid":{"rendered":"https:\/\/store.evolve-fitness.eu\/?post_type=product&#038;p=96187"},"modified":"2026-04-30T12:00:51","modified_gmt":"2026-04-30T12:00:51","slug":"escaleras-de-velocidad-evolve","status":"publish","type":"product","link":"https:\/\/store.evolve-fitness.eu\/es\/producto\/escaleras-de-velocidad-evolve\/","title":{"rendered":"Escaleras de velocidad Evolve"},"content":{"rendered":"\n<p> <mark style=\"background-color:rgba(0, 0, 0, 0);color:#ffffff\" class=\"has-inline-color\">ASD<\/mark><\/p>\n\n<p><\/p>\n","protected":false},"excerpt":{"rendered":"<p>Eleva tu entrenamiento con la Escalera de Velocidad Evolve, la herramienta definitiva para atletas, entusiastas del fitness y cualquiera que busque potenciar su agilidad, velocidad y coordinaci\u00f3n. Dise\u00f1ada para su uso tanto en interiores como en exteriores, esta vers\u00e1til escalera de entrenamiento es perfecta para calentar, mejorar el juego de pies o dominar los movimientos explosivos. La Escalera de Velocidad Evolve es ligera, duradera y f\u00e1cil de montar, lo que la convierte en un complemento esencial para tu rutina de entrenamiento.  <\/p>\n<p>\n","protected":false},"featured_media":100381,"template":"","meta":{"_acf_changed":false,"inline_featured_image":false},"product_cat":[2410,576,536],"product_tag":[],"class_list":{"0":"post-96187","1":"product","2":"type-product","3":"status-publish","4":"has-post-thumbnail","6":"product_cat-engranaje-hyrox","7":"product_cat-equipamiento-funcional","8":"product_cat-estudio-es","10":"first","11":"outofstock","12":"shipping-taxable","13":"purchasable","14":"product-type-simple"},"acf":[],"_links":{"self":[{"href":"https:\/\/store.evolve-fitness.eu\/es\/wp-json\/wp\/v2\/product\/96187","targetHints":{"allow":["GET"]}}],"collection":[{"href":"https:\/\/store.evolve-fitness.eu\/es\/wp-json\/wp\/v2\/product"}],"about":[{"href":"https:\/\/store.evolve-fitness.eu\/es\/wp-json\/wp\/v2\/types\/product"}],"wp:featuredmedia":[{"embeddable":true,"href":"https:\/\/store.evolve-fitness.eu\/es\/wp-json\/wp\/v2\/media\/100381"}],"wp:attachment":[{"href":"https:\/\/store.evolve-fitness.eu\/es\/wp-json\/wp\/v2\/media?parent=96187"}],"wp:term":[{"taxonomy":"product_cat","embeddable":true,"href":"https:\/\/store.evolve-fitness.eu\/es\/wp-json\/wp\/v2\/product_cat?post=96187"},{"taxonomy":"product_tag","embeddable":true,"href":"https:\/\/store.evolve-fitness.eu\/es\/wp-json\/wp\/v2\/product_tag?post=96187"}],"curies":[{"name":"wp","href":"https:\/\/api.w.org\/{rel}","templated":true}]}}