{"id":89856,"date":"2024-07-10T13:10:43","date_gmt":"2024-07-10T13:10:43","guid":{"rendered":"https:\/\/store.evolve-fitness.eu\/?post_type=product&#038;p=89856"},"modified":"2026-04-11T12:00:53","modified_gmt":"2026-04-11T12:00:53","slug":"evolve-aerobic-step-5","status":"publish","type":"product","link":"https:\/\/store.evolve-fitness.eu\/es\/producto\/evolve-aerobic-step-5\/","title":{"rendered":"Evolve Aerobic Step"},"content":{"rendered":"\n<p> <mark style=\"background-color:rgba(0, 0, 0, 0);color:#ffffff\" class=\"has-inline-color\">ASD<\/mark><\/p>\n\n<p><\/p>\n\n<section class=\"wp-block-group alignfull black-content has-white-color has-darkgray-background-color has-text-color has-background is-layout-constrained wp-block-group-is-layout-constrained\" style=\"padding-top:var(--wp--preset--spacing--section-bottom);padding-bottom:var(--wp--preset--spacing--section-bottom)\">\n<div class=\"wp-block-columns alignwide mobile-reverse is-layout-flex wp-container-core-columns-is-layout-ca64bf2d wp-block-columns-is-layout-flex\" style=\"margin-bottom:var(--wp--preset--spacing--side-padding)\">\n<div class=\"wp-block-column is-vertically-aligned-center is-layout-flow wp-block-column-is-layout-flow\">\n<h3 class=\"wp-block-heading\" style=\"margin-bottom:var(--wp--preset--spacing--h-3-bottom)\"><strong>Evolve Aerobic Step<\/strong><\/h3>\n\n\n\n<p><strong><em>Herramienta vers\u00e1til para el entrenamiento cardiovascular y de fuerza<\/em><\/strong><\/p>\n\n\n\n<p style=\"margin-bottom:var(--wp--preset--spacing--tb-section-padding)\">El step aer\u00f3bico Evolve es una herramienta de fitness esencial dise\u00f1ada para mejorar tus rutinas de entrenamiento cardiovascular y de fuerza. Perfecto para los ejercicios aer\u00f3bicos de step, ayuda a mejorar la salud cardiovascular, tonificar los m\u00fasculos y aumentar la resistencia. Tambi\u00e9n es ideal para ejercicios de fuerza como las flexiones inclinadas y los step-ups, dirigidos a las piernas y la parte superior del cuerpo.<\/p>\n<\/div>\n\n\n\n<div class=\"wp-block-column is-vertically-aligned-center is-layout-flow wp-block-column-is-layout-flow\">\n<figure class=\"wp-block-image size-large\"><img loading=\"lazy\" decoding=\"async\" width=\"1024\" height=\"683\" src=\"https:\/\/store.evolve-fitness.eu\/wp-content\/uploads\/2024\/07\/A7_05605-1-1024x683.png\" alt=\"\" class=\"wp-image-138710\" srcset=\"https:\/\/store.evolve-fitness.eu\/wp-content\/uploads\/2024\/07\/A7_05605-1-1024x683.png 1024w, https:\/\/store.evolve-fitness.eu\/wp-content\/uploads\/2024\/07\/A7_05605-1-300x200.png 300w, https:\/\/store.evolve-fitness.eu\/wp-content\/uploads\/2024\/07\/A7_05605-1-768x512.png 768w, https:\/\/store.evolve-fitness.eu\/wp-content\/uploads\/2024\/07\/A7_05605-1-1536x1024.png 1536w, https:\/\/store.evolve-fitness.eu\/wp-content\/uploads\/2024\/07\/A7_05605-1-2048x1365.png 2048w, https:\/\/store.evolve-fitness.eu\/wp-content\/uploads\/2024\/07\/A7_05605-1-600x400.png 600w\" sizes=\"auto, (max-width: 1024px) 100vw, 1024px\" \/><\/figure>\n<\/div>\n<\/div>\n<\/section>\n","protected":false},"excerpt":{"rendered":"<p>Presentamos el step aer\u00f3bico Evolve: tu compa\u00f1ero de fitness definitivo. Con tres alturas ajustables (15 cm, 20 cm y 25 cm), este pelda\u00f1o se adapta a distintas intensidades de ejercicio. Su superficie texturizada antideslizante garantiza estabilidad y seguridad durante los entrenamientos. Tanto si te instalas en un gimnasio comercial como en casa, su dise\u00f1o compacto ocupa poco espacio. Adem\u00e1s, es muy f\u00e1cil de limpiar, incluso despu\u00e9s de sesiones de alta intensidad. Eleve su rutina de fitness con el Evolve Aerobic Step.<\/p>\n<p>\n","protected":false},"featured_media":138935,"template":"","meta":{"_acf_changed":false,"inline_featured_image":false},"product_cat":[536],"product_tag":[],"class_list":{"0":"post-89856","1":"product","2":"type-product","3":"status-publish","4":"has-post-thumbnail","6":"product_cat-estudio-es","8":"first","9":"instock","10":"sale","11":"shipping-taxable","12":"purchasable","13":"product-type-simple"},"acf":[],"_links":{"self":[{"href":"https:\/\/store.evolve-fitness.eu\/es\/wp-json\/wp\/v2\/product\/89856","targetHints":{"allow":["GET"]}}],"collection":[{"href":"https:\/\/store.evolve-fitness.eu\/es\/wp-json\/wp\/v2\/product"}],"about":[{"href":"https:\/\/store.evolve-fitness.eu\/es\/wp-json\/wp\/v2\/types\/product"}],"wp:featuredmedia":[{"embeddable":true,"href":"https:\/\/store.evolve-fitness.eu\/es\/wp-json\/wp\/v2\/media\/138935"}],"wp:attachment":[{"href":"https:\/\/store.evolve-fitness.eu\/es\/wp-json\/wp\/v2\/media?parent=89856"}],"wp:term":[{"taxonomy":"product_cat","embeddable":true,"href":"https:\/\/store.evolve-fitness.eu\/es\/wp-json\/wp\/v2\/product_cat?post=89856"},{"taxonomy":"product_tag","embeddable":true,"href":"https:\/\/store.evolve-fitness.eu\/es\/wp-json\/wp\/v2\/product_tag?post=89856"}],"curies":[{"name":"wp","href":"https:\/\/api.w.org\/{rel}","templated":true}]}}