{"id":76113,"date":"2024-06-06T06:00:45","date_gmt":"2024-06-06T06:00:45","guid":{"rendered":"https:\/\/store.evolve-fitness.eu\/?post_type=product&#038;p=76113"},"modified":"2025-12-03T13:29:31","modified_gmt":"2025-12-03T13:29:31","slug":"jalon-hacia-abajo-evolve-ultra-series","status":"publish","type":"product","link":"https:\/\/store.evolve-fitness.eu\/es\/producto\/jalon-hacia-abajo-evolve-ultra-series\/","title":{"rendered":"Jal\u00f3n hacia abajo Evolve Ultra Series"},"content":{"rendered":"\n<section class=\"wp-block-group alignfull black-content has-white-color has-darkgray-background-color has-text-color has-background is-layout-constrained wp-block-group-is-layout-constrained\" style=\"padding-top:var(--wp--preset--spacing--section-bottom);padding-bottom:var(--wp--preset--spacing--section-bottom)\">\n<section class=\"wp-block-group alignfull black-content has-white-color has-darkgray-background-color has-text-color has-background is-layout-constrained wp-block-group-is-layout-constrained\" style=\"padding-top:var(--wp--preset--spacing--section-bottom);padding-bottom:var(--wp--preset--spacing--section-bottom)\">\n<div class=\"wp-block-columns alignwide mobile-reverse is-layout-flex wp-container-core-columns-is-layout-ca64bf2d wp-block-columns-is-layout-flex\" style=\"margin-bottom:var(--wp--preset--spacing--side-padding)\">\n<div class=\"wp-block-column is-vertically-aligned-center is-layout-flow wp-block-column-is-layout-flow\">\n<h3 class=\"wp-block-heading\" style=\"margin-bottom:var(--wp--preset--spacing--h-3-bottom)\"><strong>PLATO DE PRESI\u00d3N<\/strong><\/h3>\n\n\n\n<p><strong><em><strong><em>Ampl\u00eda la resistencia m\u00e1xima<\/em><\/strong><\/em><\/strong><\/p>\n\n\n\n<p>La prensa de hombros selectorizada de la serie Evolve Ultra tiene dos placas de peso superior adicionales de 2,5 kg que cumplen una doble funci\u00f3n al mejorar el rendimiento de la m\u00e1quina de ejercicios. En primer lugar, ampl\u00eda la resistencia m\u00e1xima que puede proporcionar la m\u00e1quina, lo que permite a los usuarios desafiarse a\u00fan m\u00e1s en sus entrenamientos.<br\/>Adem\u00e1s, estos platos de pesas adicionales ofrecen una ventaja \u00fanica al permitir a los usuarios realizar incrementos m\u00e1s peque\u00f1os y precisos en sus ajustes de resistencia, ya que cada plato proporciona un aumento de 2,5 kg. Esta precisi\u00f3n en la selecci\u00f3n de la resistencia permite a las personas ajustar sus entrenamientos para satisfacer sus necesidades y objetivos espec\u00edficos, garantizando que cada sesi\u00f3n de ejercicio se adapte para optimizar los resultados.<\/p>\n<\/div>\n\n\n\n<div class=\"wp-block-column is-vertically-aligned-center is-layout-flow wp-block-column-is-layout-flow\">\n<figure class=\"wp-block-image size-full is-resized\"><img loading=\"lazy\" decoding=\"async\" width=\"600\" height=\"609\" src=\"https:\/\/store.evolve-fitness.eu\/wp-content\/uploads\/2024\/06\/plate-600x609-1.webp\" alt=\"\" class=\"wp-image-76131\" style=\"width:857px;height:auto\" srcset=\"https:\/\/store.evolve-fitness.eu\/wp-content\/uploads\/2024\/06\/plate-600x609-1.webp 600w, https:\/\/store.evolve-fitness.eu\/wp-content\/uploads\/2024\/06\/plate-600x609-1-296x300.webp 296w\" sizes=\"auto, (max-width: 600px) 100vw, 600px\" \/><\/figure>\n<\/div>\n<\/div>\n\n\n\n<div class=\"wp-block-columns alignwide mobile-reverse is-layout-flex wp-container-core-columns-is-layout-ca64bf2d wp-block-columns-is-layout-flex\" style=\"margin-bottom:var(--wp--preset--spacing--side-padding)\">\n<div class=\"wp-block-column is-vertically-aligned-center is-layout-flow wp-block-column-is-layout-flow\">\n<figure class=\"wp-block-video\"><video height=\"1080\" style=\"aspect-ratio: 1920 \/ 1080;\" width=\"1920\" controls=\"\" src=\"https:\/\/store.evolve-fitness.eu\/wp-content\/uploads\/2024\/06\/UL-040-Weight-Stack.mp4\"><\/video><\/figure>\n<\/div>\n\n\n\n<div class=\"wp-block-column is-vertically-aligned-center is-layout-flow wp-block-column-is-layout-flow\">\n<h3 class=\"wp-block-heading\" style=\"margin-bottom:var(--wp--preset--spacing--h-3-bottom)\"><strong>PILA DE PESO<\/strong><\/h3>\n\n\n\n<p><strong><em><strong><em>Personaliza y a\u00f1ade<\/em><\/strong><\/em><\/strong><\/p>\n\n\n\n<p>La m\u00e1quina de prensa de hombros selectorizada Evolve Serie Ultra est\u00e1 equipada con un nivel de resistencia de 85 kg, pero tambi\u00e9n tienes la opci\u00f3n de personalizarla y a\u00f1adirla hasta 122,5 kg para una experiencia de entrenamiento a\u00fan m\u00e1s desafiante. Cuenta con una pila de pesas totalmente cerrada que garantiza la seguridad de tus ejercicios.<\/p>\n<\/div>\n<\/div>\n\n\n\n<div class=\"wp-block-columns alignwide mobile-reverse is-layout-flex wp-container-core-columns-is-layout-ca64bf2d wp-block-columns-is-layout-flex\" style=\"margin-bottom:var(--wp--preset--spacing--side-padding)\">\n<div class=\"wp-block-column is-vertically-aligned-center is-layout-flow wp-block-column-is-layout-flow\">\n<h3 class=\"wp-block-heading\" style=\"margin-bottom:var(--wp--preset--spacing--h-3-bottom)\"><strong>CABLE<\/strong><\/h3>\n\n\n\n<p><strong><em><strong><em>Calidad superior<\/em><\/strong><\/em><\/strong><\/p>\n\n\n\n<p>Las m\u00e1quinas de la serie Evolve Ultra utilizan cables de calidad superior, hay seis filamentos principales, y cada filamento consta de 19 hilos trenzados entre s\u00ed, material de Poliamida 12 (PA12) y un di\u00e1metro de 5 mm. Estos cables est\u00e1n dise\u00f1ados para ofrecer resistencia y durabilidad, con una fuerza de rotura de 9.000 kN, lo que los convierte en la opci\u00f3n preferida para aplicaciones en las que se necesita una fiabilidad, durabilidad y rendimiento excepcionales.Cuando pasas de un ejercicio a otro, ya sean flexiones de b\u00edceps, prensas de pecho, dominadas o cualquier otra actividad de fortalecimiento, el excepcional rendimiento de los cables de la serie Evolve Ultra garantiza que tus movimientos sean suaves y la resistencia constante, lo que promueve una experiencia de entrenamiento que es a la vez eficaz y agradable.<\/p>\n<\/div>\n\n\n\n<div class=\"wp-block-column is-vertically-aligned-center is-layout-flow wp-block-column-is-layout-flow\">\n<figure class=\"wp-block-video\"><video height=\"720\" style=\"aspect-ratio: 1280 \/ 720;\" width=\"1280\" controls=\"\" src=\"https:\/\/store.evolve-fitness.eu\/wp-content\/uploads\/2024\/06\/Evolve-cable.mp4\"><\/video><\/figure>\n<\/div>\n<\/div>\n\n\n\n<div class=\"wp-block-columns alignwide mobile-reverse is-layout-flex wp-container-core-columns-is-layout-ca64bf2d wp-block-columns-is-layout-flex\" style=\"margin-bottom:var(--wp--preset--spacing--side-padding)\">\n<div class=\"wp-block-column is-vertically-aligned-center is-layout-flow wp-block-column-is-layout-flow\">\n<figure class=\"wp-block-video\"><video height=\"720\" style=\"aspect-ratio: 1280 \/ 720;\" width=\"1280\" controls=\"\" src=\"https:\/\/store.evolve-fitness.eu\/wp-content\/uploads\/2024\/06\/Evolve-Double-powder-coated-Frame.mp4\"><\/video><\/figure>\n<\/div>\n\n\n\n<div class=\"wp-block-column is-vertically-aligned-center is-layout-flow wp-block-column-is-layout-flow\">\n<h3 class=\"wp-block-heading\" style=\"margin-bottom:var(--wp--preset--spacing--h-3-bottom)\"><strong>DOBLE RECUBRIMIENTO EN POLVO<\/strong><\/h3>\n\n\n\n<p><strong><em><strong><em>Recubrimiento electrost\u00e1tico en polvo<\/em><\/strong><\/em><\/strong><\/p>\n\n\n\n<p style=\"margin-bottom:var(--wp--preset--spacing--tb-section-padding)\">Las m\u00e1quinas de fuerza de la serie Evolve Ultra, con armaz\u00f3n recubierto de polvo electrost\u00e1tico negro perla mate, ejemplifican tanto la forma como la funci\u00f3n. Su atractivo est\u00e9tico se ve realzado por el acabado negro mate, mientras que sus caracter\u00edsticas pr\u00e1cticas, como la resistencia a la fricci\u00f3n, las propiedades anticorrosi\u00f3n y la resistencia a los ara\u00f1azos, garantizan que sea un compa\u00f1ero de fitness fiable y duradero.<\/p>\n\n\n\n<p><strong><em>Protectores de suelo de goma moldeada de alta resistencia<\/em><\/strong><\/p>\n\n\n\n<p>Las robustas patas de goma de la Serie Evolve Ultra sirven como escudos protectores para evitar cualquier posible da\u00f1o a tus suelos. Estas resistentes patas de goma est\u00e1n dise\u00f1adas para proteger las superficies de tu suelo de cualquier da\u00f1o que pueda producirse durante el uso. Adem\u00e1s, estos pies de goma no s\u00f3lo ofrecen protecci\u00f3n, sino que tambi\u00e9n contribuyen a la estabilidad.<\/p>\n<\/div>\n<\/div>\n<\/section>\n<\/section>\n","protected":false},"excerpt":{"rendered":"<p>Eleva tus entrenamientos de pecho con la prensa pectoral selectorizada Evolve Serie Ultra, UL-010. Dise\u00f1ado para ofrecer comodidad y rendimiento, cuenta con asientos moldeados, movimiento independiente de los brazos y una cubierta para las pesas. Con un elegante acabado mate, \u00f3ptimas empu\u00f1aduras y ajuste del asiento sin esfuerzo, la UL-010 es el culmen de la innovaci\u00f3n para tu gimnasio.<\/p>\n","protected":false},"featured_media":81263,"template":"","meta":{"_acf_changed":false,"inline_featured_image":false},"product_cat":[1139,1221,432],"product_tag":[],"class_list":{"0":"post-76113","1":"product","2":"type-product","3":"status-publish","4":"has-post-thumbnail","6":"product_cat-maquinas-selectorizadas","7":"product_cat-maquinas-selectorizadas-ultra-series","8":"product_cat-pagina-de-inicio","10":"first","11":"instock","12":"shipping-taxable","13":"purchasable","14":"product-type-simple"},"acf":[],"_links":{"self":[{"href":"https:\/\/store.evolve-fitness.eu\/es\/wp-json\/wp\/v2\/product\/76113","targetHints":{"allow":["GET"]}}],"collection":[{"href":"https:\/\/store.evolve-fitness.eu\/es\/wp-json\/wp\/v2\/product"}],"about":[{"href":"https:\/\/store.evolve-fitness.eu\/es\/wp-json\/wp\/v2\/types\/product"}],"wp:featuredmedia":[{"embeddable":true,"href":"https:\/\/store.evolve-fitness.eu\/es\/wp-json\/wp\/v2\/media\/81263"}],"wp:attachment":[{"href":"https:\/\/store.evolve-fitness.eu\/es\/wp-json\/wp\/v2\/media?parent=76113"}],"wp:term":[{"taxonomy":"product_cat","embeddable":true,"href":"https:\/\/store.evolve-fitness.eu\/es\/wp-json\/wp\/v2\/product_cat?post=76113"},{"taxonomy":"product_tag","embeddable":true,"href":"https:\/\/store.evolve-fitness.eu\/es\/wp-json\/wp\/v2\/product_tag?post=76113"}],"curies":[{"name":"wp","href":"https:\/\/api.w.org\/{rel}","templated":true}]}}