{"id":61738,"date":"2024-05-24T08:18:12","date_gmt":"2024-05-24T08:18:12","guid":{"rendered":"https:\/\/store.evolve-fitness.eu\/?post_type=product&#038;p=61738"},"modified":"2024-06-19T22:08:19","modified_gmt":"2024-06-19T22:08:19","slug":"escuadra-de-cinturon-cargada-con-placas-evolve-serie-ultra","status":"publish","type":"product","link":"https:\/\/store.evolve-fitness.eu\/es\/producto\/escuadra-de-cinturon-cargada-con-placas-evolve-serie-ultra\/","title":{"rendered":"Escuadra de cintur\u00f3n cargada con placas Evolve Serie Ultra"},"content":{"rendered":"\n<section class=\"wp-block-group alignfull black-content has-white-color has-darkgray-background-color has-text-color has-background is-layout-constrained wp-block-group-is-layout-constrained\" style=\"padding-top:var(--wp--preset--spacing--section-bottom);padding-bottom:var(--wp--preset--spacing--section-bottom)\">\n<h3 class=\"wp-block-heading has-text-align-center\" style=\"padding-top:var(--wp--preset--spacing--section-title-bottom);padding-bottom:var(--wp--preset--spacing--section-title-bottom)\"><strong>\n  <strong>\n    <strong>Cintur\u00f3n cargado con placas Evolve Serie Ultra<\/strong>\n  <\/strong>\n<\/strong> escuadra<\/h3>\n\n\n\n<section class=\"wp-block-group alignfull black-content has-white-color has-darkgray-background-color has-text-color has-background is-layout-constrained wp-block-group-is-layout-constrained\" style=\"margin-bottom:0;padding-top:var(--wp--preset--spacing--tb-padding);padding-bottom:var(--wp--preset--spacing--tb-padding)\">\n<div class=\"wp-block-columns alignwide mobile-reverse is-layout-flex wp-container-core-columns-is-layout-7a02faa9 wp-block-columns-is-layout-flex\" style=\"margin-bottom:var(--wp--preset--spacing--tb-section-padding)\">\n<div class=\"wp-block-column is-vertically-aligned-center is-layout-flow wp-block-column-is-layout-flow\">\n<h3 class=\"wp-block-heading\" style=\"margin-bottom:var(--wp--preset--spacing--h-3-bottom)\"><strong>COMPROMISO MUSCULAR ESPEC\u00cdFICO<\/strong><\/h3>\n\n\n\n<p><strong><em><strong><strong><strong><strong><strong><strong><em><strong>Movimiento unilateral de brazos (disponible en algunas m\u00e1quinas)<\/strong><\/em><\/strong><\/strong><\/strong><\/strong><\/strong><\/strong><\/em><\/strong><\/p>\n\n\n\n<p style=\"margin-bottom:var(--wp--preset--spacing--tb-section-padding)\">El cintur\u00f3n cargado con placas Evolve Ultra Series es un accesorio vers\u00e1til y esencial dise\u00f1ado para mejorar los ejercicios de levantamiento de pesas y entrenamiento de resistencia. Fabricado pensando en la durabilidad y la funcionalidad, este cintur\u00f3n proporciona apoyo y estabilidad esenciales a la zona lumbar y el tronco durante las sesiones de levantamiento de cargas pesadas. Su dise\u00f1o ajustable permite un ajuste personalizado, que se adapta a usuarios de distintos tipos y tama\u00f1os de cuerpo. Al promover una postura y alineaci\u00f3n adecuadas, el cintur\u00f3n ayuda a reducir el riesgo de lesiones y tensiones, permitiendo a los usuarios levantar pesos m\u00e1s pesados con confianza y seguridad. Tanto si realizas sentadillas, peso muerto u otros ejercicios compuestos, el Cintur\u00f3n con Placas Evolve Serie Ultra ofrece un apoyo esencial para maximizar las ganancias de fuerza y optimizar el rendimiento del entrenamiento.<\/p>\n\n\n\n<h3 class=\"wp-block-heading\" style=\"margin-bottom:var(--wp--preset--spacing--h-3-bottom)\"><strong>RESISTENCIA REGULABLE<\/strong><\/h3>\n\n\n\n<p><strong><em><strong>Pilas de pesas personalizables<\/strong><\/em><\/strong><\/p>\n\n\n\n<p>Los usuarios pueden ajustar f\u00e1cilmente los niveles de resistencia a\u00f1adiendo o quitando placas de peso, lo que permite realizar entrenamientos a medida que se adaptan a los niveles de fuerza y progresi\u00f3n individuales de la pantorrilla. Ya sea para aumentar la resistencia o la fuerza de las pantorrillas, la resistencia ajustable proporciona versatilidad para adaptarse a diversos objetivos de entrenamiento.<\/p>\n<\/div>\n\n\n\n<div class=\"wp-block-column is-vertically-aligned-center is-layout-flow wp-block-column-is-layout-flow\">\n<figure class=\"wp-block-image size-full is-resized is-style-rounded\"><img loading=\"lazy\" decoding=\"async\" width=\"810\" height=\"810\" src=\"https:\/\/store.evolve-fitness.eu\/wp-content\/uploads\/2024\/05\/Dizainas-be-pavadinimo-41.png\" alt=\"\" class=\"wp-image-61856\" style=\"aspect-ratio:1.1333333333333333;object-fit:cover;width:943px;height:auto\" srcset=\"https:\/\/store.evolve-fitness.eu\/wp-content\/uploads\/2024\/05\/Dizainas-be-pavadinimo-41.png 810w, https:\/\/store.evolve-fitness.eu\/wp-content\/uploads\/2024\/05\/Dizainas-be-pavadinimo-41-300x300.png 300w, https:\/\/store.evolve-fitness.eu\/wp-content\/uploads\/2024\/05\/Dizainas-be-pavadinimo-41-150x150.png 150w, https:\/\/store.evolve-fitness.eu\/wp-content\/uploads\/2024\/05\/Dizainas-be-pavadinimo-41-768x768.png 768w, https:\/\/store.evolve-fitness.eu\/wp-content\/uploads\/2024\/05\/Dizainas-be-pavadinimo-41-600x600.png 600w, https:\/\/store.evolve-fitness.eu\/wp-content\/uploads\/2024\/05\/Dizainas-be-pavadinimo-41-100x100.png 100w\" sizes=\"auto, (max-width: 810px) 100vw, 810px\" \/><\/figure>\n<\/div>\n<\/div>\n\n\n\n<div class=\"wp-block-columns alignwide mobile-reverse is-layout-flex wp-container-core-columns-is-layout-7a02faa9 wp-block-columns-is-layout-flex\" style=\"margin-bottom:var(--wp--preset--spacing--tb-section-padding)\">\n<div class=\"wp-block-column is-vertically-aligned-center is-layout-flow wp-block-column-is-layout-flow\">\n<figure class=\"wp-block-image alignleft size-large is-resized is-style-rounded\"><img loading=\"lazy\" decoding=\"async\" width=\"1024\" height=\"1024\" src=\"https:\/\/store.evolve-fitness.eu\/wp-content\/uploads\/2024\/05\/Dizainas-be-pavadinimo-40-1024x1024.png\" alt=\"\" class=\"wp-image-61831\" style=\"aspect-ratio:1.1333333333333333;object-fit:cover;width:872px;height:auto\" srcset=\"https:\/\/store.evolve-fitness.eu\/wp-content\/uploads\/2024\/05\/Dizainas-be-pavadinimo-40-1024x1024.png 1024w, https:\/\/store.evolve-fitness.eu\/wp-content\/uploads\/2024\/05\/Dizainas-be-pavadinimo-40-300x300.png 300w, https:\/\/store.evolve-fitness.eu\/wp-content\/uploads\/2024\/05\/Dizainas-be-pavadinimo-40-150x150.png 150w, https:\/\/store.evolve-fitness.eu\/wp-content\/uploads\/2024\/05\/Dizainas-be-pavadinimo-40-768x768.png 768w, https:\/\/store.evolve-fitness.eu\/wp-content\/uploads\/2024\/05\/Dizainas-be-pavadinimo-40-600x600.png 600w, https:\/\/store.evolve-fitness.eu\/wp-content\/uploads\/2024\/05\/Dizainas-be-pavadinimo-40-100x100.png 100w, https:\/\/store.evolve-fitness.eu\/wp-content\/uploads\/2024\/05\/Dizainas-be-pavadinimo-40.png 1080w\" sizes=\"auto, (max-width: 1024px) 100vw, 1024px\" \/><\/figure>\n<\/div>\n\n\n\n<div class=\"wp-block-column is-vertically-aligned-center is-layout-flow wp-block-column-is-layout-flow\">\n<h3 class=\"wp-block-heading\" style=\"margin-bottom:var(--wp--preset--spacing--h-3-bottom)\"><strong>DISE\u00d1O C\u00d3MODO<\/strong><\/h3>\n\n\n\n<p><strong><em><strong><strong><strong><strong><strong><em><strong>Acolchado y asas ergon\u00f3micos<\/strong><\/em><\/strong><\/strong><\/strong><\/strong><\/strong><\/em><\/strong><\/p>\n\n\n\n<p style=\"margin-bottom:var(--wp--preset--spacing--tb-section-padding)\">Dise\u00f1ada pensando en la comodidad del usuario, la m\u00e1quina de elevaci\u00f3n de pantorrillas en posici\u00f3n sentada cuenta con almohadillas y asas ergon\u00f3micas que favorecen la correcta colocaci\u00f3n de las piernas y el apoyo durante los ejercicios.<\/p>\n<\/div>\n<\/div>\n\n\n\n<div class=\"wp-block-columns alignwide mobile-reverse is-layout-flex wp-container-core-columns-is-layout-035fa626 wp-block-columns-is-layout-flex\" style=\"margin-bottom:var(--wp--preset--spacing--side-padding);padding-top:var(--wp--preset--spacing--tb-padding);padding-bottom:var(--wp--preset--spacing--tb-padding)\">\n<div class=\"wp-block-column is-vertically-aligned-center is-layout-flow wp-block-column-is-layout-flow\">\n<h3 class=\"wp-block-heading\" style=\"margin-bottom:var(--wp--preset--spacing--h-3-bottom)\"><strong><strong><strong><strong><strong><strong>TAMA\u00d1O COMPACTO<\/strong><\/strong><\/strong><\/strong><\/strong><\/strong><\/h3>\n\n\n\n<p><strong><em><strong><strong><strong><strong><strong><strong><strong><strong><strong><em><strong>Dise\u00f1o que ahorra espacio<\/strong><\/em><\/strong><\/strong><\/strong><\/strong><\/strong><\/strong><\/strong><\/strong><\/strong><\/em><\/strong><\/p>\n\n\n\n<p style=\"margin-bottom:var(--wp--preset--spacing--tb-section-padding)\">A pesar de su funcionalidad, la m\u00e1quina Standing Leg Curl ocupa poco espacio, por lo que es adecuada para personas con un espacio de entrenamiento limitado. Su dise\u00f1o aerodin\u00e1mico maximiza la eficiencia del espacio sin comprometer la funcionalidad, garantizando una zona de entrenamiento optimizada y dedicada al entrenamiento eficaz de los isquiotibiales.<\/p>\n\n\n\n<h3 class=\"wp-block-heading\" style=\"margin-bottom:var(--wp--preset--spacing--h-3-bottom)\"><strong><strong><strong><strong><strong><strong><strong><strong><strong>ACABADO DURADERO<\/strong><\/strong><\/strong><\/strong><\/strong><\/strong><\/strong><\/strong><\/strong><\/h3>\n\n\n\n<p><strong><em><strong><strong><strong><strong><strong><strong><em><strong>Tecnolog\u00eda de pulverizaci\u00f3n electrost\u00e1tica de polvos termoestables<\/strong><\/em><\/strong><\/strong><\/strong><\/strong><\/strong><\/strong><\/em><\/strong><\/p>\n\n\n\n<p style=\"margin-bottom:var(--wp--preset--spacing--tb-section-padding)\">Nuestras m\u00e1quinas cuentan con tecnolog\u00eda de pulverizaci\u00f3n electrost\u00e1tica de polvo termoendurecible que garantiza un acabado duradero. Este revestimiento avanzado mantiene el atractivo visual del equipo a lo largo del tiempo.<\/p>\n<\/div>\n\n\n\n<div class=\"wp-block-column is-vertically-aligned-center is-layout-flow wp-block-column-is-layout-flow\">\n<figure class=\"wp-block-image size-full is-resized is-style-rounded\"><img loading=\"lazy\" decoding=\"async\" width=\"945\" height=\"945\" src=\"https:\/\/store.evolve-fitness.eu\/wp-content\/uploads\/2024\/05\/Dizainas-be-pavadinimo-42.png\" alt=\"\" class=\"wp-image-61882\" style=\"object-fit:cover;width:680px;height:600px\" srcset=\"https:\/\/store.evolve-fitness.eu\/wp-content\/uploads\/2024\/05\/Dizainas-be-pavadinimo-42.png 945w, https:\/\/store.evolve-fitness.eu\/wp-content\/uploads\/2024\/05\/Dizainas-be-pavadinimo-42-300x300.png 300w, https:\/\/store.evolve-fitness.eu\/wp-content\/uploads\/2024\/05\/Dizainas-be-pavadinimo-42-150x150.png 150w, https:\/\/store.evolve-fitness.eu\/wp-content\/uploads\/2024\/05\/Dizainas-be-pavadinimo-42-768x768.png 768w, https:\/\/store.evolve-fitness.eu\/wp-content\/uploads\/2024\/05\/Dizainas-be-pavadinimo-42-600x600.png 600w, https:\/\/store.evolve-fitness.eu\/wp-content\/uploads\/2024\/05\/Dizainas-be-pavadinimo-42-100x100.png 100w\" sizes=\"auto, (max-width: 945px) 100vw, 945px\" \/><\/figure>\n<\/div>\n<\/div>\n<\/section>\n<\/section>\n\n<p><\/p>\n","protected":false},"excerpt":{"rendered":"<p>Eleve su gimnasio con el Evolve Ultra Series Plate Loaded Hack Squat (UL-360), una fusi\u00f3n de calidad superior y rendimiento duradero. Fabricada con tapicer\u00eda de cuero PU de alta resistencia, esta m\u00e1quina ofrece una comodidad excepcional y un acabado elegante y duradero, garantizando lujo y longevidad en su viaje de fitness. Gracias a la tecnolog\u00eda de pulverizaci\u00f3n electrost\u00e1tica de polvo termoendurecible, la UL-360 garantiza un acabado duradero y visualmente atractivo. Su innovador dise\u00f1o incluye protectores de suelo duraderos para conservar el suelo del gimnasio y ganchos para guardar c\u00f3modamente los platos de pesas, lo que favorece un espacio de entrenamiento organizado. Con pernos y tuercas de acero inoxidable que refuerzan su estructura, este equipo promete una durabilidad sin concesiones. Ideal para los entusiastas del fitness que buscan una m\u00e1quina de sentadillas hack resistente y de primer nivel, la UL-360, con un peso de 291 kg, viene con una garant\u00eda de 2 a\u00f1os y caracter\u00edsticas t\u00e9cnicas como una gruesa tapicer\u00eda de cuero PU y un almacenamiento eficaz de los platos de pesas, lo que la convierte en una opci\u00f3n destacada para cualquier configuraci\u00f3n de gimnasio.<\/p>\n","protected":false},"featured_media":61930,"template":"","meta":{"_acf_changed":false,"inline_featured_image":false},"product_cat":[432,754,755],"product_tag":[],"class_list":{"0":"post-61738","1":"product","2":"type-product","3":"status-publish","4":"has-post-thumbnail","6":"product_cat-pagina-de-inicio","7":"product_cat-maquinas-de-carga-de-placas","8":"product_cat-ultra-series-placa-cargada","10":"first","11":"outofstock","12":"shipping-taxable","13":"purchasable","14":"product-type-simple"},"acf":[],"_links":{"self":[{"href":"https:\/\/store.evolve-fitness.eu\/es\/wp-json\/wp\/v2\/product\/61738","targetHints":{"allow":["GET"]}}],"collection":[{"href":"https:\/\/store.evolve-fitness.eu\/es\/wp-json\/wp\/v2\/product"}],"about":[{"href":"https:\/\/store.evolve-fitness.eu\/es\/wp-json\/wp\/v2\/types\/product"}],"wp:featuredmedia":[{"embeddable":true,"href":"https:\/\/store.evolve-fitness.eu\/es\/wp-json\/wp\/v2\/media\/61930"}],"wp:attachment":[{"href":"https:\/\/store.evolve-fitness.eu\/es\/wp-json\/wp\/v2\/media?parent=61738"}],"wp:term":[{"taxonomy":"product_cat","embeddable":true,"href":"https:\/\/store.evolve-fitness.eu\/es\/wp-json\/wp\/v2\/product_cat?post=61738"},{"taxonomy":"product_tag","embeddable":true,"href":"https:\/\/store.evolve-fitness.eu\/es\/wp-json\/wp\/v2\/product_tag?post=61738"}],"curies":[{"name":"wp","href":"https:\/\/api.w.org\/{rel}","templated":true}]}}