{"id":59992,"date":"2024-01-26T13:59:31","date_gmt":"2024-01-26T13:59:31","guid":{"rendered":"https:\/\/store.evolve-fitness.eu\/product\/evolve-accesorio-de-almacenamiento-de-mancuernas-verticales-simples-dobles-para-5-pares\/"},"modified":"2026-03-18T12:00:58","modified_gmt":"2026-03-18T12:00:58","slug":"evolve-accesorio-de-almacenamiento-de-mancuernas-verticales-simples-dobles-para-5-pares","status":"publish","type":"product","link":"https:\/\/store.evolve-fitness.eu\/es\/producto\/evolve-accesorio-de-almacenamiento-de-mancuernas-verticales-simples-dobles-para-5-pares\/","title":{"rendered":"Evolve Accesorio de almacenamiento de mancuernas verticales simples \/ dobles para 5 pares"},"content":{"rendered":"","protected":false},"excerpt":{"rendered":"<p>Maximice la eficiencia de su gimnasio con el accesorio de almacenamiento de mancuernas verticales simples \/ dobles Evolve, dise\u00f1ado para 5 pares. Esta soluci\u00f3n que ahorra espacio cambia las reglas del juego a la hora de guardar las mancuernas de forma organizada y accesible. El dise\u00f1o vertical no s\u00f3lo optimiza el espacio en el suelo, sino que tambi\u00e9n permite un acceso r\u00e1pido y f\u00e1cil a sus mancuernas. Fabricado para ofrecer durabilidad y facilidad de uso, este accesorio se integra perfectamente con la configuraci\u00f3n de su gimnasio Evolve. Mejore su experiencia de entrenamiento guardando sus mancuernas de forma ordenada y f\u00e1cilmente disponibles para su siguiente serie, haciendo que cada sesi\u00f3n sea fluida y eficiente. Mejore la organizaci\u00f3n de su gimnasio con el accesorio de almacenamiento de mancuernas verticales individuales\/dobles Evolve y experimente la comodidad de un espacio de entrenamiento libre de desorden.<\/p>\n","protected":false},"featured_media":59994,"template":"","meta":{"_acf_changed":false,"inline_featured_image":false},"product_cat":[432,574,648,674],"product_tag":[],"class_list":{"0":"post-59992","1":"product","2":"type-product","3":"status-publish","4":"has-post-thumbnail","6":"product_cat-pagina-de-inicio","7":"product_cat-transversal-y-funcional","8":"product_cat-componentes-de-la-plataforma","9":"product_cat-almacenamiento","11":"first","12":"instock","13":"shipping-taxable","14":"purchasable","15":"product-type-variable"},"acf":[],"_links":{"self":[{"href":"https:\/\/store.evolve-fitness.eu\/es\/wp-json\/wp\/v2\/product\/59992","targetHints":{"allow":["GET"]}}],"collection":[{"href":"https:\/\/store.evolve-fitness.eu\/es\/wp-json\/wp\/v2\/product"}],"about":[{"href":"https:\/\/store.evolve-fitness.eu\/es\/wp-json\/wp\/v2\/types\/product"}],"wp:featuredmedia":[{"embeddable":true,"href":"https:\/\/store.evolve-fitness.eu\/es\/wp-json\/wp\/v2\/media\/59994"}],"wp:attachment":[{"href":"https:\/\/store.evolve-fitness.eu\/es\/wp-json\/wp\/v2\/media?parent=59992"}],"wp:term":[{"taxonomy":"product_cat","embeddable":true,"href":"https:\/\/store.evolve-fitness.eu\/es\/wp-json\/wp\/v2\/product_cat?post=59992"},{"taxonomy":"product_tag","embeddable":true,"href":"https:\/\/store.evolve-fitness.eu\/es\/wp-json\/wp\/v2\/product_tag?post=59992"}],"curies":[{"name":"wp","href":"https:\/\/api.w.org\/{rel}","templated":true}]}}